{"id":770,"date":"2020-09-30T17:55:56","date_gmt":"2020-09-30T21:55:56","guid":{"rendered":"https:\/\/chapiteauexpress.com\/?page_id=770"},"modified":"2024-08-28T16:10:34","modified_gmt":"2024-08-28T20:10:34","slug":"gazebo-11x11-pop-up-avec-net","status":"publish","type":"page","link":"https:\/\/chapiteauexpress.com\/?page_id=770","title":{"rendered":"Gazebo 11X11 Pop-Up avec Net"},"content":{"rendered":"\t\t<div data-elementor-type=\"wp-page\" data-elementor-id=\"770\" class=\"elementor elementor-770\" data-elementor-settings=\"[]\">\n\t\t\t\t\t\t<div class=\"elementor-inner\">\n\t\t\t\t\t\t\t<div class=\"elementor-section-wrap\">\n\t\t\t\t\t\t\t<section class=\"elementor-section elementor-top-section elementor-element elementor-element-e595828 elementor-section-boxed elementor-section-height-default elementor-section-height-default\" data-id=\"e595828\" data-element_type=\"section\">\n\t\t\t\t\t\t<div class=\"elementor-container elementor-column-gap-default\">\n\t\t\t\t\t\t\t<div class=\"elementor-row\">\n\t\t\t\t\t<div class=\"elementor-column elementor-col-100 elementor-top-column elementor-element elementor-element-2db350af\" data-id=\"2db350af\" data-element_type=\"column\">\n\t\t\t<div class=\"elementor-column-wrap elementor-element-populated\">\n\t\t\t\t\t\t\t<div class=\"elementor-widget-wrap\">\n\t\t\t\t\t\t<div class=\"elementor-element elementor-element-383d9995 elementor-widget elementor-widget-heading\" data-id=\"383d9995\" data-element_type=\"widget\" data-widget_type=\"heading.default\">\n\t\t\t\t<div class=\"elementor-widget-container\">\n\t\t\t<h2 class=\"elementor-heading-title elementor-size-default\">Chapiteau 11X11 Pop-Up avec Net<\/h2>\t\t<\/div>\n\t\t\t\t<\/div>\n\t\t\t\t\t\t<\/div>\n\t\t\t\t\t<\/div>\n\t\t<\/div>\n\t\t\t\t\t\t\t\t<\/div>\n\t\t\t\t\t<\/div>\n\t\t<\/section>\n\t\t\t\t<section class=\"elementor-section elementor-top-section elementor-element elementor-element-aedf1ed elementor-section-boxed elementor-section-height-default elementor-section-height-default\" data-id=\"aedf1ed\" data-element_type=\"section\">\n\t\t\t\t\t\t<div class=\"elementor-container elementor-column-gap-default\">\n\t\t\t\t\t\t\t<div class=\"elementor-row\">\n\t\t\t\t\t<div class=\"elementor-column elementor-col-100 elementor-top-column elementor-element elementor-element-14dd160d\" data-id=\"14dd160d\" data-element_type=\"column\">\n\t\t\t<div class=\"elementor-column-wrap elementor-element-populated\">\n\t\t\t\t\t\t\t<div class=\"elementor-widget-wrap\">\n\t\t\t\t\t\t<div class=\"elementor-element elementor-element-33ed240a elementor-widget elementor-widget-text-editor\" data-id=\"33ed240a\" data-element_type=\"widget\" data-widget_type=\"text-editor.default\">\n\t\t\t\t<div class=\"elementor-widget-container\">\n\t\t\t\t\t<div class=\"elementor-text-editor elementor-clearfix\"><p>Prix : 320,00$<\/p><\/div>\n\t\t\t\t<\/div>\n\t\t\t\t<\/div>\n\t\t\t\t\t\t<\/div>\n\t\t\t\t\t<\/div>\n\t\t<\/div>\n\t\t\t\t\t\t\t\t<\/div>\n\t\t\t\t\t<\/div>\n\t\t<\/section>\n\t\t\t\t<section class=\"elementor-section elementor-top-section elementor-element elementor-element-3f49e8a elementor-section-boxed elementor-section-height-default elementor-section-height-default\" data-id=\"3f49e8a\" data-element_type=\"section\">\n\t\t\t\t\t\t<div class=\"elementor-container elementor-column-gap-default\">\n\t\t\t\t\t\t\t<div class=\"elementor-row\">\n\t\t\t\t\t<div class=\"elementor-column elementor-col-20 elementor-top-column elementor-element elementor-element-eb147cc\" data-id=\"eb147cc\" data-element_type=\"column\">\n\t\t\t<div class=\"elementor-column-wrap elementor-element-populated\">\n\t\t\t\t\t\t\t<div class=\"elementor-widget-wrap\">\n\t\t\t\t\t\t<div class=\"elementor-element elementor-element-e34f881 elementor-widget elementor-widget-image\" data-id=\"e34f881\" data-element_type=\"widget\" data-widget_type=\"image.default\">\n\t\t\t\t<div class=\"elementor-widget-container\">\n\t\t\t\t\t<div class=\"elementor-image\">\n\t\t\t\t\t\t\t\t\t\t\t<a href=\"https:\/\/chapiteauexpress.com\/wp-content\/uploads\/2020\/10\/11x11-GAZEBO-POP-UP-AVEC-NET-840-166-KAKI-1.jpg\" data-elementor-open-lightbox=\"yes\" data-elementor-lightbox-title=\"11x11 GAZEBO POP-UP AVEC NET 840-166 KAKI-1\">\n\t\t\t\t\t\t\t<img width=\"300\" height=\"300\" src=\"https:\/\/chapiteauexpress.com\/wp-content\/uploads\/2020\/10\/11x11-GAZEBO-POP-UP-AVEC-NET-840-166-KAKI-1-300x300.jpg\" class=\"elementor-animation-grow attachment-medium size-medium\" alt=\"\" loading=\"lazy\" srcset=\"https:\/\/chapiteauexpress.com\/wp-content\/uploads\/2020\/10\/11x11-GAZEBO-POP-UP-AVEC-NET-840-166-KAKI-1-300x300.jpg 300w, https:\/\/chapiteauexpress.com\/wp-content\/uploads\/2020\/10\/11x11-GAZEBO-POP-UP-AVEC-NET-840-166-KAKI-1-1024x1024.jpg 1024w, https:\/\/chapiteauexpress.com\/wp-content\/uploads\/2020\/10\/11x11-GAZEBO-POP-UP-AVEC-NET-840-166-KAKI-1-150x150.jpg 150w, https:\/\/chapiteauexpress.com\/wp-content\/uploads\/2020\/10\/11x11-GAZEBO-POP-UP-AVEC-NET-840-166-KAKI-1-768x768.jpg 768w, https:\/\/chapiteauexpress.com\/wp-content\/uploads\/2020\/10\/11x11-GAZEBO-POP-UP-AVEC-NET-840-166-KAKI-1-1536x1536.jpg 1536w, https:\/\/chapiteauexpress.com\/wp-content\/uploads\/2020\/10\/11x11-GAZEBO-POP-UP-AVEC-NET-840-166-KAKI-1.jpg 1600w\" sizes=\"(max-width: 300px) 100vw, 300px\" \/>\t\t\t\t\t\t\t\t<\/a>\n\t\t\t\t\t\t\t\t\t\t\t<\/div>\n\t\t\t\t<\/div>\n\t\t\t\t<\/div>\n\t\t\t\t\t\t<\/div>\n\t\t\t\t\t<\/div>\n\t\t<\/div>\n\t\t\t\t<div class=\"elementor-column elementor-col-20 elementor-top-column elementor-element elementor-element-88f4f6b\" data-id=\"88f4f6b\" data-element_type=\"column\">\n\t\t\t<div class=\"elementor-column-wrap elementor-element-populated\">\n\t\t\t\t\t\t\t<div class=\"elementor-widget-wrap\">\n\t\t\t\t\t\t<div class=\"elementor-element elementor-element-5ded5d1 elementor-widget elementor-widget-image\" data-id=\"5ded5d1\" data-element_type=\"widget\" data-widget_type=\"image.default\">\n\t\t\t\t<div class=\"elementor-widget-container\">\n\t\t\t\t\t<div class=\"elementor-image\">\n\t\t\t\t\t\t\t\t\t\t\t<a href=\"https:\/\/chapiteauexpress.com\/wp-content\/uploads\/2020\/09\/11X11-Net-Kaki-4.jpg\" data-elementor-open-lightbox=\"yes\" data-elementor-lightbox-title=\"Gazebo 11X11 Pop-Up Net Mesures\">\n\t\t\t\t\t\t\t<img width=\"300\" height=\"300\" src=\"https:\/\/chapiteauexpress.com\/wp-content\/uploads\/2020\/09\/11X11-Net-Kaki-4-300x300.jpg\" class=\"elementor-animation-grow attachment-medium size-medium\" alt=\"\" loading=\"lazy\" srcset=\"https:\/\/chapiteauexpress.com\/wp-content\/uploads\/2020\/09\/11X11-Net-Kaki-4-300x300.jpg 300w, https:\/\/chapiteauexpress.com\/wp-content\/uploads\/2020\/09\/11X11-Net-Kaki-4-1024x1024.jpg 1024w, https:\/\/chapiteauexpress.com\/wp-content\/uploads\/2020\/09\/11X11-Net-Kaki-4-150x150.jpg 150w, https:\/\/chapiteauexpress.com\/wp-content\/uploads\/2020\/09\/11X11-Net-Kaki-4-768x768.jpg 768w, https:\/\/chapiteauexpress.com\/wp-content\/uploads\/2020\/09\/11X11-Net-Kaki-4-1536x1536.jpg 1536w, https:\/\/chapiteauexpress.com\/wp-content\/uploads\/2020\/09\/11X11-Net-Kaki-4.jpg 1600w\" sizes=\"(max-width: 300px) 100vw, 300px\" \/>\t\t\t\t\t\t\t\t<\/a>\n\t\t\t\t\t\t\t\t\t\t\t<\/div>\n\t\t\t\t<\/div>\n\t\t\t\t<\/div>\n\t\t\t\t\t\t<\/div>\n\t\t\t\t\t<\/div>\n\t\t<\/div>\n\t\t\t\t<div class=\"elementor-column elementor-col-20 elementor-top-column elementor-element elementor-element-2ab3ba7\" data-id=\"2ab3ba7\" data-element_type=\"column\">\n\t\t\t<div class=\"elementor-column-wrap elementor-element-populated\">\n\t\t\t\t\t\t\t<div class=\"elementor-widget-wrap\">\n\t\t\t\t\t\t<div class=\"elementor-element elementor-element-5eb2e9c elementor-widget elementor-widget-image\" data-id=\"5eb2e9c\" data-element_type=\"widget\" data-widget_type=\"image.default\">\n\t\t\t\t<div class=\"elementor-widget-container\">\n\t\t\t\t\t<div class=\"elementor-image\">\n\t\t\t\t\t\t\t\t\t\t\t<a href=\"https:\/\/chapiteauexpress.com\/wp-content\/uploads\/2021\/02\/11x11-GAZEBO-POP-UP-AVEC-NET-840-166-KAKI-4.jpg\" data-elementor-open-lightbox=\"yes\" data-elementor-lightbox-title=\"11x11 GAZEBO POP-UP AVEC NET 840-166 KAKI-4\">\n\t\t\t\t\t\t\t<img width=\"300\" height=\"300\" src=\"https:\/\/chapiteauexpress.com\/wp-content\/uploads\/2021\/02\/11x11-GAZEBO-POP-UP-AVEC-NET-840-166-KAKI-4-300x300.jpg\" class=\"elementor-animation-grow attachment-medium size-medium\" alt=\"\" loading=\"lazy\" srcset=\"https:\/\/chapiteauexpress.com\/wp-content\/uploads\/2021\/02\/11x11-GAZEBO-POP-UP-AVEC-NET-840-166-KAKI-4-300x300.jpg 300w, https:\/\/chapiteauexpress.com\/wp-content\/uploads\/2021\/02\/11x11-GAZEBO-POP-UP-AVEC-NET-840-166-KAKI-4-1024x1024.jpg 1024w, https:\/\/chapiteauexpress.com\/wp-content\/uploads\/2021\/02\/11x11-GAZEBO-POP-UP-AVEC-NET-840-166-KAKI-4-150x150.jpg 150w, https:\/\/chapiteauexpress.com\/wp-content\/uploads\/2021\/02\/11x11-GAZEBO-POP-UP-AVEC-NET-840-166-KAKI-4-768x768.jpg 768w, https:\/\/chapiteauexpress.com\/wp-content\/uploads\/2021\/02\/11x11-GAZEBO-POP-UP-AVEC-NET-840-166-KAKI-4-1536x1536.jpg 1536w, https:\/\/chapiteauexpress.com\/wp-content\/uploads\/2021\/02\/11x11-GAZEBO-POP-UP-AVEC-NET-840-166-KAKI-4.jpg 1600w\" sizes=\"(max-width: 300px) 100vw, 300px\" \/>\t\t\t\t\t\t\t\t<\/a>\n\t\t\t\t\t\t\t\t\t\t\t<\/div>\n\t\t\t\t<\/div>\n\t\t\t\t<\/div>\n\t\t\t\t\t\t<\/div>\n\t\t\t\t\t<\/div>\n\t\t<\/div>\n\t\t\t\t<div class=\"elementor-column elementor-col-20 elementor-top-column elementor-element elementor-element-c550773\" data-id=\"c550773\" data-element_type=\"column\">\n\t\t\t<div class=\"elementor-column-wrap elementor-element-populated\">\n\t\t\t\t\t\t\t<div class=\"elementor-widget-wrap\">\n\t\t\t\t\t\t<div class=\"elementor-element elementor-element-a2fcf3e elementor-widget elementor-widget-image\" data-id=\"a2fcf3e\" data-element_type=\"widget\" data-widget_type=\"image.default\">\n\t\t\t\t<div class=\"elementor-widget-container\">\n\t\t\t\t\t<div class=\"elementor-image\">\n\t\t\t\t\t\t\t\t\t\t\t<a href=\"https:\/\/chapiteauexpress.com\/wp-content\/uploads\/2021\/02\/11x11-GAZEBO-POP-UP-AVEC-NET-840-166-KAKI-8.jpg\" data-elementor-open-lightbox=\"yes\" data-elementor-lightbox-title=\"11x11 GAZEBO POP-UP AVEC NET 840-166 KAKI-8\">\n\t\t\t\t\t\t\t<img width=\"300\" height=\"300\" src=\"https:\/\/chapiteauexpress.com\/wp-content\/uploads\/2021\/02\/11x11-GAZEBO-POP-UP-AVEC-NET-840-166-KAKI-8-300x300.jpg\" class=\"elementor-animation-grow attachment-medium size-medium\" alt=\"\" loading=\"lazy\" srcset=\"https:\/\/chapiteauexpress.com\/wp-content\/uploads\/2021\/02\/11x11-GAZEBO-POP-UP-AVEC-NET-840-166-KAKI-8-300x300.jpg 300w, https:\/\/chapiteauexpress.com\/wp-content\/uploads\/2021\/02\/11x11-GAZEBO-POP-UP-AVEC-NET-840-166-KAKI-8-1024x1024.jpg 1024w, https:\/\/chapiteauexpress.com\/wp-content\/uploads\/2021\/02\/11x11-GAZEBO-POP-UP-AVEC-NET-840-166-KAKI-8-150x150.jpg 150w, https:\/\/chapiteauexpress.com\/wp-content\/uploads\/2021\/02\/11x11-GAZEBO-POP-UP-AVEC-NET-840-166-KAKI-8-768x768.jpg 768w, https:\/\/chapiteauexpress.com\/wp-content\/uploads\/2021\/02\/11x11-GAZEBO-POP-UP-AVEC-NET-840-166-KAKI-8-1536x1536.jpg 1536w, https:\/\/chapiteauexpress.com\/wp-content\/uploads\/2021\/02\/11x11-GAZEBO-POP-UP-AVEC-NET-840-166-KAKI-8.jpg 1600w\" sizes=\"(max-width: 300px) 100vw, 300px\" \/>\t\t\t\t\t\t\t\t<\/a>\n\t\t\t\t\t\t\t\t\t\t\t<\/div>\n\t\t\t\t<\/div>\n\t\t\t\t<\/div>\n\t\t\t\t\t\t<\/div>\n\t\t\t\t\t<\/div>\n\t\t<\/div>\n\t\t\t\t<div class=\"elementor-column elementor-col-20 elementor-top-column elementor-element elementor-element-d38a5f6\" data-id=\"d38a5f6\" data-element_type=\"column\">\n\t\t\t<div class=\"elementor-column-wrap elementor-element-populated\">\n\t\t\t\t\t\t\t<div class=\"elementor-widget-wrap\">\n\t\t\t\t\t\t<div class=\"elementor-element elementor-element-46a7df5 elementor-widget elementor-widget-image\" data-id=\"46a7df5\" data-element_type=\"widget\" data-widget_type=\"image.default\">\n\t\t\t\t<div class=\"elementor-widget-container\">\n\t\t\t\t\t<div class=\"elementor-image\">\n\t\t\t\t\t\t\t\t\t\t\t<a href=\"https:\/\/chapiteauexpress.com\/wp-content\/uploads\/2021\/02\/11x11-GAZEBO-POP-UP-AVEC-NET-840-166-KAKI-7.jpg\" data-elementor-open-lightbox=\"yes\" data-elementor-lightbox-title=\"11x11 GAZEBO POP-UP AVEC NET 840-166 KAKI-7\">\n\t\t\t\t\t\t\t<img width=\"300\" height=\"300\" src=\"https:\/\/chapiteauexpress.com\/wp-content\/uploads\/2021\/02\/11x11-GAZEBO-POP-UP-AVEC-NET-840-166-KAKI-7-300x300.jpg\" class=\"elementor-animation-grow attachment-medium size-medium\" alt=\"\" loading=\"lazy\" srcset=\"https:\/\/chapiteauexpress.com\/wp-content\/uploads\/2021\/02\/11x11-GAZEBO-POP-UP-AVEC-NET-840-166-KAKI-7-300x300.jpg 300w, https:\/\/chapiteauexpress.com\/wp-content\/uploads\/2021\/02\/11x11-GAZEBO-POP-UP-AVEC-NET-840-166-KAKI-7-1024x1024.jpg 1024w, https:\/\/chapiteauexpress.com\/wp-content\/uploads\/2021\/02\/11x11-GAZEBO-POP-UP-AVEC-NET-840-166-KAKI-7-150x150.jpg 150w, https:\/\/chapiteauexpress.com\/wp-content\/uploads\/2021\/02\/11x11-GAZEBO-POP-UP-AVEC-NET-840-166-KAKI-7-768x768.jpg 768w, https:\/\/chapiteauexpress.com\/wp-content\/uploads\/2021\/02\/11x11-GAZEBO-POP-UP-AVEC-NET-840-166-KAKI-7-1536x1536.jpg 1536w, https:\/\/chapiteauexpress.com\/wp-content\/uploads\/2021\/02\/11x11-GAZEBO-POP-UP-AVEC-NET-840-166-KAKI-7.jpg 1600w\" sizes=\"(max-width: 300px) 100vw, 300px\" \/>\t\t\t\t\t\t\t\t<\/a>\n\t\t\t\t\t\t\t\t\t\t\t<\/div>\n\t\t\t\t<\/div>\n\t\t\t\t<\/div>\n\t\t\t\t\t\t<\/div>\n\t\t\t\t\t<\/div>\n\t\t<\/div>\n\t\t\t\t\t\t\t\t<\/div>\n\t\t\t\t\t<\/div>\n\t\t<\/section>\n\t\t\t\t<section class=\"elementor-section elementor-top-section elementor-element elementor-element-26f8cba3 elementor-section-boxed elementor-section-height-default elementor-section-height-default\" data-id=\"26f8cba3\" data-element_type=\"section\">\n\t\t\t\t\t\t<div class=\"elementor-container elementor-column-gap-default\">\n\t\t\t\t\t\t\t<div class=\"elementor-row\">\n\t\t\t\t\t<div class=\"elementor-column elementor-col-100 elementor-top-column elementor-element elementor-element-2d00c362\" data-id=\"2d00c362\" data-element_type=\"column\">\n\t\t\t<div class=\"elementor-column-wrap elementor-element-populated\">\n\t\t\t\t\t\t\t<div class=\"elementor-widget-wrap\">\n\t\t\t\t\t\t<div class=\"elementor-element elementor-element-17fd2c24 elementor-widget elementor-widget-heading\" data-id=\"17fd2c24\" data-element_type=\"widget\" data-widget_type=\"heading.default\">\n\t\t\t\t<div class=\"elementor-widget-container\">\n\t\t\t<h3 class=\"elementor-heading-title elementor-size-default\">Caract\u00e9ristiques<\/h3>\t\t<\/div>\n\t\t\t\t<\/div>\n\t\t\t\t\t\t<\/div>\n\t\t\t\t\t<\/div>\n\t\t<\/div>\n\t\t\t\t\t\t\t\t<\/div>\n\t\t\t\t\t<\/div>\n\t\t<\/section>\n\t\t\t\t<section class=\"elementor-section elementor-top-section elementor-element elementor-element-5a95a783 elementor-section-boxed elementor-section-height-default elementor-section-height-default\" data-id=\"5a95a783\" data-element_type=\"section\">\n\t\t\t\t\t\t<div class=\"elementor-container elementor-column-gap-default\">\n\t\t\t\t\t\t\t<div class=\"elementor-row\">\n\t\t\t\t\t<div class=\"elementor-column elementor-col-100 elementor-top-column elementor-element elementor-element-316dc035\" data-id=\"316dc035\" data-element_type=\"column\">\n\t\t\t<div class=\"elementor-column-wrap elementor-element-populated\">\n\t\t\t\t\t\t\t<div class=\"elementor-widget-wrap\">\n\t\t\t\t\t\t<div class=\"elementor-element elementor-element-63c1a2dc elementor-widget elementor-widget-text-editor\" data-id=\"63c1a2dc\" data-element_type=\"widget\" data-widget_type=\"text-editor.default\">\n\t\t\t\t<div class=\"elementor-widget-container\">\n\t\t\t\t\t<div class=\"elementor-text-editor elementor-clearfix\"><ul><li>10,6 x 10,6 pieds offre un large \u00e9ventail d&rsquo;espace pour les repas et les \u00e9v\u00e9nements en plein air<\/li><li>Parfait pour ajouter de l&rsquo;ombre et de la protection lors des f\u00eates en plein air<\/li><li>Ventil\u00e9 \u00e0 deux niveaux ce qui permet une stabilit\u00e9 suppl\u00e9mentaire contre le vent et assure une bonne circulation de l&rsquo;air<\/li><li>La moustiquaire \u00e0 4 c\u00f4t\u00e9s prot\u00e8ge contre les piq\u00fbres d&rsquo;insectes et emp\u00eache les insectes et les parasites ind\u00e9sirables d&rsquo;entrer<\/li><li>Le cadre en acier durable avec rev\u00eatement en poudre prot\u00e8ge contre la corrosion par pelage et les fissures<\/li><li>Auvent r\u00e9sistant \u00e0 l&rsquo;eau et aux UV avec rev\u00eatement PA pour une ombre durable et une protection contre la pluie et le soleil<\/li><li>Facile \u00e0 installer en quelques minutes, d\u00e9pliez simplement le cadre et installez avec les sangles d&rsquo;angle<\/li><li>L&rsquo;auvent a 4 \u0153illets pour l&rsquo;\u00e9vacuation de l&rsquo;eau<\/li><li>4 cordes et 8 piquets au sol sont inclus pour une stabilit\u00e9 accrue<\/li><\/ul><\/div>\n\t\t\t\t<\/div>\n\t\t\t\t<\/div>\n\t\t\t\t\t\t<\/div>\n\t\t\t\t\t<\/div>\n\t\t<\/div>\n\t\t\t\t\t\t\t\t<\/div>\n\t\t\t\t\t<\/div>\n\t\t<\/section>\n\t\t\t\t<section class=\"elementor-section elementor-top-section elementor-element elementor-element-3ee087da elementor-section-boxed elementor-section-height-default elementor-section-height-default\" data-id=\"3ee087da\" data-element_type=\"section\">\n\t\t\t\t\t\t<div class=\"elementor-container elementor-column-gap-default\">\n\t\t\t\t\t\t\t<div class=\"elementor-row\">\n\t\t\t\t\t<div class=\"elementor-column elementor-col-100 elementor-top-column elementor-element elementor-element-65c40286\" data-id=\"65c40286\" data-element_type=\"column\">\n\t\t\t<div class=\"elementor-column-wrap elementor-element-populated\">\n\t\t\t\t\t\t\t<div class=\"elementor-widget-wrap\">\n\t\t\t\t\t\t<div class=\"elementor-element elementor-element-92a9f92 elementor-widget elementor-widget-heading\" data-id=\"92a9f92\" data-element_type=\"widget\" data-widget_type=\"heading.default\">\n\t\t\t\t<div class=\"elementor-widget-container\">\n\t\t\t<h3 class=\"elementor-heading-title elementor-size-default\">Sp\u00e9cifications<\/h3>\t\t<\/div>\n\t\t\t\t<\/div>\n\t\t\t\t\t\t<\/div>\n\t\t\t\t\t<\/div>\n\t\t<\/div>\n\t\t\t\t\t\t\t\t<\/div>\n\t\t\t\t\t<\/div>\n\t\t<\/section>\n\t\t\t\t<section class=\"elementor-section elementor-top-section elementor-element elementor-element-66f66b0e elementor-section-boxed elementor-section-height-default elementor-section-height-default\" data-id=\"66f66b0e\" data-element_type=\"section\">\n\t\t\t\t\t\t<div class=\"elementor-container elementor-column-gap-default\">\n\t\t\t\t\t\t\t<div class=\"elementor-row\">\n\t\t\t\t\t<div class=\"elementor-column elementor-col-100 elementor-top-column elementor-element elementor-element-68ea8\" data-id=\"68ea8\" data-element_type=\"column\">\n\t\t\t<div class=\"elementor-column-wrap elementor-element-populated\">\n\t\t\t\t\t\t\t<div class=\"elementor-widget-wrap\">\n\t\t\t\t\t\t<div class=\"elementor-element elementor-element-606e6fd6 elementor-widget elementor-widget-text-editor\" data-id=\"606e6fd6\" data-element_type=\"widget\" data-widget_type=\"text-editor.default\">\n\t\t\t\t<div class=\"elementor-widget-container\">\n\t\t\t\t\t<div class=\"elementor-text-editor elementor-clearfix\"><ul><li>Mat\u00e9riau: auvent en polyester \u00e0 cadre en acier<\/li><li>Poids net: 35,2 lb<\/li><li>Taille globale: 10,6 x 10,6 pieds<\/li><li>Hauteur de l&rsquo;avant-toit: 5,9 pieds<\/li><li>Hauteur du haut: 9,7 pieds<\/li><\/ul><\/div>\n\t\t\t\t<\/div>\n\t\t\t\t<\/div>\n\t\t\t\t\t\t<\/div>\n\t\t\t\t\t<\/div>\n\t\t<\/div>\n\t\t\t\t\t\t\t\t<\/div>\n\t\t\t\t\t<\/div>\n\t\t<\/section>\n\t\t\t\t<section class=\"elementor-section elementor-top-section elementor-element elementor-element-4ae85713 elementor-section-boxed elementor-section-height-default elementor-section-height-default\" data-id=\"4ae85713\" data-element_type=\"section\">\n\t\t\t\t\t\t<div class=\"elementor-container elementor-column-gap-default\">\n\t\t\t\t\t\t\t<div class=\"elementor-row\">\n\t\t\t\t\t<div class=\"elementor-column elementor-col-100 elementor-top-column elementor-element elementor-element-59295500\" data-id=\"59295500\" data-element_type=\"column\">\n\t\t\t<div class=\"elementor-column-wrap elementor-element-populated\">\n\t\t\t\t\t\t\t<div class=\"elementor-widget-wrap\">\n\t\t\t\t\t\t<div class=\"elementor-element elementor-element-25444c87 elementor-widget elementor-widget-text-editor\" data-id=\"25444c87\" data-element_type=\"widget\" data-widget_type=\"text-editor.default\">\n\t\t\t\t<div class=\"elementor-widget-container\">\n\t\t\t\t\t<div class=\"elementor-text-editor elementor-clearfix\"><p><strong>Remarque: veuillez vous assurer que l&rsquo;article est correctement install\u00e9 et fermement ancr\u00e9 pour une efficacit\u00e9 maximale.<\/strong><\/p><\/div>\n\t\t\t\t<\/div>\n\t\t\t\t<\/div>\n\t\t\t\t\t\t<\/div>\n\t\t\t\t\t<\/div>\n\t\t<\/div>\n\t\t\t\t\t\t\t\t<\/div>\n\t\t\t\t\t<\/div>\n\t\t<\/section>\n\t\t\t\t<section class=\"elementor-section elementor-top-section elementor-element elementor-element-748b2bea elementor-section-boxed elementor-section-height-default elementor-section-height-default\" data-id=\"748b2bea\" data-element_type=\"section\">\n\t\t\t\t\t\t<div class=\"elementor-container elementor-column-gap-default\">\n\t\t\t\t\t\t\t<div class=\"elementor-row\">\n\t\t\t\t\t<div class=\"elementor-column elementor-col-100 elementor-top-column elementor-element elementor-element-67a348a9\" data-id=\"67a348a9\" data-element_type=\"column\">\n\t\t\t<div class=\"elementor-column-wrap elementor-element-populated\">\n\t\t\t\t\t\t\t<div class=\"elementor-widget-wrap\">\n\t\t\t\t\t\t<div class=\"elementor-element elementor-element-6d8aa407 elementor-widget elementor-widget-text-editor\" data-id=\"6d8aa407\" data-element_type=\"widget\" data-widget_type=\"text-editor.default\">\n\t\t\t\t<div class=\"elementor-widget-container\">\n\t\t\t\t\t<div class=\"elementor-text-editor elementor-clearfix\"><p>Chapiteau Express n&rsquo;est pas responsable de tous dommages caus\u00e9s si le chapiteau est laiss\u00e9 expos\u00e9 \u00e0 des conditions m\u00e9t\u00e9orologiques inad\u00e9quates (pluie, neige ou \u00e0 des vents extr\u00eames). Vente finale, pas de garantie, retour ou \u00e9change. Nous vous remercions de votre confiance.<\/p><\/div>\n\t\t\t\t<\/div>\n\t\t\t\t<\/div>\n\t\t\t\t\t\t<\/div>\n\t\t\t\t\t<\/div>\n\t\t<\/div>\n\t\t\t\t\t\t\t\t<\/div>\n\t\t\t\t\t<\/div>\n\t\t<\/section>\n\t\t\t\t<section class=\"elementor-section elementor-top-section elementor-element elementor-element-22d969ab elementor-section-boxed elementor-section-height-default elementor-section-height-default\" data-id=\"22d969ab\" data-element_type=\"section\">\n\t\t\t\t\t\t<div class=\"elementor-container elementor-column-gap-default\">\n\t\t\t\t\t\t\t<div class=\"elementor-row\">\n\t\t\t\t\t<div class=\"elementor-column elementor-col-100 elementor-top-column elementor-element elementor-element-790e9a5c\" data-id=\"790e9a5c\" data-element_type=\"column\">\n\t\t\t<div class=\"elementor-column-wrap elementor-element-populated\">\n\t\t\t\t\t\t\t<div class=\"elementor-widget-wrap\">\n\t\t\t\t\t\t<div class=\"elementor-element elementor-element-78123a2c elementor-widget elementor-widget-spacer\" data-id=\"78123a2c\" data-element_type=\"widget\" data-widget_type=\"spacer.default\">\n\t\t\t\t<div class=\"elementor-widget-container\">\n\t\t\t\t\t<div class=\"elementor-spacer\">\n\t\t\t<div class=\"elementor-spacer-inner\"><\/div>\n\t\t<\/div>\n\t\t\t\t<\/div>\n\t\t\t\t<\/div>\n\t\t\t\t\t\t<\/div>\n\t\t\t\t\t<\/div>\n\t\t<\/div>\n\t\t\t\t\t\t\t\t<\/div>\n\t\t\t\t\t<\/div>\n\t\t<\/section>\n\t\t\t\t\t\t<\/div>\n\t\t\t\t\t\t<\/div>\n\t\t\t\t\t<\/div>\n\t\t","protected":false},"excerpt":{"rendered":"<p>Chapiteau 11X11 Pop-Up avec Net Prix : 320,00$ Caract\u00e9ristiques 10,6 x 10,6 pieds offre un large \u00e9ventail d&rsquo;espace pour les repas et les \u00e9v\u00e9nements en plein air Parfait pour ajouter de l&rsquo;ombre et de la&hellip;<\/p>\n","protected":false},"author":1,"featured_media":0,"parent":447,"menu_order":0,"comment_status":"closed","ping_status":"closed","template":"template-parts\/template-page-builders.php","meta":[],"_links":{"self":[{"href":"https:\/\/chapiteauexpress.com\/index.php?rest_route=\/wp\/v2\/pages\/770"}],"collection":[{"href":"https:\/\/chapiteauexpress.com\/index.php?rest_route=\/wp\/v2\/pages"}],"about":[{"href":"https:\/\/chapiteauexpress.com\/index.php?rest_route=\/wp\/v2\/types\/page"}],"author":[{"embeddable":true,"href":"https:\/\/chapiteauexpress.com\/index.php?rest_route=\/wp\/v2\/users\/1"}],"replies":[{"embeddable":true,"href":"https:\/\/chapiteauexpress.com\/index.php?rest_route=%2Fwp%2Fv2%2Fcomments&post=770"}],"version-history":[{"count":11,"href":"https:\/\/chapiteauexpress.com\/index.php?rest_route=\/wp\/v2\/pages\/770\/revisions"}],"predecessor-version":[{"id":2408,"href":"https:\/\/chapiteauexpress.com\/index.php?rest_route=\/wp\/v2\/pages\/770\/revisions\/2408"}],"up":[{"embeddable":true,"href":"https:\/\/chapiteauexpress.com\/index.php?rest_route=\/wp\/v2\/pages\/447"}],"wp:attachment":[{"href":"https:\/\/chapiteauexpress.com\/index.php?rest_route=%2Fwp%2Fv2%2Fmedia&parent=770"}],"curies":[{"name":"wp","href":"https:\/\/api.w.org\/{rel}","templated":true}]}}