{"id":761,"date":"2020-09-30T17:46:24","date_gmt":"2020-09-30T21:46:24","guid":{"rendered":"https:\/\/chapiteauexpress.com\/?page_id=761"},"modified":"2025-05-24T20:16:57","modified_gmt":"2025-05-25T00:16:57","slug":"chapiteau-10x20-pop-up-ouvert-blanc","status":"publish","type":"page","link":"https:\/\/chapiteauexpress.com\/?page_id=761","title":{"rendered":"Chapiteau 10X20 Pop-Up Ouvert Blanc"},"content":{"rendered":"\t\t<div data-elementor-type=\"wp-page\" data-elementor-id=\"761\" class=\"elementor elementor-761\" data-elementor-settings=\"[]\">\n\t\t\t\t\t\t<div class=\"elementor-inner\">\n\t\t\t\t\t\t\t<div class=\"elementor-section-wrap\">\n\t\t\t\t\t\t\t<section class=\"elementor-section elementor-top-section elementor-element elementor-element-840c557 elementor-section-boxed elementor-section-height-default elementor-section-height-default\" data-id=\"840c557\" data-element_type=\"section\">\n\t\t\t\t\t\t<div class=\"elementor-container elementor-column-gap-default\">\n\t\t\t\t\t\t\t<div class=\"elementor-row\">\n\t\t\t\t\t<div class=\"elementor-column elementor-col-100 elementor-top-column elementor-element elementor-element-4bae59aa\" data-id=\"4bae59aa\" data-element_type=\"column\">\n\t\t\t<div class=\"elementor-column-wrap elementor-element-populated\">\n\t\t\t\t\t\t\t<div class=\"elementor-widget-wrap\">\n\t\t\t\t\t\t<div class=\"elementor-element elementor-element-19fbf009 elementor-widget elementor-widget-heading\" data-id=\"19fbf009\" data-element_type=\"widget\" data-widget_type=\"heading.default\">\n\t\t\t\t<div class=\"elementor-widget-container\">\n\t\t\t<h2 class=\"elementor-heading-title elementor-size-default\">Chapiteau 10X20 Standard avec Moustiquaires Blanc<\/h2>\t\t<\/div>\n\t\t\t\t<\/div>\n\t\t\t\t\t\t<\/div>\n\t\t\t\t\t<\/div>\n\t\t<\/div>\n\t\t\t\t\t\t\t\t<\/div>\n\t\t\t\t\t<\/div>\n\t\t<\/section>\n\t\t\t\t<section class=\"elementor-section elementor-top-section elementor-element elementor-element-6eded155 elementor-section-boxed elementor-section-height-default elementor-section-height-default\" data-id=\"6eded155\" data-element_type=\"section\">\n\t\t\t\t\t\t<div class=\"elementor-container elementor-column-gap-default\">\n\t\t\t\t\t\t\t<div class=\"elementor-row\">\n\t\t\t\t\t<div class=\"elementor-column elementor-col-100 elementor-top-column elementor-element elementor-element-2d5cd55f\" data-id=\"2d5cd55f\" data-element_type=\"column\">\n\t\t\t<div class=\"elementor-column-wrap elementor-element-populated\">\n\t\t\t\t\t\t\t<div class=\"elementor-widget-wrap\">\n\t\t\t\t\t\t<div class=\"elementor-element elementor-element-6b2f06c2 elementor-widget elementor-widget-text-editor\" data-id=\"6b2f06c2\" data-element_type=\"widget\" data-widget_type=\"text-editor.default\">\n\t\t\t\t<div class=\"elementor-widget-container\">\n\t\t\t\t\t<div class=\"elementor-text-editor elementor-clearfix\"><p>Prix : 250,00$<\/p><\/div>\n\t\t\t\t<\/div>\n\t\t\t\t<\/div>\n\t\t\t\t\t\t<\/div>\n\t\t\t\t\t<\/div>\n\t\t<\/div>\n\t\t\t\t\t\t\t\t<\/div>\n\t\t\t\t\t<\/div>\n\t\t<\/section>\n\t\t\t\t<section class=\"elementor-section elementor-top-section elementor-element elementor-element-593e5c0 elementor-section-boxed elementor-section-height-default elementor-section-height-default\" data-id=\"593e5c0\" data-element_type=\"section\">\n\t\t\t\t\t\t<div class=\"elementor-container elementor-column-gap-default\">\n\t\t\t\t\t\t\t<div class=\"elementor-row\">\n\t\t\t\t\t<div class=\"elementor-column elementor-col-20 elementor-top-column elementor-element elementor-element-3d5e1ba\" data-id=\"3d5e1ba\" data-element_type=\"column\">\n\t\t\t<div class=\"elementor-column-wrap elementor-element-populated\">\n\t\t\t\t\t\t\t<div class=\"elementor-widget-wrap\">\n\t\t\t\t\t\t<div class=\"elementor-element elementor-element-683fc44 elementor-widget elementor-widget-image\" data-id=\"683fc44\" data-element_type=\"widget\" data-widget_type=\"image.default\">\n\t\t\t\t<div class=\"elementor-widget-container\">\n\t\t\t\t\t<div class=\"elementor-image\">\n\t\t\t\t\t\t\t\t\t\t\t<a href=\"https:\/\/chapiteauexpress.com\/wp-content\/uploads\/2023\/08\/10x20-STANDARD-MOUSTIQUAIRES-84C-023V01WT-1.jpg\" data-elementor-open-lightbox=\"yes\" data-elementor-lightbox-title=\"10x20 STANDARD MOUSTIQUAIRES - 84C-023V01WT - 1\">\n\t\t\t\t\t\t\t<img width=\"300\" height=\"300\" src=\"https:\/\/chapiteauexpress.com\/wp-content\/uploads\/2023\/08\/10x20-STANDARD-MOUSTIQUAIRES-84C-023V01WT-1-300x300.jpg\" class=\"attachment-medium size-medium\" alt=\"\" loading=\"lazy\" srcset=\"https:\/\/chapiteauexpress.com\/wp-content\/uploads\/2023\/08\/10x20-STANDARD-MOUSTIQUAIRES-84C-023V01WT-1-300x300.jpg 300w, https:\/\/chapiteauexpress.com\/wp-content\/uploads\/2023\/08\/10x20-STANDARD-MOUSTIQUAIRES-84C-023V01WT-1-150x150.jpg 150w, https:\/\/chapiteauexpress.com\/wp-content\/uploads\/2023\/08\/10x20-STANDARD-MOUSTIQUAIRES-84C-023V01WT-1-768x768.jpg 768w, https:\/\/chapiteauexpress.com\/wp-content\/uploads\/2023\/08\/10x20-STANDARD-MOUSTIQUAIRES-84C-023V01WT-1.jpg 800w\" sizes=\"(max-width: 300px) 100vw, 300px\" \/>\t\t\t\t\t\t\t\t<\/a>\n\t\t\t\t\t\t\t\t\t\t\t<\/div>\n\t\t\t\t<\/div>\n\t\t\t\t<\/div>\n\t\t\t\t\t\t<\/div>\n\t\t\t\t\t<\/div>\n\t\t<\/div>\n\t\t\t\t<div class=\"elementor-column elementor-col-20 elementor-top-column elementor-element elementor-element-56025e6\" data-id=\"56025e6\" data-element_type=\"column\">\n\t\t\t<div class=\"elementor-column-wrap elementor-element-populated\">\n\t\t\t\t\t\t\t<div class=\"elementor-widget-wrap\">\n\t\t\t\t\t\t<div class=\"elementor-element elementor-element-def19d9 elementor-widget elementor-widget-image\" data-id=\"def19d9\" data-element_type=\"widget\" data-widget_type=\"image.default\">\n\t\t\t\t<div class=\"elementor-widget-container\">\n\t\t\t\t\t<div class=\"elementor-image\">\n\t\t\t\t\t\t\t\t\t\t\t<a href=\"https:\/\/chapiteauexpress.com\/wp-content\/uploads\/2023\/08\/10x20-STANDARD-MOUSTIQUAIRES-84C-023V01WT-3.jpg\" data-elementor-open-lightbox=\"yes\" data-elementor-lightbox-title=\"10x20 STANDARD MOUSTIQUAIRES - 84C-023V01WT - 3\">\n\t\t\t\t\t\t\t<img width=\"300\" height=\"300\" src=\"https:\/\/chapiteauexpress.com\/wp-content\/uploads\/2023\/08\/10x20-STANDARD-MOUSTIQUAIRES-84C-023V01WT-3-300x300.jpg\" class=\"attachment-medium size-medium\" alt=\"\" loading=\"lazy\" srcset=\"https:\/\/chapiteauexpress.com\/wp-content\/uploads\/2023\/08\/10x20-STANDARD-MOUSTIQUAIRES-84C-023V01WT-3-300x300.jpg 300w, https:\/\/chapiteauexpress.com\/wp-content\/uploads\/2023\/08\/10x20-STANDARD-MOUSTIQUAIRES-84C-023V01WT-3-150x150.jpg 150w, https:\/\/chapiteauexpress.com\/wp-content\/uploads\/2023\/08\/10x20-STANDARD-MOUSTIQUAIRES-84C-023V01WT-3-768x768.jpg 768w, https:\/\/chapiteauexpress.com\/wp-content\/uploads\/2023\/08\/10x20-STANDARD-MOUSTIQUAIRES-84C-023V01WT-3.jpg 800w\" sizes=\"(max-width: 300px) 100vw, 300px\" \/>\t\t\t\t\t\t\t\t<\/a>\n\t\t\t\t\t\t\t\t\t\t\t<\/div>\n\t\t\t\t<\/div>\n\t\t\t\t<\/div>\n\t\t\t\t\t\t<\/div>\n\t\t\t\t\t<\/div>\n\t\t<\/div>\n\t\t\t\t<div class=\"elementor-column elementor-col-20 elementor-top-column elementor-element elementor-element-7a916c9\" data-id=\"7a916c9\" data-element_type=\"column\">\n\t\t\t<div class=\"elementor-column-wrap elementor-element-populated\">\n\t\t\t\t\t\t\t<div class=\"elementor-widget-wrap\">\n\t\t\t\t\t\t<div class=\"elementor-element elementor-element-21ff8f2 elementor-widget elementor-widget-image\" data-id=\"21ff8f2\" data-element_type=\"widget\" data-widget_type=\"image.default\">\n\t\t\t\t<div class=\"elementor-widget-container\">\n\t\t\t\t\t<div class=\"elementor-image\">\n\t\t\t\t\t\t\t\t\t\t\t<a href=\"https:\/\/chapiteauexpress.com\/wp-content\/uploads\/2023\/08\/10x20-STANDARD-MOUSTIQUAIRES-84C-023V01WT-2.jpg\" data-elementor-open-lightbox=\"yes\" data-elementor-lightbox-title=\"10x20 STANDARD MOUSTIQUAIRES - 84C-023V01WT - 2\">\n\t\t\t\t\t\t\t<img width=\"300\" height=\"300\" src=\"https:\/\/chapiteauexpress.com\/wp-content\/uploads\/2023\/08\/10x20-STANDARD-MOUSTIQUAIRES-84C-023V01WT-2-300x300.jpg\" class=\"attachment-medium size-medium\" alt=\"\" loading=\"lazy\" srcset=\"https:\/\/chapiteauexpress.com\/wp-content\/uploads\/2023\/08\/10x20-STANDARD-MOUSTIQUAIRES-84C-023V01WT-2-300x300.jpg 300w, https:\/\/chapiteauexpress.com\/wp-content\/uploads\/2023\/08\/10x20-STANDARD-MOUSTIQUAIRES-84C-023V01WT-2-150x150.jpg 150w, https:\/\/chapiteauexpress.com\/wp-content\/uploads\/2023\/08\/10x20-STANDARD-MOUSTIQUAIRES-84C-023V01WT-2-768x768.jpg 768w, https:\/\/chapiteauexpress.com\/wp-content\/uploads\/2023\/08\/10x20-STANDARD-MOUSTIQUAIRES-84C-023V01WT-2.jpg 800w\" sizes=\"(max-width: 300px) 100vw, 300px\" \/>\t\t\t\t\t\t\t\t<\/a>\n\t\t\t\t\t\t\t\t\t\t\t<\/div>\n\t\t\t\t<\/div>\n\t\t\t\t<\/div>\n\t\t\t\t\t\t<\/div>\n\t\t\t\t\t<\/div>\n\t\t<\/div>\n\t\t\t\t<div class=\"elementor-column elementor-col-20 elementor-top-column elementor-element elementor-element-36772cc\" data-id=\"36772cc\" data-element_type=\"column\">\n\t\t\t<div class=\"elementor-column-wrap elementor-element-populated\">\n\t\t\t\t\t\t\t<div class=\"elementor-widget-wrap\">\n\t\t\t\t\t\t<div class=\"elementor-element elementor-element-72a8631 elementor-widget elementor-widget-image\" data-id=\"72a8631\" data-element_type=\"widget\" data-widget_type=\"image.default\">\n\t\t\t\t<div class=\"elementor-widget-container\">\n\t\t\t\t\t<div class=\"elementor-image\">\n\t\t\t\t\t\t\t\t\t\t\t<a href=\"https:\/\/chapiteauexpress.com\/wp-content\/uploads\/2023\/08\/10x20-STANDARD-MOUSTIQUAIRES-84C-023V01WT-4.jpg\" data-elementor-open-lightbox=\"yes\" data-elementor-lightbox-title=\"10x20 STANDARD MOUSTIQUAIRES - 84C-023V01WT - 4\">\n\t\t\t\t\t\t\t<img width=\"300\" height=\"300\" src=\"https:\/\/chapiteauexpress.com\/wp-content\/uploads\/2023\/08\/10x20-STANDARD-MOUSTIQUAIRES-84C-023V01WT-4-300x300.jpg\" class=\"attachment-medium size-medium\" alt=\"\" loading=\"lazy\" srcset=\"https:\/\/chapiteauexpress.com\/wp-content\/uploads\/2023\/08\/10x20-STANDARD-MOUSTIQUAIRES-84C-023V01WT-4-300x300.jpg 300w, https:\/\/chapiteauexpress.com\/wp-content\/uploads\/2023\/08\/10x20-STANDARD-MOUSTIQUAIRES-84C-023V01WT-4-150x150.jpg 150w, https:\/\/chapiteauexpress.com\/wp-content\/uploads\/2023\/08\/10x20-STANDARD-MOUSTIQUAIRES-84C-023V01WT-4-768x768.jpg 768w, https:\/\/chapiteauexpress.com\/wp-content\/uploads\/2023\/08\/10x20-STANDARD-MOUSTIQUAIRES-84C-023V01WT-4.jpg 800w\" sizes=\"(max-width: 300px) 100vw, 300px\" \/>\t\t\t\t\t\t\t\t<\/a>\n\t\t\t\t\t\t\t\t\t\t\t<\/div>\n\t\t\t\t<\/div>\n\t\t\t\t<\/div>\n\t\t\t\t\t\t<\/div>\n\t\t\t\t\t<\/div>\n\t\t<\/div>\n\t\t\t\t<div class=\"elementor-column elementor-col-20 elementor-top-column elementor-element elementor-element-042f5ad\" data-id=\"042f5ad\" data-element_type=\"column\">\n\t\t\t<div class=\"elementor-column-wrap elementor-element-populated\">\n\t\t\t\t\t\t\t<div class=\"elementor-widget-wrap\">\n\t\t\t\t\t\t<div class=\"elementor-element elementor-element-29aeaaf elementor-widget elementor-widget-image\" data-id=\"29aeaaf\" data-element_type=\"widget\" data-widget_type=\"image.default\">\n\t\t\t\t<div class=\"elementor-widget-container\">\n\t\t\t\t\t<div class=\"elementor-image\">\n\t\t\t\t\t\t\t\t\t\t\t<a href=\"https:\/\/chapiteauexpress.com\/wp-content\/uploads\/2023\/08\/10x20-STANDARD-MOUSTIQUAIRES-84C-023V01WT-6.jpg\" data-elementor-open-lightbox=\"yes\" data-elementor-lightbox-title=\"10x20 STANDARD MOUSTIQUAIRES - 84C-023V01WT - 6\">\n\t\t\t\t\t\t\t<img width=\"300\" height=\"300\" src=\"https:\/\/chapiteauexpress.com\/wp-content\/uploads\/2023\/08\/10x20-STANDARD-MOUSTIQUAIRES-84C-023V01WT-6-300x300.jpg\" class=\"attachment-medium size-medium\" alt=\"\" loading=\"lazy\" srcset=\"https:\/\/chapiteauexpress.com\/wp-content\/uploads\/2023\/08\/10x20-STANDARD-MOUSTIQUAIRES-84C-023V01WT-6-300x300.jpg 300w, https:\/\/chapiteauexpress.com\/wp-content\/uploads\/2023\/08\/10x20-STANDARD-MOUSTIQUAIRES-84C-023V01WT-6-150x150.jpg 150w, https:\/\/chapiteauexpress.com\/wp-content\/uploads\/2023\/08\/10x20-STANDARD-MOUSTIQUAIRES-84C-023V01WT-6-768x768.jpg 768w, https:\/\/chapiteauexpress.com\/wp-content\/uploads\/2023\/08\/10x20-STANDARD-MOUSTIQUAIRES-84C-023V01WT-6.jpg 800w\" sizes=\"(max-width: 300px) 100vw, 300px\" \/>\t\t\t\t\t\t\t\t<\/a>\n\t\t\t\t\t\t\t\t\t\t\t<\/div>\n\t\t\t\t<\/div>\n\t\t\t\t<\/div>\n\t\t\t\t\t\t<\/div>\n\t\t\t\t\t<\/div>\n\t\t<\/div>\n\t\t\t\t\t\t\t\t<\/div>\n\t\t\t\t\t<\/div>\n\t\t<\/section>\n\t\t\t\t<section class=\"elementor-section elementor-top-section elementor-element elementor-element-671bff59 elementor-section-boxed elementor-section-height-default elementor-section-height-default\" data-id=\"671bff59\" data-element_type=\"section\">\n\t\t\t\t\t\t<div class=\"elementor-container elementor-column-gap-default\">\n\t\t\t\t\t\t\t<div class=\"elementor-row\">\n\t\t\t\t\t<div class=\"elementor-column elementor-col-100 elementor-top-column elementor-element elementor-element-38091f44\" data-id=\"38091f44\" data-element_type=\"column\">\n\t\t\t<div class=\"elementor-column-wrap elementor-element-populated\">\n\t\t\t\t\t\t\t<div class=\"elementor-widget-wrap\">\n\t\t\t\t\t\t<div class=\"elementor-element elementor-element-46da117f elementor-widget elementor-widget-heading\" data-id=\"46da117f\" data-element_type=\"widget\" data-widget_type=\"heading.default\">\n\t\t\t\t<div class=\"elementor-widget-container\">\n\t\t\t<h3 class=\"elementor-heading-title elementor-size-default\">Caract\u00e9ristiques<\/h3>\t\t<\/div>\n\t\t\t\t<\/div>\n\t\t\t\t\t\t<\/div>\n\t\t\t\t\t<\/div>\n\t\t<\/div>\n\t\t\t\t\t\t\t\t<\/div>\n\t\t\t\t\t<\/div>\n\t\t<\/section>\n\t\t\t\t<section class=\"elementor-section elementor-top-section elementor-element elementor-element-520f66f9 elementor-section-boxed elementor-section-height-default elementor-section-height-default\" data-id=\"520f66f9\" data-element_type=\"section\">\n\t\t\t\t\t\t<div class=\"elementor-container elementor-column-gap-default\">\n\t\t\t\t\t\t\t<div class=\"elementor-row\">\n\t\t\t\t\t<div class=\"elementor-column elementor-col-100 elementor-top-column elementor-element elementor-element-4c0843fd\" data-id=\"4c0843fd\" data-element_type=\"column\">\n\t\t\t<div class=\"elementor-column-wrap elementor-element-populated\">\n\t\t\t\t\t\t\t<div class=\"elementor-widget-wrap\">\n\t\t\t\t\t\t<div class=\"elementor-element elementor-element-3f93b58d elementor-widget elementor-widget-text-editor\" data-id=\"3f93b58d\" data-element_type=\"widget\" data-widget_type=\"text-editor.default\">\n\t\t\t\t<div class=\"elementor-widget-container\">\n\t\t\t\t\t<div class=\"elementor-text-editor elementor-clearfix\"><ul><li>Tente \u00e0 auvent facile \u00e0 ouvrir de 9&prime; x 19&prime; avec pieds droits, toit de style cath\u00e9drale et murs amovibles<\/li><li>Processus d&rsquo;installation et de d\u00e9montage rapide et facile et n\u00e9cessite 2 personnes<\/li><li>Auvent en poly\u00e9thyl\u00e8ne offrant une protection solaire contre les rayons UV<\/li><li>Structure en acier robuste avec pieds r\u00e9glables et finition thermolaqu\u00e9e pour plus de durabilit\u00e9.<\/li><li>6 parois lat\u00e9rales amovibles avec fen\u00eatres \u00e0 grands carreaux et 2 parois d&rsquo;extr\u00e9mit\u00e9 pleines amovibles<\/li><li>Cordes et piquets inclus (le sac de transport n&rsquo;est PAS inclus)<\/li><\/ul><\/div>\n\t\t\t\t<\/div>\n\t\t\t\t<\/div>\n\t\t\t\t\t\t<\/div>\n\t\t\t\t\t<\/div>\n\t\t<\/div>\n\t\t\t\t\t\t\t\t<\/div>\n\t\t\t\t\t<\/div>\n\t\t<\/section>\n\t\t\t\t<section class=\"elementor-section elementor-top-section elementor-element elementor-element-5c42d353 elementor-section-boxed elementor-section-height-default elementor-section-height-default\" data-id=\"5c42d353\" data-element_type=\"section\">\n\t\t\t\t\t\t<div class=\"elementor-container elementor-column-gap-default\">\n\t\t\t\t\t\t\t<div class=\"elementor-row\">\n\t\t\t\t\t<div class=\"elementor-column elementor-col-100 elementor-top-column elementor-element elementor-element-2ddab9ef\" data-id=\"2ddab9ef\" data-element_type=\"column\">\n\t\t\t<div class=\"elementor-column-wrap elementor-element-populated\">\n\t\t\t\t\t\t\t<div class=\"elementor-widget-wrap\">\n\t\t\t\t\t\t<div class=\"elementor-element elementor-element-524b2487 elementor-widget elementor-widget-heading\" data-id=\"524b2487\" data-element_type=\"widget\" data-widget_type=\"heading.default\">\n\t\t\t\t<div class=\"elementor-widget-container\">\n\t\t\t<h3 class=\"elementor-heading-title elementor-size-default\">Sp\u00e9cifications<\/h3>\t\t<\/div>\n\t\t\t\t<\/div>\n\t\t\t\t\t\t<\/div>\n\t\t\t\t\t<\/div>\n\t\t<\/div>\n\t\t\t\t\t\t\t\t<\/div>\n\t\t\t\t\t<\/div>\n\t\t<\/section>\n\t\t\t\t<section class=\"elementor-section elementor-top-section elementor-element elementor-element-4fc71e56 elementor-section-boxed elementor-section-height-default elementor-section-height-default\" data-id=\"4fc71e56\" data-element_type=\"section\">\n\t\t\t\t\t\t<div class=\"elementor-container elementor-column-gap-default\">\n\t\t\t\t\t\t\t<div class=\"elementor-row\">\n\t\t\t\t\t<div class=\"elementor-column elementor-col-100 elementor-top-column elementor-element elementor-element-b3844\" data-id=\"b3844\" data-element_type=\"column\">\n\t\t\t<div class=\"elementor-column-wrap elementor-element-populated\">\n\t\t\t\t\t\t\t<div class=\"elementor-widget-wrap\">\n\t\t\t\t\t\t<div class=\"elementor-element elementor-element-54a458d8 elementor-widget elementor-widget-text-editor\" data-id=\"54a458d8\" data-element_type=\"widget\" data-widget_type=\"text-editor.default\">\n\t\t\t\t<div class=\"elementor-widget-container\">\n\t\t\t\t\t<div class=\"elementor-text-editor elementor-clearfix\"><ul><li>Type : Tente d&rsquo;ombrage temporaire<\/li><li>Couleur : tissu blanc, maille noire<\/li><li>Mat\u00e9riau : acier, tissu PE et maille<\/li><li>Dimensions hors tout (pieds) : 19&rsquo;L x 9&rsquo;W x 8&rsquo;H<\/li><li>Taille du panneau lat\u00e9ral (pieds) : 9,3 pi de longueur x 6,4 pi de largeur<\/li><li>Hauteur d&rsquo;avant-toit la plus basse (pieds) : 6,6 &lsquo;H<\/li><li>Hauteur sup\u00e9rieure (pieds) : 8&rsquo;H<\/li><li>Poids net : 33 lb<\/li><\/ul><\/div>\n\t\t\t\t<\/div>\n\t\t\t\t<\/div>\n\t\t\t\t\t\t<\/div>\n\t\t\t\t\t<\/div>\n\t\t<\/div>\n\t\t\t\t\t\t\t\t<\/div>\n\t\t\t\t\t<\/div>\n\t\t<\/section>\n\t\t\t\t<section class=\"elementor-section elementor-top-section elementor-element elementor-element-3219c34b elementor-section-boxed elementor-section-height-default elementor-section-height-default\" data-id=\"3219c34b\" data-element_type=\"section\">\n\t\t\t\t\t\t<div class=\"elementor-container elementor-column-gap-default\">\n\t\t\t\t\t\t\t<div class=\"elementor-row\">\n\t\t\t\t\t<div class=\"elementor-column elementor-col-100 elementor-top-column elementor-element elementor-element-eaec0ad\" data-id=\"eaec0ad\" data-element_type=\"column\">\n\t\t\t<div class=\"elementor-column-wrap elementor-element-populated\">\n\t\t\t\t\t\t\t<div class=\"elementor-widget-wrap\">\n\t\t\t\t\t\t<div class=\"elementor-element elementor-element-11e05b4 elementor-widget elementor-widget-text-editor\" data-id=\"11e05b4\" data-element_type=\"widget\" data-widget_type=\"text-editor.default\">\n\t\t\t\t<div class=\"elementor-widget-container\">\n\t\t\t\t\t<div class=\"elementor-text-editor elementor-clearfix\"><p><strong>Remarque: veuillez vous assurer que l&rsquo;article est correctement install\u00e9 et fermement ancr\u00e9 pour une efficacit\u00e9 maximale.<\/strong><\/p><\/div>\n\t\t\t\t<\/div>\n\t\t\t\t<\/div>\n\t\t\t\t\t\t<\/div>\n\t\t\t\t\t<\/div>\n\t\t<\/div>\n\t\t\t\t\t\t\t\t<\/div>\n\t\t\t\t\t<\/div>\n\t\t<\/section>\n\t\t\t\t<section class=\"elementor-section elementor-top-section elementor-element elementor-element-5b5d6c8 elementor-section-boxed elementor-section-height-default elementor-section-height-default\" data-id=\"5b5d6c8\" data-element_type=\"section\">\n\t\t\t\t\t\t<div class=\"elementor-container elementor-column-gap-default\">\n\t\t\t\t\t\t\t<div class=\"elementor-row\">\n\t\t\t\t\t<div class=\"elementor-column elementor-col-100 elementor-top-column elementor-element elementor-element-f3625e\" data-id=\"f3625e\" data-element_type=\"column\">\n\t\t\t<div class=\"elementor-column-wrap elementor-element-populated\">\n\t\t\t\t\t\t\t<div class=\"elementor-widget-wrap\">\n\t\t\t\t\t\t<div class=\"elementor-element elementor-element-6dcb324 elementor-widget elementor-widget-text-editor\" data-id=\"6dcb324\" data-element_type=\"widget\" data-widget_type=\"text-editor.default\">\n\t\t\t\t<div class=\"elementor-widget-container\">\n\t\t\t\t\t<div class=\"elementor-text-editor elementor-clearfix\"><p>Chapiteau Express n&rsquo;est pas responsable de tous dommages caus\u00e9s si le chapiteau est laiss\u00e9 expos\u00e9 \u00e0 des conditions m\u00e9t\u00e9orologiques inad\u00e9quates (pluie, neige ou \u00e0 des vents extr\u00eames). Vente finale, pas de garantie, retour ou \u00e9change. Nous vous remercions de votre confiance.<\/p><\/div>\n\t\t\t\t<\/div>\n\t\t\t\t<\/div>\n\t\t\t\t\t\t<\/div>\n\t\t\t\t\t<\/div>\n\t\t<\/div>\n\t\t\t\t\t\t\t\t<\/div>\n\t\t\t\t\t<\/div>\n\t\t<\/section>\n\t\t\t\t<section class=\"elementor-section elementor-top-section elementor-element elementor-element-41f88f4b elementor-section-boxed elementor-section-height-default elementor-section-height-default\" data-id=\"41f88f4b\" data-element_type=\"section\">\n\t\t\t\t\t\t<div class=\"elementor-container elementor-column-gap-default\">\n\t\t\t\t\t\t\t<div class=\"elementor-row\">\n\t\t\t\t\t<div class=\"elementor-column elementor-col-100 elementor-top-column elementor-element elementor-element-664adf96\" data-id=\"664adf96\" data-element_type=\"column\">\n\t\t\t<div class=\"elementor-column-wrap elementor-element-populated\">\n\t\t\t\t\t\t\t<div class=\"elementor-widget-wrap\">\n\t\t\t\t\t\t<div class=\"elementor-element elementor-element-2171f4c2 elementor-widget elementor-widget-spacer\" data-id=\"2171f4c2\" data-element_type=\"widget\" data-widget_type=\"spacer.default\">\n\t\t\t\t<div class=\"elementor-widget-container\">\n\t\t\t\t\t<div class=\"elementor-spacer\">\n\t\t\t<div class=\"elementor-spacer-inner\"><\/div>\n\t\t<\/div>\n\t\t\t\t<\/div>\n\t\t\t\t<\/div>\n\t\t\t\t\t\t<\/div>\n\t\t\t\t\t<\/div>\n\t\t<\/div>\n\t\t\t\t\t\t\t\t<\/div>\n\t\t\t\t\t<\/div>\n\t\t<\/section>\n\t\t\t\t\t\t<\/div>\n\t\t\t\t\t\t<\/div>\n\t\t\t\t\t<\/div>\n\t\t","protected":false},"excerpt":{"rendered":"<p>Chapiteau 10X20 Standard avec Moustiquaires Blanc Prix : 250,00$ Caract\u00e9ristiques Tente \u00e0 auvent facile \u00e0 ouvrir de 9&prime; x 19&prime; avec pieds droits, toit de style cath\u00e9drale et murs amovibles Processus d&rsquo;installation et de d\u00e9montage&hellip;<\/p>\n","protected":false},"author":1,"featured_media":0,"parent":447,"menu_order":0,"comment_status":"closed","ping_status":"closed","template":"template-parts\/template-page-builders.php","meta":[],"_links":{"self":[{"href":"https:\/\/chapiteauexpress.com\/index.php?rest_route=\/wp\/v2\/pages\/761"}],"collection":[{"href":"https:\/\/chapiteauexpress.com\/index.php?rest_route=\/wp\/v2\/pages"}],"about":[{"href":"https:\/\/chapiteauexpress.com\/index.php?rest_route=\/wp\/v2\/types\/page"}],"author":[{"embeddable":true,"href":"https:\/\/chapiteauexpress.com\/index.php?rest_route=\/wp\/v2\/users\/1"}],"replies":[{"embeddable":true,"href":"https:\/\/chapiteauexpress.com\/index.php?rest_route=%2Fwp%2Fv2%2Fcomments&post=761"}],"version-history":[{"count":19,"href":"https:\/\/chapiteauexpress.com\/index.php?rest_route=\/wp\/v2\/pages\/761\/revisions"}],"predecessor-version":[{"id":2436,"href":"https:\/\/chapiteauexpress.com\/index.php?rest_route=\/wp\/v2\/pages\/761\/revisions\/2436"}],"up":[{"embeddable":true,"href":"https:\/\/chapiteauexpress.com\/index.php?rest_route=\/wp\/v2\/pages\/447"}],"wp:attachment":[{"href":"https:\/\/chapiteauexpress.com\/index.php?rest_route=%2Fwp%2Fv2%2Fmedia&parent=761"}],"curies":[{"name":"wp","href":"https:\/\/api.w.org\/{rel}","templated":true}]}}