{"id":687,"date":"2020-09-30T15:06:31","date_gmt":"2020-09-30T19:06:31","guid":{"rendered":"https:\/\/chapiteauexpress.com\/?page_id=687"},"modified":"2025-05-24T20:17:39","modified_gmt":"2025-05-25T00:17:39","slug":"chapiteau-10x30-standard-avec-net","status":"publish","type":"page","link":"https:\/\/chapiteauexpress.com\/?page_id=687","title":{"rendered":"Chapiteau 10X30 Standard avec Net"},"content":{"rendered":"\t\t<div data-elementor-type=\"wp-page\" data-elementor-id=\"687\" class=\"elementor elementor-687\" data-elementor-settings=\"[]\">\n\t\t\t\t\t\t<div class=\"elementor-inner\">\n\t\t\t\t\t\t\t<div class=\"elementor-section-wrap\">\n\t\t\t\t\t\t\t<section class=\"elementor-section elementor-top-section elementor-element elementor-element-2cd4e22b elementor-section-boxed elementor-section-height-default elementor-section-height-default\" data-id=\"2cd4e22b\" data-element_type=\"section\">\n\t\t\t\t\t\t<div class=\"elementor-container elementor-column-gap-default\">\n\t\t\t\t\t\t\t<div class=\"elementor-row\">\n\t\t\t\t\t<div class=\"elementor-column elementor-col-100 elementor-top-column elementor-element elementor-element-a625a0b\" data-id=\"a625a0b\" data-element_type=\"column\">\n\t\t\t<div class=\"elementor-column-wrap elementor-element-populated\">\n\t\t\t\t\t\t\t<div class=\"elementor-widget-wrap\">\n\t\t\t\t\t\t<div class=\"elementor-element elementor-element-38dc2ddb elementor-widget elementor-widget-heading\" data-id=\"38dc2ddb\" data-element_type=\"widget\" data-widget_type=\"heading.default\">\n\t\t\t\t<div class=\"elementor-widget-container\">\n\t\t\t<h2 class=\"elementor-heading-title elementor-size-default\">Chapiteau 10X30 Standard avec Net<\/h2>\t\t<\/div>\n\t\t\t\t<\/div>\n\t\t\t\t\t\t<\/div>\n\t\t\t\t\t<\/div>\n\t\t<\/div>\n\t\t\t\t\t\t\t\t<\/div>\n\t\t\t\t\t<\/div>\n\t\t<\/section>\n\t\t\t\t<section class=\"elementor-section elementor-top-section elementor-element elementor-element-31989ec4 elementor-section-boxed elementor-section-height-default elementor-section-height-default\" data-id=\"31989ec4\" data-element_type=\"section\">\n\t\t\t\t\t\t<div class=\"elementor-container elementor-column-gap-default\">\n\t\t\t\t\t\t\t<div class=\"elementor-row\">\n\t\t\t\t\t<div class=\"elementor-column elementor-col-100 elementor-top-column elementor-element elementor-element-649906f\" data-id=\"649906f\" data-element_type=\"column\">\n\t\t\t<div class=\"elementor-column-wrap elementor-element-populated\">\n\t\t\t\t\t\t\t<div class=\"elementor-widget-wrap\">\n\t\t\t\t\t\t<div class=\"elementor-element elementor-element-6060b1db elementor-widget elementor-widget-text-editor\" data-id=\"6060b1db\" data-element_type=\"widget\" data-widget_type=\"text-editor.default\">\n\t\t\t\t<div class=\"elementor-widget-container\">\n\t\t\t\t\t<div class=\"elementor-text-editor elementor-clearfix\"><p>Prix : 335,00$<\/p><\/div>\n\t\t\t\t<\/div>\n\t\t\t\t<\/div>\n\t\t\t\t\t\t<\/div>\n\t\t\t\t\t<\/div>\n\t\t<\/div>\n\t\t\t\t\t\t\t\t<\/div>\n\t\t\t\t\t<\/div>\n\t\t<\/section>\n\t\t\t\t<section class=\"elementor-section elementor-top-section elementor-element elementor-element-8ca1445 elementor-section-boxed elementor-section-height-default elementor-section-height-default\" data-id=\"8ca1445\" data-element_type=\"section\">\n\t\t\t\t\t\t<div class=\"elementor-container elementor-column-gap-default\">\n\t\t\t\t\t\t\t<div class=\"elementor-row\">\n\t\t\t\t\t<div class=\"elementor-column elementor-col-20 elementor-top-column elementor-element elementor-element-1f74eb7\" data-id=\"1f74eb7\" data-element_type=\"column\">\n\t\t\t<div class=\"elementor-column-wrap elementor-element-populated\">\n\t\t\t\t\t\t\t<div class=\"elementor-widget-wrap\">\n\t\t\t\t\t\t<div class=\"elementor-element elementor-element-2d52193 elementor-widget elementor-widget-image\" data-id=\"2d52193\" data-element_type=\"widget\" data-widget_type=\"image.default\">\n\t\t\t\t<div class=\"elementor-widget-container\">\n\t\t\t\t\t<div class=\"elementor-image\">\n\t\t\t\t\t\t\t\t\t\t\t<a href=\"https:\/\/chapiteauexpress.com\/wp-content\/uploads\/2020\/10\/10x30-STANDARD-AVEC-NET-84C-024-BLANC-1.jpg\" data-elementor-open-lightbox=\"yes\" data-elementor-lightbox-title=\"10x30 STANDARD AVEC NET 84C-024 BLANC-1\">\n\t\t\t\t\t\t\t<img width=\"300\" height=\"300\" src=\"https:\/\/chapiteauexpress.com\/wp-content\/uploads\/2020\/10\/10x30-STANDARD-AVEC-NET-84C-024-BLANC-1-300x300.jpg\" class=\"elementor-animation-grow attachment-medium size-medium\" alt=\"\" loading=\"lazy\" srcset=\"https:\/\/chapiteauexpress.com\/wp-content\/uploads\/2020\/10\/10x30-STANDARD-AVEC-NET-84C-024-BLANC-1-300x300.jpg 300w, https:\/\/chapiteauexpress.com\/wp-content\/uploads\/2020\/10\/10x30-STANDARD-AVEC-NET-84C-024-BLANC-1-1024x1024.jpg 1024w, https:\/\/chapiteauexpress.com\/wp-content\/uploads\/2020\/10\/10x30-STANDARD-AVEC-NET-84C-024-BLANC-1-150x150.jpg 150w, https:\/\/chapiteauexpress.com\/wp-content\/uploads\/2020\/10\/10x30-STANDARD-AVEC-NET-84C-024-BLANC-1-768x768.jpg 768w, https:\/\/chapiteauexpress.com\/wp-content\/uploads\/2020\/10\/10x30-STANDARD-AVEC-NET-84C-024-BLANC-1.jpg 1500w\" sizes=\"(max-width: 300px) 100vw, 300px\" \/>\t\t\t\t\t\t\t\t<\/a>\n\t\t\t\t\t\t\t\t\t\t\t<\/div>\n\t\t\t\t<\/div>\n\t\t\t\t<\/div>\n\t\t\t\t\t\t<\/div>\n\t\t\t\t\t<\/div>\n\t\t<\/div>\n\t\t\t\t<div class=\"elementor-column elementor-col-20 elementor-top-column elementor-element elementor-element-50824b8\" data-id=\"50824b8\" data-element_type=\"column\">\n\t\t\t<div class=\"elementor-column-wrap elementor-element-populated\">\n\t\t\t\t\t\t\t<div class=\"elementor-widget-wrap\">\n\t\t\t\t\t\t<div class=\"elementor-element elementor-element-1e42d9f elementor-widget elementor-widget-image\" data-id=\"1e42d9f\" data-element_type=\"widget\" data-widget_type=\"image.default\">\n\t\t\t\t<div class=\"elementor-widget-container\">\n\t\t\t\t\t<div class=\"elementor-image\">\n\t\t\t\t\t\t\t\t\t\t\t<a href=\"https:\/\/chapiteauexpress.com\/wp-content\/uploads\/2020\/09\/10X30-Standard-Net-4.jpg\" data-elementor-open-lightbox=\"yes\" data-elementor-lightbox-title=\"Chapiteau 10X30 Ferm\u00e9 Net Mesures\">\n\t\t\t\t\t\t\t<img width=\"300\" height=\"300\" src=\"https:\/\/chapiteauexpress.com\/wp-content\/uploads\/2020\/09\/10X30-Standard-Net-4-300x300.jpg\" class=\"elementor-animation-grow attachment-medium size-medium\" alt=\"\" loading=\"lazy\" srcset=\"https:\/\/chapiteauexpress.com\/wp-content\/uploads\/2020\/09\/10X30-Standard-Net-4-300x300.jpg 300w, https:\/\/chapiteauexpress.com\/wp-content\/uploads\/2020\/09\/10X30-Standard-Net-4-1024x1024.jpg 1024w, https:\/\/chapiteauexpress.com\/wp-content\/uploads\/2020\/09\/10X30-Standard-Net-4-150x150.jpg 150w, https:\/\/chapiteauexpress.com\/wp-content\/uploads\/2020\/09\/10X30-Standard-Net-4-768x768.jpg 768w, https:\/\/chapiteauexpress.com\/wp-content\/uploads\/2020\/09\/10X30-Standard-Net-4.jpg 1500w\" sizes=\"(max-width: 300px) 100vw, 300px\" \/>\t\t\t\t\t\t\t\t<\/a>\n\t\t\t\t\t\t\t\t\t\t\t<\/div>\n\t\t\t\t<\/div>\n\t\t\t\t<\/div>\n\t\t\t\t\t\t<\/div>\n\t\t\t\t\t<\/div>\n\t\t<\/div>\n\t\t\t\t<div class=\"elementor-column elementor-col-20 elementor-top-column elementor-element elementor-element-8dc197f\" data-id=\"8dc197f\" data-element_type=\"column\">\n\t\t\t<div class=\"elementor-column-wrap elementor-element-populated\">\n\t\t\t\t\t\t\t<div class=\"elementor-widget-wrap\">\n\t\t\t\t\t\t<div class=\"elementor-element elementor-element-d72b6cb elementor-widget elementor-widget-image\" data-id=\"d72b6cb\" data-element_type=\"widget\" data-widget_type=\"image.default\">\n\t\t\t\t<div class=\"elementor-widget-container\">\n\t\t\t\t\t<div class=\"elementor-image\">\n\t\t\t\t\t\t\t\t\t\t\t<a href=\"https:\/\/chapiteauexpress.com\/wp-content\/uploads\/2021\/02\/10x30-STANDARD-AVEC-NET-84C-024-BLANC-5.jpg\" data-elementor-open-lightbox=\"yes\" data-elementor-lightbox-title=\"10x30 STANDARD AVEC NET 84C-024 BLANC-5\">\n\t\t\t\t\t\t\t<img width=\"300\" height=\"300\" src=\"https:\/\/chapiteauexpress.com\/wp-content\/uploads\/2021\/02\/10x30-STANDARD-AVEC-NET-84C-024-BLANC-5-300x300.jpg\" class=\"elementor-animation-grow attachment-medium size-medium\" alt=\"\" loading=\"lazy\" srcset=\"https:\/\/chapiteauexpress.com\/wp-content\/uploads\/2021\/02\/10x30-STANDARD-AVEC-NET-84C-024-BLANC-5-300x300.jpg 300w, https:\/\/chapiteauexpress.com\/wp-content\/uploads\/2021\/02\/10x30-STANDARD-AVEC-NET-84C-024-BLANC-5-1024x1024.jpg 1024w, https:\/\/chapiteauexpress.com\/wp-content\/uploads\/2021\/02\/10x30-STANDARD-AVEC-NET-84C-024-BLANC-5-150x150.jpg 150w, https:\/\/chapiteauexpress.com\/wp-content\/uploads\/2021\/02\/10x30-STANDARD-AVEC-NET-84C-024-BLANC-5-768x768.jpg 768w, https:\/\/chapiteauexpress.com\/wp-content\/uploads\/2021\/02\/10x30-STANDARD-AVEC-NET-84C-024-BLANC-5.jpg 1500w\" sizes=\"(max-width: 300px) 100vw, 300px\" \/>\t\t\t\t\t\t\t\t<\/a>\n\t\t\t\t\t\t\t\t\t\t\t<\/div>\n\t\t\t\t<\/div>\n\t\t\t\t<\/div>\n\t\t\t\t\t\t<\/div>\n\t\t\t\t\t<\/div>\n\t\t<\/div>\n\t\t\t\t<div class=\"elementor-column elementor-col-20 elementor-top-column elementor-element elementor-element-3826944\" data-id=\"3826944\" data-element_type=\"column\">\n\t\t\t<div class=\"elementor-column-wrap elementor-element-populated\">\n\t\t\t\t\t\t\t<div class=\"elementor-widget-wrap\">\n\t\t\t\t\t\t<div class=\"elementor-element elementor-element-b554e32 elementor-widget elementor-widget-image\" data-id=\"b554e32\" data-element_type=\"widget\" data-widget_type=\"image.default\">\n\t\t\t\t<div class=\"elementor-widget-container\">\n\t\t\t\t\t<div class=\"elementor-image\">\n\t\t\t\t\t\t\t\t\t\t\t<a href=\"https:\/\/chapiteauexpress.com\/wp-content\/uploads\/2021\/02\/10x30-STANDARD-AVEC-NET-84C-024-BLANC-4.jpg\" data-elementor-open-lightbox=\"yes\" data-elementor-lightbox-title=\"10x30 STANDARD AVEC NET 84C-024 BLANC-4\">\n\t\t\t\t\t\t\t<img width=\"300\" height=\"300\" src=\"https:\/\/chapiteauexpress.com\/wp-content\/uploads\/2021\/02\/10x30-STANDARD-AVEC-NET-84C-024-BLANC-4-300x300.jpg\" class=\"elementor-animation-grow attachment-medium size-medium\" alt=\"\" loading=\"lazy\" srcset=\"https:\/\/chapiteauexpress.com\/wp-content\/uploads\/2021\/02\/10x30-STANDARD-AVEC-NET-84C-024-BLANC-4-300x300.jpg 300w, https:\/\/chapiteauexpress.com\/wp-content\/uploads\/2021\/02\/10x30-STANDARD-AVEC-NET-84C-024-BLANC-4-1024x1024.jpg 1024w, https:\/\/chapiteauexpress.com\/wp-content\/uploads\/2021\/02\/10x30-STANDARD-AVEC-NET-84C-024-BLANC-4-150x150.jpg 150w, https:\/\/chapiteauexpress.com\/wp-content\/uploads\/2021\/02\/10x30-STANDARD-AVEC-NET-84C-024-BLANC-4-768x768.jpg 768w, https:\/\/chapiteauexpress.com\/wp-content\/uploads\/2021\/02\/10x30-STANDARD-AVEC-NET-84C-024-BLANC-4.jpg 1500w\" sizes=\"(max-width: 300px) 100vw, 300px\" \/>\t\t\t\t\t\t\t\t<\/a>\n\t\t\t\t\t\t\t\t\t\t\t<\/div>\n\t\t\t\t<\/div>\n\t\t\t\t<\/div>\n\t\t\t\t\t\t<\/div>\n\t\t\t\t\t<\/div>\n\t\t<\/div>\n\t\t\t\t<div class=\"elementor-column elementor-col-20 elementor-top-column elementor-element elementor-element-48cab00\" data-id=\"48cab00\" data-element_type=\"column\">\n\t\t\t<div class=\"elementor-column-wrap elementor-element-populated\">\n\t\t\t\t\t\t\t<div class=\"elementor-widget-wrap\">\n\t\t\t\t\t\t<div class=\"elementor-element elementor-element-5110998 elementor-widget elementor-widget-image\" data-id=\"5110998\" data-element_type=\"widget\" data-widget_type=\"image.default\">\n\t\t\t\t<div class=\"elementor-widget-container\">\n\t\t\t\t\t<div class=\"elementor-image\">\n\t\t\t\t\t\t\t\t\t\t\t<a href=\"https:\/\/chapiteauexpress.com\/wp-content\/uploads\/2021\/02\/10x30-STANDARD-AVEC-NET-84C-024-BLANC-8.jpg\" data-elementor-open-lightbox=\"yes\" data-elementor-lightbox-title=\"10x30 STANDARD AVEC NET 84C-024 BLANC-8\">\n\t\t\t\t\t\t\t<img width=\"300\" height=\"300\" src=\"https:\/\/chapiteauexpress.com\/wp-content\/uploads\/2021\/02\/10x30-STANDARD-AVEC-NET-84C-024-BLANC-8-300x300.jpg\" class=\"elementor-animation-grow attachment-medium size-medium\" alt=\"\" loading=\"lazy\" srcset=\"https:\/\/chapiteauexpress.com\/wp-content\/uploads\/2021\/02\/10x30-STANDARD-AVEC-NET-84C-024-BLANC-8-300x300.jpg 300w, https:\/\/chapiteauexpress.com\/wp-content\/uploads\/2021\/02\/10x30-STANDARD-AVEC-NET-84C-024-BLANC-8-1024x1024.jpg 1024w, https:\/\/chapiteauexpress.com\/wp-content\/uploads\/2021\/02\/10x30-STANDARD-AVEC-NET-84C-024-BLANC-8-150x150.jpg 150w, https:\/\/chapiteauexpress.com\/wp-content\/uploads\/2021\/02\/10x30-STANDARD-AVEC-NET-84C-024-BLANC-8-768x768.jpg 768w, https:\/\/chapiteauexpress.com\/wp-content\/uploads\/2021\/02\/10x30-STANDARD-AVEC-NET-84C-024-BLANC-8.jpg 1500w\" sizes=\"(max-width: 300px) 100vw, 300px\" \/>\t\t\t\t\t\t\t\t<\/a>\n\t\t\t\t\t\t\t\t\t\t\t<\/div>\n\t\t\t\t<\/div>\n\t\t\t\t<\/div>\n\t\t\t\t\t\t<\/div>\n\t\t\t\t\t<\/div>\n\t\t<\/div>\n\t\t\t\t\t\t\t\t<\/div>\n\t\t\t\t\t<\/div>\n\t\t<\/section>\n\t\t\t\t<section class=\"elementor-section elementor-top-section elementor-element elementor-element-6fe1d770 elementor-section-boxed elementor-section-height-default elementor-section-height-default\" data-id=\"6fe1d770\" data-element_type=\"section\">\n\t\t\t\t\t\t<div class=\"elementor-container elementor-column-gap-default\">\n\t\t\t\t\t\t\t<div class=\"elementor-row\">\n\t\t\t\t\t<div class=\"elementor-column elementor-col-100 elementor-top-column elementor-element elementor-element-6ccea0fc\" data-id=\"6ccea0fc\" data-element_type=\"column\">\n\t\t\t<div class=\"elementor-column-wrap elementor-element-populated\">\n\t\t\t\t\t\t\t<div class=\"elementor-widget-wrap\">\n\t\t\t\t\t\t<div class=\"elementor-element elementor-element-7772a4a7 elementor-widget elementor-widget-heading\" data-id=\"7772a4a7\" data-element_type=\"widget\" data-widget_type=\"heading.default\">\n\t\t\t\t<div class=\"elementor-widget-container\">\n\t\t\t<h3 class=\"elementor-heading-title elementor-size-default\">Caract\u00e9ristiques<\/h3>\t\t<\/div>\n\t\t\t\t<\/div>\n\t\t\t\t\t\t<\/div>\n\t\t\t\t\t<\/div>\n\t\t<\/div>\n\t\t\t\t\t\t\t\t<\/div>\n\t\t\t\t\t<\/div>\n\t\t<\/section>\n\t\t\t\t<section class=\"elementor-section elementor-top-section elementor-element elementor-element-5fc79308 elementor-section-boxed elementor-section-height-default elementor-section-height-default\" data-id=\"5fc79308\" data-element_type=\"section\">\n\t\t\t\t\t\t<div class=\"elementor-container elementor-column-gap-default\">\n\t\t\t\t\t\t\t<div class=\"elementor-row\">\n\t\t\t\t\t<div class=\"elementor-column elementor-col-100 elementor-top-column elementor-element elementor-element-5db57130\" data-id=\"5db57130\" data-element_type=\"column\">\n\t\t\t<div class=\"elementor-column-wrap elementor-element-populated\">\n\t\t\t\t\t\t\t<div class=\"elementor-widget-wrap\">\n\t\t\t\t\t\t<div class=\"elementor-element elementor-element-32b15e78 elementor-widget elementor-widget-text-editor\" data-id=\"32b15e78\" data-element_type=\"widget\" data-widget_type=\"text-editor.default\">\n\t\t\t\t<div class=\"elementor-widget-container\">\n\t\t\t\t\t<div class=\"elementor-text-editor elementor-clearfix\"><ul><li>Id\u00e9al pour tout espace ext\u00e9rieur pour divers \u00e9v\u00e9nements en plein air<\/li><li>Construit avec un cadre en m\u00e9tal enduit de poudre pour r\u00e9sistance sup\u00e9rieure<\/li><li>Tissu PE r\u00e9sistant aux UV et \u00e0 l&rsquo;eau pour la protection contre les intemp\u00e9ries<\/li><li>Les panneaux lat\u00e9raux en filet vous prot\u00e8gent de l&rsquo;invasion des moustiques<\/li><li>Acc\u00e8s facile gr\u00e2ce aux portes zipp\u00e9es avant et arri\u00e8re<\/li><li>Stabilit\u00e9 suppl\u00e9mentaire avec les 8 cordes et 16 clous de terre fortement recommand\u00e9s pour une meilleure stabilit\u00e9<\/li><li>Un assemblage simple et rapide est requis<\/li><\/ul><\/div>\n\t\t\t\t<\/div>\n\t\t\t\t<\/div>\n\t\t\t\t\t\t<\/div>\n\t\t\t\t\t<\/div>\n\t\t<\/div>\n\t\t\t\t\t\t\t\t<\/div>\n\t\t\t\t\t<\/div>\n\t\t<\/section>\n\t\t\t\t<section class=\"elementor-section elementor-top-section elementor-element elementor-element-2a6828ce elementor-section-boxed elementor-section-height-default elementor-section-height-default\" data-id=\"2a6828ce\" data-element_type=\"section\">\n\t\t\t\t\t\t<div class=\"elementor-container elementor-column-gap-default\">\n\t\t\t\t\t\t\t<div class=\"elementor-row\">\n\t\t\t\t\t<div class=\"elementor-column elementor-col-100 elementor-top-column elementor-element elementor-element-53c5f212\" data-id=\"53c5f212\" data-element_type=\"column\">\n\t\t\t<div class=\"elementor-column-wrap elementor-element-populated\">\n\t\t\t\t\t\t\t<div class=\"elementor-widget-wrap\">\n\t\t\t\t\t\t<div class=\"elementor-element elementor-element-10996358 elementor-widget elementor-widget-heading\" data-id=\"10996358\" data-element_type=\"widget\" data-widget_type=\"heading.default\">\n\t\t\t\t<div class=\"elementor-widget-container\">\n\t\t\t<h3 class=\"elementor-heading-title elementor-size-default\">Sp\u00e9cifications<\/h3>\t\t<\/div>\n\t\t\t\t<\/div>\n\t\t\t\t\t\t<\/div>\n\t\t\t\t\t<\/div>\n\t\t<\/div>\n\t\t\t\t\t\t\t\t<\/div>\n\t\t\t\t\t<\/div>\n\t\t<\/section>\n\t\t\t\t<section class=\"elementor-section elementor-top-section elementor-element elementor-element-54ad0c6d elementor-section-boxed elementor-section-height-default elementor-section-height-default\" data-id=\"54ad0c6d\" data-element_type=\"section\">\n\t\t\t\t\t\t<div class=\"elementor-container elementor-column-gap-default\">\n\t\t\t\t\t\t\t<div class=\"elementor-row\">\n\t\t\t\t\t<div class=\"elementor-column elementor-col-100 elementor-top-column elementor-element elementor-element-251abaa\" data-id=\"251abaa\" data-element_type=\"column\">\n\t\t\t<div class=\"elementor-column-wrap elementor-element-populated\">\n\t\t\t\t\t\t\t<div class=\"elementor-widget-wrap\">\n\t\t\t\t\t\t<div class=\"elementor-element elementor-element-2f813de5 elementor-widget elementor-widget-text-editor\" data-id=\"2f813de5\" data-element_type=\"widget\" data-widget_type=\"text-editor.default\">\n\t\t\t\t<div class=\"elementor-widget-container\">\n\t\t\t\t\t<div class=\"elementor-text-editor elementor-clearfix\"><ul><li>Mat\u00e9riel: tissu PE et m\u00e9tal<\/li><li>Couleur: blanc noir<\/li><li>Poids net: 62 lb<\/li><li>Taille globale: 29,5 pi x 9,8 pi<\/li><li>Hauteur de l&rsquo;avant-toit: 6,6 pi<\/li><li>Hauteur du haut: 8,4 pi<\/li><li>Taille du panneau lat\u00e9ral: 29,5 pi x 9,8 pi<\/li><\/ul><\/div>\n\t\t\t\t<\/div>\n\t\t\t\t<\/div>\n\t\t\t\t\t\t<\/div>\n\t\t\t\t\t<\/div>\n\t\t<\/div>\n\t\t\t\t\t\t\t\t<\/div>\n\t\t\t\t\t<\/div>\n\t\t<\/section>\n\t\t\t\t<section class=\"elementor-section elementor-top-section elementor-element elementor-element-4352cfcd elementor-section-boxed elementor-section-height-default elementor-section-height-default\" data-id=\"4352cfcd\" data-element_type=\"section\">\n\t\t\t\t\t\t<div class=\"elementor-container elementor-column-gap-default\">\n\t\t\t\t\t\t\t<div class=\"elementor-row\">\n\t\t\t\t\t<div class=\"elementor-column elementor-col-100 elementor-top-column elementor-element elementor-element-4e92e5fe\" data-id=\"4e92e5fe\" data-element_type=\"column\">\n\t\t\t<div class=\"elementor-column-wrap elementor-element-populated\">\n\t\t\t\t\t\t\t<div class=\"elementor-widget-wrap\">\n\t\t\t\t\t\t<div class=\"elementor-element elementor-element-34e31792 elementor-widget elementor-widget-text-editor\" data-id=\"34e31792\" data-element_type=\"widget\" data-widget_type=\"text-editor.default\">\n\t\t\t\t<div class=\"elementor-widget-container\">\n\t\t\t\t\t<div class=\"elementor-text-editor elementor-clearfix\"><p><strong>Remarque: veuillez vous assurer que l&rsquo;article est correctement install\u00e9 et fermement ancr\u00e9 pour une efficacit\u00e9 maximale.<\/strong><\/p><\/div>\n\t\t\t\t<\/div>\n\t\t\t\t<\/div>\n\t\t\t\t\t\t<\/div>\n\t\t\t\t\t<\/div>\n\t\t<\/div>\n\t\t\t\t\t\t\t\t<\/div>\n\t\t\t\t\t<\/div>\n\t\t<\/section>\n\t\t\t\t<section class=\"elementor-section elementor-top-section elementor-element elementor-element-660f822b elementor-section-boxed elementor-section-height-default elementor-section-height-default\" data-id=\"660f822b\" data-element_type=\"section\">\n\t\t\t\t\t\t<div class=\"elementor-container elementor-column-gap-default\">\n\t\t\t\t\t\t\t<div class=\"elementor-row\">\n\t\t\t\t\t<div class=\"elementor-column elementor-col-100 elementor-top-column elementor-element elementor-element-685b4b37\" data-id=\"685b4b37\" data-element_type=\"column\">\n\t\t\t<div class=\"elementor-column-wrap elementor-element-populated\">\n\t\t\t\t\t\t\t<div class=\"elementor-widget-wrap\">\n\t\t\t\t\t\t<div class=\"elementor-element elementor-element-10c546ba elementor-widget elementor-widget-text-editor\" data-id=\"10c546ba\" data-element_type=\"widget\" data-widget_type=\"text-editor.default\">\n\t\t\t\t<div class=\"elementor-widget-container\">\n\t\t\t\t\t<div class=\"elementor-text-editor elementor-clearfix\"><p>Chapiteau Express n&rsquo;est pas responsable de tous dommages caus\u00e9s si le chapiteau est laiss\u00e9 expos\u00e9 \u00e0 des conditions m\u00e9t\u00e9orologiques inad\u00e9quates (pluie, neige ou \u00e0 des vents extr\u00eames). Vente finale, pas de garantie, retour ou \u00e9change. Nous vous remercions de votre confiance.<\/p><\/div>\n\t\t\t\t<\/div>\n\t\t\t\t<\/div>\n\t\t\t\t\t\t<\/div>\n\t\t\t\t\t<\/div>\n\t\t<\/div>\n\t\t\t\t\t\t\t\t<\/div>\n\t\t\t\t\t<\/div>\n\t\t<\/section>\n\t\t\t\t<section class=\"elementor-section elementor-top-section elementor-element elementor-element-2f64f869 elementor-section-boxed elementor-section-height-default elementor-section-height-default\" data-id=\"2f64f869\" data-element_type=\"section\">\n\t\t\t\t\t\t<div class=\"elementor-container elementor-column-gap-default\">\n\t\t\t\t\t\t\t<div class=\"elementor-row\">\n\t\t\t\t\t<div class=\"elementor-column elementor-col-100 elementor-top-column elementor-element elementor-element-6e3d6494\" data-id=\"6e3d6494\" data-element_type=\"column\">\n\t\t\t<div class=\"elementor-column-wrap elementor-element-populated\">\n\t\t\t\t\t\t\t<div class=\"elementor-widget-wrap\">\n\t\t\t\t\t\t<div class=\"elementor-element elementor-element-74097853 elementor-widget elementor-widget-spacer\" data-id=\"74097853\" data-element_type=\"widget\" data-widget_type=\"spacer.default\">\n\t\t\t\t<div class=\"elementor-widget-container\">\n\t\t\t\t\t<div class=\"elementor-spacer\">\n\t\t\t<div class=\"elementor-spacer-inner\"><\/div>\n\t\t<\/div>\n\t\t\t\t<\/div>\n\t\t\t\t<\/div>\n\t\t\t\t\t\t<\/div>\n\t\t\t\t\t<\/div>\n\t\t<\/div>\n\t\t\t\t\t\t\t\t<\/div>\n\t\t\t\t\t<\/div>\n\t\t<\/section>\n\t\t\t\t\t\t<\/div>\n\t\t\t\t\t\t<\/div>\n\t\t\t\t\t<\/div>\n\t\t","protected":false},"excerpt":{"rendered":"<p>Chapiteau 10X30 Standard avec Net Prix : 335,00$ Caract\u00e9ristiques Id\u00e9al pour tout espace ext\u00e9rieur pour divers \u00e9v\u00e9nements en plein air Construit avec un cadre en m\u00e9tal enduit de poudre pour r\u00e9sistance sup\u00e9rieure Tissu PE r\u00e9sistant&hellip;<\/p>\n","protected":false},"author":1,"featured_media":0,"parent":447,"menu_order":0,"comment_status":"closed","ping_status":"closed","template":"template-parts\/template-page-builders.php","meta":[],"_links":{"self":[{"href":"https:\/\/chapiteauexpress.com\/index.php?rest_route=\/wp\/v2\/pages\/687"}],"collection":[{"href":"https:\/\/chapiteauexpress.com\/index.php?rest_route=\/wp\/v2\/pages"}],"about":[{"href":"https:\/\/chapiteauexpress.com\/index.php?rest_route=\/wp\/v2\/types\/page"}],"author":[{"embeddable":true,"href":"https:\/\/chapiteauexpress.com\/index.php?rest_route=\/wp\/v2\/users\/1"}],"replies":[{"embeddable":true,"href":"https:\/\/chapiteauexpress.com\/index.php?rest_route=%2Fwp%2Fv2%2Fcomments&post=687"}],"version-history":[{"count":8,"href":"https:\/\/chapiteauexpress.com\/index.php?rest_route=\/wp\/v2\/pages\/687\/revisions"}],"predecessor-version":[{"id":2438,"href":"https:\/\/chapiteauexpress.com\/index.php?rest_route=\/wp\/v2\/pages\/687\/revisions\/2438"}],"up":[{"embeddable":true,"href":"https:\/\/chapiteauexpress.com\/index.php?rest_route=\/wp\/v2\/pages\/447"}],"wp:attachment":[{"href":"https:\/\/chapiteauexpress.com\/index.php?rest_route=%2Fwp%2Fv2%2Fmedia&parent=687"}],"curies":[{"name":"wp","href":"https:\/\/api.w.org\/{rel}","templated":true}]}}