{"id":671,"date":"2020-09-30T11:06:51","date_gmt":"2020-09-30T15:06:51","guid":{"rendered":"https:\/\/chapiteauexpress.com\/?page_id=671"},"modified":"2023-05-21T23:33:49","modified_gmt":"2023-05-22T03:33:49","slug":"chapiteau-10x30-heavy-duty-ferme","status":"publish","type":"page","link":"https:\/\/chapiteauexpress.com\/?page_id=671","title":{"rendered":"Chapiteau 10X30 Heavy Duty Ferm\u00e9"},"content":{"rendered":"\t\t<div data-elementor-type=\"wp-page\" data-elementor-id=\"671\" class=\"elementor elementor-671\" data-elementor-settings=\"[]\">\n\t\t\t\t\t\t<div class=\"elementor-inner\">\n\t\t\t\t\t\t\t<div class=\"elementor-section-wrap\">\n\t\t\t\t\t\t\t<section class=\"elementor-section elementor-top-section elementor-element elementor-element-21d9ee63 elementor-section-boxed elementor-section-height-default elementor-section-height-default\" data-id=\"21d9ee63\" data-element_type=\"section\">\n\t\t\t\t\t\t<div class=\"elementor-container elementor-column-gap-default\">\n\t\t\t\t\t\t\t<div class=\"elementor-row\">\n\t\t\t\t\t<div class=\"elementor-column elementor-col-100 elementor-top-column elementor-element elementor-element-3c71c066\" data-id=\"3c71c066\" data-element_type=\"column\">\n\t\t\t<div class=\"elementor-column-wrap elementor-element-populated\">\n\t\t\t\t\t\t\t<div class=\"elementor-widget-wrap\">\n\t\t\t\t\t\t<div class=\"elementor-element elementor-element-286ce8a0 elementor-widget elementor-widget-heading\" data-id=\"286ce8a0\" data-element_type=\"widget\" data-widget_type=\"heading.default\">\n\t\t\t\t<div class=\"elementor-widget-container\">\n\t\t\t<h2 class=\"elementor-heading-title elementor-size-default\">Chapiteau 10X30 HD Ferm\u00e9<\/h2>\t\t<\/div>\n\t\t\t\t<\/div>\n\t\t\t\t\t\t<\/div>\n\t\t\t\t\t<\/div>\n\t\t<\/div>\n\t\t\t\t\t\t\t\t<\/div>\n\t\t\t\t\t<\/div>\n\t\t<\/section>\n\t\t\t\t<section class=\"elementor-section elementor-top-section elementor-element elementor-element-6ff909f5 elementor-section-boxed elementor-section-height-default elementor-section-height-default\" data-id=\"6ff909f5\" data-element_type=\"section\">\n\t\t\t\t\t\t<div class=\"elementor-container elementor-column-gap-default\">\n\t\t\t\t\t\t\t<div class=\"elementor-row\">\n\t\t\t\t\t<div class=\"elementor-column elementor-col-100 elementor-top-column elementor-element elementor-element-498258b1\" data-id=\"498258b1\" data-element_type=\"column\">\n\t\t\t<div class=\"elementor-column-wrap elementor-element-populated\">\n\t\t\t\t\t\t\t<div class=\"elementor-widget-wrap\">\n\t\t\t\t\t\t<div class=\"elementor-element elementor-element-7b7f07c8 elementor-widget elementor-widget-text-editor\" data-id=\"7b7f07c8\" data-element_type=\"widget\" data-widget_type=\"text-editor.default\">\n\t\t\t\t<div class=\"elementor-widget-container\">\n\t\t\t\t\t<div class=\"elementor-text-editor elementor-clearfix\"><p>Prix : 800,00$<\/p><\/div>\n\t\t\t\t<\/div>\n\t\t\t\t<\/div>\n\t\t\t\t\t\t<\/div>\n\t\t\t\t\t<\/div>\n\t\t<\/div>\n\t\t\t\t\t\t\t\t<\/div>\n\t\t\t\t\t<\/div>\n\t\t<\/section>\n\t\t\t\t<section class=\"elementor-section elementor-top-section elementor-element elementor-element-3c134df elementor-section-boxed elementor-section-height-default elementor-section-height-default\" data-id=\"3c134df\" data-element_type=\"section\">\n\t\t\t\t\t\t<div class=\"elementor-container elementor-column-gap-default\">\n\t\t\t\t\t\t\t<div class=\"elementor-row\">\n\t\t\t\t\t<div class=\"elementor-column elementor-col-20 elementor-top-column elementor-element elementor-element-9199a3b\" data-id=\"9199a3b\" data-element_type=\"column\">\n\t\t\t<div class=\"elementor-column-wrap elementor-element-populated\">\n\t\t\t\t\t\t\t<div class=\"elementor-widget-wrap\">\n\t\t\t\t\t\t<div class=\"elementor-element elementor-element-b89e890 elementor-widget elementor-widget-image\" data-id=\"b89e890\" data-element_type=\"widget\" data-widget_type=\"image.default\">\n\t\t\t\t<div class=\"elementor-widget-container\">\n\t\t\t\t\t<div class=\"elementor-image\">\n\t\t\t\t\t\t\t\t\t\t\t<a href=\"https:\/\/chapiteauexpress.com\/wp-content\/uploads\/2020\/10\/10x30-HD-FERME-840-119-BLANC-1.jpg\" data-elementor-open-lightbox=\"yes\" data-elementor-lightbox-title=\"10x30 HD FERM\u00c9 840-119 BLANC-1\">\n\t\t\t\t\t\t\t<img width=\"300\" height=\"300\" src=\"https:\/\/chapiteauexpress.com\/wp-content\/uploads\/2020\/10\/10x30-HD-FERME-840-119-BLANC-1-300x300.jpg\" class=\"elementor-animation-grow attachment-medium size-medium\" alt=\"\" loading=\"lazy\" srcset=\"https:\/\/chapiteauexpress.com\/wp-content\/uploads\/2020\/10\/10x30-HD-FERME-840-119-BLANC-1-300x300.jpg 300w, https:\/\/chapiteauexpress.com\/wp-content\/uploads\/2020\/10\/10x30-HD-FERME-840-119-BLANC-1-1024x1024.jpg 1024w, https:\/\/chapiteauexpress.com\/wp-content\/uploads\/2020\/10\/10x30-HD-FERME-840-119-BLANC-1-150x150.jpg 150w, https:\/\/chapiteauexpress.com\/wp-content\/uploads\/2020\/10\/10x30-HD-FERME-840-119-BLANC-1-768x768.jpg 768w, https:\/\/chapiteauexpress.com\/wp-content\/uploads\/2020\/10\/10x30-HD-FERME-840-119-BLANC-1.jpg 1500w\" sizes=\"(max-width: 300px) 100vw, 300px\" \/>\t\t\t\t\t\t\t\t<\/a>\n\t\t\t\t\t\t\t\t\t\t\t<\/div>\n\t\t\t\t<\/div>\n\t\t\t\t<\/div>\n\t\t\t\t\t\t<\/div>\n\t\t\t\t\t<\/div>\n\t\t<\/div>\n\t\t\t\t<div class=\"elementor-column elementor-col-20 elementor-top-column elementor-element elementor-element-872a125\" data-id=\"872a125\" data-element_type=\"column\">\n\t\t\t<div class=\"elementor-column-wrap elementor-element-populated\">\n\t\t\t\t\t\t\t<div class=\"elementor-widget-wrap\">\n\t\t\t\t\t\t<div class=\"elementor-element elementor-element-633f1a3 elementor-widget elementor-widget-image\" data-id=\"633f1a3\" data-element_type=\"widget\" data-widget_type=\"image.default\">\n\t\t\t\t<div class=\"elementor-widget-container\">\n\t\t\t\t\t<div class=\"elementor-image\">\n\t\t\t\t\t\t\t\t\t\t\t<a href=\"https:\/\/chapiteauexpress.com\/wp-content\/uploads\/2020\/10\/10x30-HD-FERME-840-119-BLANC-2.jpg\" data-elementor-open-lightbox=\"yes\" data-elementor-lightbox-title=\"10x30 HD FERM\u00c9 840-119 BLANC-2\">\n\t\t\t\t\t\t\t<img width=\"300\" height=\"300\" src=\"https:\/\/chapiteauexpress.com\/wp-content\/uploads\/2020\/10\/10x30-HD-FERME-840-119-BLANC-2-300x300.jpg\" class=\"elementor-animation-grow attachment-medium size-medium\" alt=\"\" loading=\"lazy\" srcset=\"https:\/\/chapiteauexpress.com\/wp-content\/uploads\/2020\/10\/10x30-HD-FERME-840-119-BLANC-2-300x300.jpg 300w, https:\/\/chapiteauexpress.com\/wp-content\/uploads\/2020\/10\/10x30-HD-FERME-840-119-BLANC-2-1024x1024.jpg 1024w, https:\/\/chapiteauexpress.com\/wp-content\/uploads\/2020\/10\/10x30-HD-FERME-840-119-BLANC-2-150x150.jpg 150w, https:\/\/chapiteauexpress.com\/wp-content\/uploads\/2020\/10\/10x30-HD-FERME-840-119-BLANC-2-768x768.jpg 768w, https:\/\/chapiteauexpress.com\/wp-content\/uploads\/2020\/10\/10x30-HD-FERME-840-119-BLANC-2.jpg 1500w\" sizes=\"(max-width: 300px) 100vw, 300px\" \/>\t\t\t\t\t\t\t\t<\/a>\n\t\t\t\t\t\t\t\t\t\t\t<\/div>\n\t\t\t\t<\/div>\n\t\t\t\t<\/div>\n\t\t\t\t\t\t<\/div>\n\t\t\t\t\t<\/div>\n\t\t<\/div>\n\t\t\t\t<div class=\"elementor-column elementor-col-20 elementor-top-column elementor-element elementor-element-655f874\" data-id=\"655f874\" data-element_type=\"column\">\n\t\t\t<div class=\"elementor-column-wrap elementor-element-populated\">\n\t\t\t\t\t\t\t<div class=\"elementor-widget-wrap\">\n\t\t\t\t\t\t<div class=\"elementor-element elementor-element-ebd1f45 elementor-widget elementor-widget-image\" data-id=\"ebd1f45\" data-element_type=\"widget\" data-widget_type=\"image.default\">\n\t\t\t\t<div class=\"elementor-widget-container\">\n\t\t\t\t\t<div class=\"elementor-image\">\n\t\t\t\t\t\t\t\t\t\t\t<a href=\"https:\/\/chapiteauexpress.com\/wp-content\/uploads\/2021\/02\/10x30-HD-FERME-840-119-BLANC-4.jpg\" data-elementor-open-lightbox=\"yes\" data-elementor-lightbox-title=\"10x30 HD FERM\u00c9 840-119 BLANC-4\">\n\t\t\t\t\t\t\t<img width=\"300\" height=\"300\" src=\"https:\/\/chapiteauexpress.com\/wp-content\/uploads\/2021\/02\/10x30-HD-FERME-840-119-BLANC-4-300x300.jpg\" class=\"elementor-animation-grow attachment-medium size-medium\" alt=\"\" loading=\"lazy\" srcset=\"https:\/\/chapiteauexpress.com\/wp-content\/uploads\/2021\/02\/10x30-HD-FERME-840-119-BLANC-4-300x300.jpg 300w, https:\/\/chapiteauexpress.com\/wp-content\/uploads\/2021\/02\/10x30-HD-FERME-840-119-BLANC-4-1024x1024.jpg 1024w, https:\/\/chapiteauexpress.com\/wp-content\/uploads\/2021\/02\/10x30-HD-FERME-840-119-BLANC-4-150x150.jpg 150w, https:\/\/chapiteauexpress.com\/wp-content\/uploads\/2021\/02\/10x30-HD-FERME-840-119-BLANC-4-768x768.jpg 768w, https:\/\/chapiteauexpress.com\/wp-content\/uploads\/2021\/02\/10x30-HD-FERME-840-119-BLANC-4.jpg 1500w\" sizes=\"(max-width: 300px) 100vw, 300px\" \/>\t\t\t\t\t\t\t\t<\/a>\n\t\t\t\t\t\t\t\t\t\t\t<\/div>\n\t\t\t\t<\/div>\n\t\t\t\t<\/div>\n\t\t\t\t\t\t<\/div>\n\t\t\t\t\t<\/div>\n\t\t<\/div>\n\t\t\t\t<div class=\"elementor-column elementor-col-20 elementor-top-column elementor-element elementor-element-5835c08\" data-id=\"5835c08\" data-element_type=\"column\">\n\t\t\t<div class=\"elementor-column-wrap elementor-element-populated\">\n\t\t\t\t\t\t\t<div class=\"elementor-widget-wrap\">\n\t\t\t\t\t\t<div class=\"elementor-element elementor-element-63be9a1 elementor-widget elementor-widget-image\" data-id=\"63be9a1\" data-element_type=\"widget\" data-widget_type=\"image.default\">\n\t\t\t\t<div class=\"elementor-widget-container\">\n\t\t\t\t\t<div class=\"elementor-image\">\n\t\t\t\t\t\t\t\t\t\t\t<a href=\"https:\/\/chapiteauexpress.com\/wp-content\/uploads\/2021\/02\/10x30-HD-FERME-840-119-BLANC-7.jpg\" data-elementor-open-lightbox=\"yes\" data-elementor-lightbox-title=\"10x30 HD FERM\u00c9 840-119 BLANC-7\">\n\t\t\t\t\t\t\t<img width=\"300\" height=\"300\" src=\"https:\/\/chapiteauexpress.com\/wp-content\/uploads\/2021\/02\/10x30-HD-FERME-840-119-BLANC-7-300x300.jpg\" class=\"elementor-animation-grow attachment-medium size-medium\" alt=\"\" loading=\"lazy\" srcset=\"https:\/\/chapiteauexpress.com\/wp-content\/uploads\/2021\/02\/10x30-HD-FERME-840-119-BLANC-7-300x300.jpg 300w, https:\/\/chapiteauexpress.com\/wp-content\/uploads\/2021\/02\/10x30-HD-FERME-840-119-BLANC-7-1024x1024.jpg 1024w, https:\/\/chapiteauexpress.com\/wp-content\/uploads\/2021\/02\/10x30-HD-FERME-840-119-BLANC-7-150x150.jpg 150w, https:\/\/chapiteauexpress.com\/wp-content\/uploads\/2021\/02\/10x30-HD-FERME-840-119-BLANC-7-768x768.jpg 768w, https:\/\/chapiteauexpress.com\/wp-content\/uploads\/2021\/02\/10x30-HD-FERME-840-119-BLANC-7.jpg 1500w\" sizes=\"(max-width: 300px) 100vw, 300px\" \/>\t\t\t\t\t\t\t\t<\/a>\n\t\t\t\t\t\t\t\t\t\t\t<\/div>\n\t\t\t\t<\/div>\n\t\t\t\t<\/div>\n\t\t\t\t\t\t<\/div>\n\t\t\t\t\t<\/div>\n\t\t<\/div>\n\t\t\t\t<div class=\"elementor-column elementor-col-20 elementor-top-column elementor-element elementor-element-9f26bb1\" data-id=\"9f26bb1\" data-element_type=\"column\">\n\t\t\t<div class=\"elementor-column-wrap elementor-element-populated\">\n\t\t\t\t\t\t\t<div class=\"elementor-widget-wrap\">\n\t\t\t\t\t\t<div class=\"elementor-element elementor-element-be2ae6f elementor-widget elementor-widget-image\" data-id=\"be2ae6f\" data-element_type=\"widget\" data-widget_type=\"image.default\">\n\t\t\t\t<div class=\"elementor-widget-container\">\n\t\t\t\t\t<div class=\"elementor-image\">\n\t\t\t\t\t\t\t\t\t\t\t<a href=\"https:\/\/chapiteauexpress.com\/wp-content\/uploads\/2021\/02\/10x30-HD-FERME-840-119-BLANC-8.jpg\" data-elementor-open-lightbox=\"yes\" data-elementor-lightbox-title=\"10x30 HD FERM\u00c9 840-119 BLANC-8\">\n\t\t\t\t\t\t\t<img width=\"300\" height=\"300\" src=\"https:\/\/chapiteauexpress.com\/wp-content\/uploads\/2021\/02\/10x30-HD-FERME-840-119-BLANC-8-300x300.jpg\" class=\"elementor-animation-grow attachment-medium size-medium\" alt=\"\" loading=\"lazy\" srcset=\"https:\/\/chapiteauexpress.com\/wp-content\/uploads\/2021\/02\/10x30-HD-FERME-840-119-BLANC-8-300x300.jpg 300w, https:\/\/chapiteauexpress.com\/wp-content\/uploads\/2021\/02\/10x30-HD-FERME-840-119-BLANC-8-1024x1024.jpg 1024w, https:\/\/chapiteauexpress.com\/wp-content\/uploads\/2021\/02\/10x30-HD-FERME-840-119-BLANC-8-150x150.jpg 150w, https:\/\/chapiteauexpress.com\/wp-content\/uploads\/2021\/02\/10x30-HD-FERME-840-119-BLANC-8-768x768.jpg 768w, https:\/\/chapiteauexpress.com\/wp-content\/uploads\/2021\/02\/10x30-HD-FERME-840-119-BLANC-8.jpg 1500w\" sizes=\"(max-width: 300px) 100vw, 300px\" \/>\t\t\t\t\t\t\t\t<\/a>\n\t\t\t\t\t\t\t\t\t\t\t<\/div>\n\t\t\t\t<\/div>\n\t\t\t\t<\/div>\n\t\t\t\t\t\t<\/div>\n\t\t\t\t\t<\/div>\n\t\t<\/div>\n\t\t\t\t\t\t\t\t<\/div>\n\t\t\t\t\t<\/div>\n\t\t<\/section>\n\t\t\t\t<section class=\"elementor-section elementor-top-section elementor-element elementor-element-5a557483 elementor-section-boxed elementor-section-height-default elementor-section-height-default\" data-id=\"5a557483\" data-element_type=\"section\">\n\t\t\t\t\t\t<div class=\"elementor-container elementor-column-gap-default\">\n\t\t\t\t\t\t\t<div class=\"elementor-row\">\n\t\t\t\t\t<div class=\"elementor-column elementor-col-100 elementor-top-column elementor-element elementor-element-44754191\" data-id=\"44754191\" data-element_type=\"column\">\n\t\t\t<div class=\"elementor-column-wrap elementor-element-populated\">\n\t\t\t\t\t\t\t<div class=\"elementor-widget-wrap\">\n\t\t\t\t\t\t<div class=\"elementor-element elementor-element-3ccd47e4 elementor-widget elementor-widget-heading\" data-id=\"3ccd47e4\" data-element_type=\"widget\" data-widget_type=\"heading.default\">\n\t\t\t\t<div class=\"elementor-widget-container\">\n\t\t\t<h3 class=\"elementor-heading-title elementor-size-default\">Caract\u00e9ristiques<\/h3>\t\t<\/div>\n\t\t\t\t<\/div>\n\t\t\t\t\t\t<\/div>\n\t\t\t\t\t<\/div>\n\t\t<\/div>\n\t\t\t\t\t\t\t\t<\/div>\n\t\t\t\t\t<\/div>\n\t\t<\/section>\n\t\t\t\t<section class=\"elementor-section elementor-top-section elementor-element elementor-element-6a2f17d9 elementor-section-boxed elementor-section-height-default elementor-section-height-default\" data-id=\"6a2f17d9\" data-element_type=\"section\">\n\t\t\t\t\t\t<div class=\"elementor-container elementor-column-gap-default\">\n\t\t\t\t\t\t\t<div class=\"elementor-row\">\n\t\t\t\t\t<div class=\"elementor-column elementor-col-100 elementor-top-column elementor-element elementor-element-6eb76c2b\" data-id=\"6eb76c2b\" data-element_type=\"column\">\n\t\t\t<div class=\"elementor-column-wrap elementor-element-populated\">\n\t\t\t\t\t\t\t<div class=\"elementor-widget-wrap\">\n\t\t\t\t\t\t<div class=\"elementor-element elementor-element-349ff4c2 elementor-widget elementor-widget-text-editor\" data-id=\"349ff4c2\" data-element_type=\"widget\" data-widget_type=\"text-editor.default\">\n\t\t\t\t<div class=\"elementor-widget-container\">\n\t\t\t\t\t<div class=\"elementor-text-editor elementor-clearfix\"><ul><li>Fabriqu\u00e9 \u00e0 partir d&rsquo;un cadre en acier enduit de poudre solide et d&rsquo;un tissu PE durable<\/li><li>Protection UV efficace<\/li><li>Auvent r\u00e9sistant \u00e0 l&rsquo;eau et \u00e0 la rouille<\/li><li>Les murs se fixent avec des attaches Velcro pour un assemblage \/ retrait facile<\/li><li>Livr\u00e9 avec structure renforc\u00e9e 4 chambres design et grand espace<\/li><li>8 parois lat\u00e9rales avec de grandes fen\u00eatres pour un maximum de lumi\u00e8re et de visibilit\u00e9<\/li><li>2 portes \u00e0 glissi\u00e8re \u00e0 l&rsquo;avant et \u00e0 l&rsquo;arri\u00e8re pour un acc\u00e8s facile<\/li><li>Les parois lat\u00e9rales sont facilement amovibles pour les expositions ou \u00e9v\u00e9nements en plein air<\/li><li>Les poteaux du cadre sont masqu\u00e9s par des rabats d&rsquo;angle<\/li><li>Conception droite compl\u00e8te<\/li><li>10 cordons et 20 clous de terre pour une stabilit\u00e9 accrue, il est fortement recommand\u00e9 d&rsquo;utiliser pour la stabilit\u00e9<\/li><\/ul><\/div>\n\t\t\t\t<\/div>\n\t\t\t\t<\/div>\n\t\t\t\t\t\t<\/div>\n\t\t\t\t\t<\/div>\n\t\t<\/div>\n\t\t\t\t\t\t\t\t<\/div>\n\t\t\t\t\t<\/div>\n\t\t<\/section>\n\t\t\t\t<section class=\"elementor-section elementor-top-section elementor-element elementor-element-4b16eb2a elementor-section-boxed elementor-section-height-default elementor-section-height-default\" data-id=\"4b16eb2a\" data-element_type=\"section\">\n\t\t\t\t\t\t<div class=\"elementor-container elementor-column-gap-default\">\n\t\t\t\t\t\t\t<div class=\"elementor-row\">\n\t\t\t\t\t<div class=\"elementor-column elementor-col-100 elementor-top-column elementor-element elementor-element-438f16ed\" data-id=\"438f16ed\" data-element_type=\"column\">\n\t\t\t<div class=\"elementor-column-wrap elementor-element-populated\">\n\t\t\t\t\t\t\t<div class=\"elementor-widget-wrap\">\n\t\t\t\t\t\t<div class=\"elementor-element elementor-element-ca76aff elementor-widget elementor-widget-heading\" data-id=\"ca76aff\" data-element_type=\"widget\" data-widget_type=\"heading.default\">\n\t\t\t\t<div class=\"elementor-widget-container\">\n\t\t\t<h3 class=\"elementor-heading-title elementor-size-default\">Sp\u00e9cifications<\/h3>\t\t<\/div>\n\t\t\t\t<\/div>\n\t\t\t\t\t\t<\/div>\n\t\t\t\t\t<\/div>\n\t\t<\/div>\n\t\t\t\t\t\t\t\t<\/div>\n\t\t\t\t\t<\/div>\n\t\t<\/section>\n\t\t\t\t<section class=\"elementor-section elementor-top-section elementor-element elementor-element-143bcb96 elementor-section-boxed elementor-section-height-default elementor-section-height-default\" data-id=\"143bcb96\" data-element_type=\"section\">\n\t\t\t\t\t\t<div class=\"elementor-container elementor-column-gap-default\">\n\t\t\t\t\t\t\t<div class=\"elementor-row\">\n\t\t\t\t\t<div class=\"elementor-column elementor-col-100 elementor-top-column elementor-element elementor-element-5132fc6c\" data-id=\"5132fc6c\" data-element_type=\"column\">\n\t\t\t<div class=\"elementor-column-wrap elementor-element-populated\">\n\t\t\t\t\t\t\t<div class=\"elementor-widget-wrap\">\n\t\t\t\t\t\t<div class=\"elementor-element elementor-element-56b3297a elementor-widget elementor-widget-text-editor\" data-id=\"56b3297a\" data-element_type=\"widget\" data-widget_type=\"text-editor.default\">\n\t\t\t\t<div class=\"elementor-widget-container\">\n\t\t\t\t\t<div class=\"elementor-text-editor elementor-clearfix\"><ul><li>Mat\u00e9riel: tissu PE et acier<\/li><li>Couleur: blanc<\/li><li>Poids net: 112,44bs<\/li><li>Taille globale: 29,53 pi x 9,84 pi<\/li><li>Hauteur lat\u00e9rale: 6.6&rsquo;H<\/li><li>Hauteur sup\u00e9rieure: 9.02&rsquo;H<\/li><li>Taille de la fen\u00eatre: 5,91 pi x 3,3 pi<\/li><\/ul><\/div>\n\t\t\t\t<\/div>\n\t\t\t\t<\/div>\n\t\t\t\t\t\t<\/div>\n\t\t\t\t\t<\/div>\n\t\t<\/div>\n\t\t\t\t\t\t\t\t<\/div>\n\t\t\t\t\t<\/div>\n\t\t<\/section>\n\t\t\t\t<section class=\"elementor-section elementor-top-section elementor-element elementor-element-6d5a7f6f elementor-section-boxed elementor-section-height-default elementor-section-height-default\" data-id=\"6d5a7f6f\" data-element_type=\"section\">\n\t\t\t\t\t\t<div class=\"elementor-container elementor-column-gap-default\">\n\t\t\t\t\t\t\t<div class=\"elementor-row\">\n\t\t\t\t\t<div class=\"elementor-column elementor-col-100 elementor-top-column elementor-element elementor-element-1fc3b1d4\" data-id=\"1fc3b1d4\" data-element_type=\"column\">\n\t\t\t<div class=\"elementor-column-wrap elementor-element-populated\">\n\t\t\t\t\t\t\t<div class=\"elementor-widget-wrap\">\n\t\t\t\t\t\t<div class=\"elementor-element elementor-element-2d11fa55 elementor-widget elementor-widget-text-editor\" data-id=\"2d11fa55\" data-element_type=\"widget\" data-widget_type=\"text-editor.default\">\n\t\t\t\t<div class=\"elementor-widget-container\">\n\t\t\t\t\t<div class=\"elementor-text-editor elementor-clearfix\"><p><strong>Remarque: veuillez vous assurer que l&rsquo;article est correctement install\u00e9 et fermement ancr\u00e9 pour une efficacit\u00e9 maximale.<\/strong><\/p><\/div>\n\t\t\t\t<\/div>\n\t\t\t\t<\/div>\n\t\t\t\t\t\t<\/div>\n\t\t\t\t\t<\/div>\n\t\t<\/div>\n\t\t\t\t\t\t\t\t<\/div>\n\t\t\t\t\t<\/div>\n\t\t<\/section>\n\t\t\t\t<section class=\"elementor-section elementor-top-section elementor-element elementor-element-21af857f elementor-section-boxed elementor-section-height-default elementor-section-height-default\" data-id=\"21af857f\" data-element_type=\"section\">\n\t\t\t\t\t\t<div class=\"elementor-container elementor-column-gap-default\">\n\t\t\t\t\t\t\t<div class=\"elementor-row\">\n\t\t\t\t\t<div class=\"elementor-column elementor-col-100 elementor-top-column elementor-element elementor-element-a1fb0f3\" data-id=\"a1fb0f3\" data-element_type=\"column\">\n\t\t\t<div class=\"elementor-column-wrap elementor-element-populated\">\n\t\t\t\t\t\t\t<div class=\"elementor-widget-wrap\">\n\t\t\t\t\t\t<div class=\"elementor-element elementor-element-4a044a83 elementor-widget elementor-widget-text-editor\" data-id=\"4a044a83\" data-element_type=\"widget\" data-widget_type=\"text-editor.default\">\n\t\t\t\t<div class=\"elementor-widget-container\">\n\t\t\t\t\t<div class=\"elementor-text-editor elementor-clearfix\"><p>Chapiteau Express n&rsquo;est pas responsable de tous dommages caus\u00e9s si le chapiteau est laiss\u00e9 expos\u00e9 \u00e0 des conditions m\u00e9t\u00e9orologiques inad\u00e9quates (pluie, neige ou \u00e0 des vents extr\u00eames). Vente finale, pas de garantie, retour ou \u00e9change. Nous vous remercions de votre confiance.<\/p><\/div>\n\t\t\t\t<\/div>\n\t\t\t\t<\/div>\n\t\t\t\t\t\t<\/div>\n\t\t\t\t\t<\/div>\n\t\t<\/div>\n\t\t\t\t\t\t\t\t<\/div>\n\t\t\t\t\t<\/div>\n\t\t<\/section>\n\t\t\t\t<section class=\"elementor-section elementor-top-section elementor-element elementor-element-407a8e18 elementor-section-boxed elementor-section-height-default elementor-section-height-default\" data-id=\"407a8e18\" data-element_type=\"section\">\n\t\t\t\t\t\t<div class=\"elementor-container elementor-column-gap-default\">\n\t\t\t\t\t\t\t<div class=\"elementor-row\">\n\t\t\t\t\t<div class=\"elementor-column elementor-col-100 elementor-top-column elementor-element elementor-element-13e56af\" data-id=\"13e56af\" data-element_type=\"column\">\n\t\t\t<div class=\"elementor-column-wrap elementor-element-populated\">\n\t\t\t\t\t\t\t<div class=\"elementor-widget-wrap\">\n\t\t\t\t\t\t<div class=\"elementor-element elementor-element-2d023fda elementor-widget elementor-widget-spacer\" data-id=\"2d023fda\" data-element_type=\"widget\" data-widget_type=\"spacer.default\">\n\t\t\t\t<div class=\"elementor-widget-container\">\n\t\t\t\t\t<div class=\"elementor-spacer\">\n\t\t\t<div class=\"elementor-spacer-inner\"><\/div>\n\t\t<\/div>\n\t\t\t\t<\/div>\n\t\t\t\t<\/div>\n\t\t\t\t\t\t<\/div>\n\t\t\t\t\t<\/div>\n\t\t<\/div>\n\t\t\t\t\t\t\t\t<\/div>\n\t\t\t\t\t<\/div>\n\t\t<\/section>\n\t\t\t\t\t\t<\/div>\n\t\t\t\t\t\t<\/div>\n\t\t\t\t\t<\/div>\n\t\t","protected":false},"excerpt":{"rendered":"<p>Chapiteau 10X30 HD Ferm\u00e9 Prix : 800,00$ Caract\u00e9ristiques Fabriqu\u00e9 \u00e0 partir d&rsquo;un cadre en acier enduit de poudre solide et d&rsquo;un tissu PE durable Protection UV efficace Auvent r\u00e9sistant \u00e0 l&rsquo;eau et \u00e0 la rouille&hellip;<\/p>\n","protected":false},"author":1,"featured_media":0,"parent":447,"menu_order":0,"comment_status":"closed","ping_status":"closed","template":"template-parts\/template-page-builders.php","meta":[],"_links":{"self":[{"href":"https:\/\/chapiteauexpress.com\/index.php?rest_route=\/wp\/v2\/pages\/671"}],"collection":[{"href":"https:\/\/chapiteauexpress.com\/index.php?rest_route=\/wp\/v2\/pages"}],"about":[{"href":"https:\/\/chapiteauexpress.com\/index.php?rest_route=\/wp\/v2\/types\/page"}],"author":[{"embeddable":true,"href":"https:\/\/chapiteauexpress.com\/index.php?rest_route=\/wp\/v2\/users\/1"}],"replies":[{"embeddable":true,"href":"https:\/\/chapiteauexpress.com\/index.php?rest_route=%2Fwp%2Fv2%2Fcomments&post=671"}],"version-history":[{"count":13,"href":"https:\/\/chapiteauexpress.com\/index.php?rest_route=\/wp\/v2\/pages\/671\/revisions"}],"predecessor-version":[{"id":2160,"href":"https:\/\/chapiteauexpress.com\/index.php?rest_route=\/wp\/v2\/pages\/671\/revisions\/2160"}],"up":[{"embeddable":true,"href":"https:\/\/chapiteauexpress.com\/index.php?rest_route=\/wp\/v2\/pages\/447"}],"wp:attachment":[{"href":"https:\/\/chapiteauexpress.com\/index.php?rest_route=%2Fwp%2Fv2%2Fmedia&parent=671"}],"curies":[{"name":"wp","href":"https:\/\/api.w.org\/{rel}","templated":true}]}}