{"id":551,"date":"2020-09-26T15:36:13","date_gmt":"2020-09-26T19:36:13","guid":{"rendered":"https:\/\/chapiteauexpress.com\/?page_id=551"},"modified":"2025-05-24T20:20:43","modified_gmt":"2025-05-25T00:20:43","slug":"chapiteau-40x20-hd-ferme","status":"publish","type":"page","link":"https:\/\/chapiteauexpress.com\/?page_id=551","title":{"rendered":"Chapiteau 40X20 HD Ferm\u00e9"},"content":{"rendered":"\t\t<div data-elementor-type=\"wp-page\" data-elementor-id=\"551\" class=\"elementor elementor-551\" data-elementor-settings=\"[]\">\n\t\t\t\t\t\t<div class=\"elementor-inner\">\n\t\t\t\t\t\t\t<div class=\"elementor-section-wrap\">\n\t\t\t\t\t\t\t<section class=\"elementor-section elementor-top-section elementor-element elementor-element-b3fbaa2 elementor-section-boxed elementor-section-height-default elementor-section-height-default\" data-id=\"b3fbaa2\" data-element_type=\"section\">\n\t\t\t\t\t\t<div class=\"elementor-container elementor-column-gap-default\">\n\t\t\t\t\t\t\t<div class=\"elementor-row\">\n\t\t\t\t\t<div class=\"elementor-column elementor-col-100 elementor-top-column elementor-element elementor-element-6d75b62\" data-id=\"6d75b62\" data-element_type=\"column\">\n\t\t\t<div class=\"elementor-column-wrap elementor-element-populated\">\n\t\t\t\t\t\t\t<div class=\"elementor-widget-wrap\">\n\t\t\t\t\t\t<div class=\"elementor-element elementor-element-0a6cffa elementor-widget elementor-widget-heading\" data-id=\"0a6cffa\" data-element_type=\"widget\" data-widget_type=\"heading.default\">\n\t\t\t\t<div class=\"elementor-widget-container\">\n\t\t\t<h2 class=\"elementor-heading-title elementor-size-default\">Chapiteau 40X20 Heavy Duty Ferm\u00e9<\/h2>\t\t<\/div>\n\t\t\t\t<\/div>\n\t\t\t\t\t\t<\/div>\n\t\t\t\t\t<\/div>\n\t\t<\/div>\n\t\t\t\t\t\t\t\t<\/div>\n\t\t\t\t\t<\/div>\n\t\t<\/section>\n\t\t\t\t<section class=\"elementor-section elementor-top-section elementor-element elementor-element-40a21b6 elementor-section-boxed elementor-section-height-default elementor-section-height-default\" data-id=\"40a21b6\" data-element_type=\"section\">\n\t\t\t\t\t\t<div class=\"elementor-container elementor-column-gap-default\">\n\t\t\t\t\t\t\t<div class=\"elementor-row\">\n\t\t\t\t\t<div class=\"elementor-column elementor-col-100 elementor-top-column elementor-element elementor-element-a1dd9d4\" data-id=\"a1dd9d4\" data-element_type=\"column\">\n\t\t\t<div class=\"elementor-column-wrap elementor-element-populated\">\n\t\t\t\t\t\t\t<div class=\"elementor-widget-wrap\">\n\t\t\t\t\t\t<div class=\"elementor-element elementor-element-b68e226 elementor-widget elementor-widget-text-editor\" data-id=\"b68e226\" data-element_type=\"widget\" data-widget_type=\"text-editor.default\">\n\t\t\t\t<div class=\"elementor-widget-container\">\n\t\t\t\t\t<div class=\"elementor-text-editor elementor-clearfix\"><p>Prix : 1450,00$<\/p><\/div>\n\t\t\t\t<\/div>\n\t\t\t\t<\/div>\n\t\t\t\t\t\t<\/div>\n\t\t\t\t\t<\/div>\n\t\t<\/div>\n\t\t\t\t\t\t\t\t<\/div>\n\t\t\t\t\t<\/div>\n\t\t<\/section>\n\t\t\t\t<section class=\"elementor-section elementor-top-section elementor-element elementor-element-b297ca6 elementor-section-boxed elementor-section-height-default elementor-section-height-default\" data-id=\"b297ca6\" data-element_type=\"section\">\n\t\t\t\t\t\t<div class=\"elementor-container elementor-column-gap-no\">\n\t\t\t\t\t\t\t<div class=\"elementor-row\">\n\t\t\t\t\t<div class=\"elementor-column elementor-col-16 elementor-top-column elementor-element elementor-element-ebf3fe5\" data-id=\"ebf3fe5\" data-element_type=\"column\">\n\t\t\t<div class=\"elementor-column-wrap elementor-element-populated\">\n\t\t\t\t\t\t\t<div class=\"elementor-widget-wrap\">\n\t\t\t\t\t\t<div class=\"elementor-element elementor-element-b0eff33 elementor-widget elementor-widget-image\" data-id=\"b0eff33\" data-element_type=\"widget\" data-widget_type=\"image.default\">\n\t\t\t\t<div class=\"elementor-widget-container\">\n\t\t\t\t\t<div class=\"elementor-image\">\n\t\t\t\t\t\t\t\t\t\t\t<a href=\"https:\/\/chapiteauexpress.com\/wp-content\/uploads\/2024\/03\/40X20-HD-FERME-84C-020-BLANC-2.jpg\" data-elementor-open-lightbox=\"yes\" data-elementor-lightbox-title=\"40X20 HD FERM\u00c9 84C-020 BLANC-2\">\n\t\t\t\t\t\t\t<img width=\"150\" height=\"150\" src=\"https:\/\/chapiteauexpress.com\/wp-content\/uploads\/2024\/03\/40X20-HD-FERME-84C-020-BLANC-2-150x150.jpg\" class=\"attachment-thumbnail size-thumbnail\" alt=\"\" loading=\"lazy\" srcset=\"https:\/\/chapiteauexpress.com\/wp-content\/uploads\/2024\/03\/40X20-HD-FERME-84C-020-BLANC-2-150x150.jpg 150w, https:\/\/chapiteauexpress.com\/wp-content\/uploads\/2024\/03\/40X20-HD-FERME-84C-020-BLANC-2-300x300.jpg 300w, https:\/\/chapiteauexpress.com\/wp-content\/uploads\/2024\/03\/40X20-HD-FERME-84C-020-BLANC-2-768x768.jpg 768w, https:\/\/chapiteauexpress.com\/wp-content\/uploads\/2024\/03\/40X20-HD-FERME-84C-020-BLANC-2.jpg 800w\" sizes=\"(max-width: 150px) 100vw, 150px\" \/>\t\t\t\t\t\t\t\t<\/a>\n\t\t\t\t\t\t\t\t\t\t\t<\/div>\n\t\t\t\t<\/div>\n\t\t\t\t<\/div>\n\t\t\t\t\t\t<\/div>\n\t\t\t\t\t<\/div>\n\t\t<\/div>\n\t\t\t\t<div class=\"elementor-column elementor-col-16 elementor-top-column elementor-element elementor-element-dbea854\" data-id=\"dbea854\" data-element_type=\"column\">\n\t\t\t<div class=\"elementor-column-wrap elementor-element-populated\">\n\t\t\t\t\t\t\t<div class=\"elementor-widget-wrap\">\n\t\t\t\t\t\t<div class=\"elementor-element elementor-element-b03e640 elementor-widget elementor-widget-image\" data-id=\"b03e640\" data-element_type=\"widget\" data-widget_type=\"image.default\">\n\t\t\t\t<div class=\"elementor-widget-container\">\n\t\t\t\t\t<div class=\"elementor-image\">\n\t\t\t\t\t\t\t\t\t\t\t<a href=\"https:\/\/chapiteauexpress.com\/wp-content\/uploads\/2024\/03\/40X20-HD-FERME-84C-020-BLANC-3.jpg\" data-elementor-open-lightbox=\"yes\" data-elementor-lightbox-title=\"40X20 HD FERM\u00c9 84C-020 BLANC-3\">\n\t\t\t\t\t\t\t<img width=\"150\" height=\"150\" src=\"https:\/\/chapiteauexpress.com\/wp-content\/uploads\/2024\/03\/40X20-HD-FERME-84C-020-BLANC-3-150x150.jpg\" class=\"attachment-thumbnail size-thumbnail\" alt=\"\" loading=\"lazy\" srcset=\"https:\/\/chapiteauexpress.com\/wp-content\/uploads\/2024\/03\/40X20-HD-FERME-84C-020-BLANC-3-150x150.jpg 150w, https:\/\/chapiteauexpress.com\/wp-content\/uploads\/2024\/03\/40X20-HD-FERME-84C-020-BLANC-3-300x300.jpg 300w, https:\/\/chapiteauexpress.com\/wp-content\/uploads\/2024\/03\/40X20-HD-FERME-84C-020-BLANC-3-768x768.jpg 768w, https:\/\/chapiteauexpress.com\/wp-content\/uploads\/2024\/03\/40X20-HD-FERME-84C-020-BLANC-3.jpg 800w\" sizes=\"(max-width: 150px) 100vw, 150px\" \/>\t\t\t\t\t\t\t\t<\/a>\n\t\t\t\t\t\t\t\t\t\t\t<\/div>\n\t\t\t\t<\/div>\n\t\t\t\t<\/div>\n\t\t\t\t\t\t<\/div>\n\t\t\t\t\t<\/div>\n\t\t<\/div>\n\t\t\t\t<div class=\"elementor-column elementor-col-16 elementor-top-column elementor-element elementor-element-00b21c7\" data-id=\"00b21c7\" data-element_type=\"column\">\n\t\t\t<div class=\"elementor-column-wrap elementor-element-populated\">\n\t\t\t\t\t\t\t<div class=\"elementor-widget-wrap\">\n\t\t\t\t\t\t<div class=\"elementor-element elementor-element-2407f21 elementor-widget elementor-widget-image\" data-id=\"2407f21\" data-element_type=\"widget\" data-widget_type=\"image.default\">\n\t\t\t\t<div class=\"elementor-widget-container\">\n\t\t\t\t\t<div class=\"elementor-image\">\n\t\t\t\t\t\t\t\t\t\t\t<a href=\"https:\/\/chapiteauexpress.com\/wp-content\/uploads\/2024\/03\/40X20-HD-FERME-84C-020-BLANC-6.jpg\" data-elementor-open-lightbox=\"yes\" data-elementor-lightbox-title=\"40X20 HD FERM\u00c9 84C-020 BLANC-6\">\n\t\t\t\t\t\t\t<img width=\"150\" height=\"150\" src=\"https:\/\/chapiteauexpress.com\/wp-content\/uploads\/2024\/03\/40X20-HD-FERME-84C-020-BLANC-6-150x150.jpg\" class=\"attachment-thumbnail size-thumbnail\" alt=\"\" loading=\"lazy\" srcset=\"https:\/\/chapiteauexpress.com\/wp-content\/uploads\/2024\/03\/40X20-HD-FERME-84C-020-BLANC-6-150x150.jpg 150w, https:\/\/chapiteauexpress.com\/wp-content\/uploads\/2024\/03\/40X20-HD-FERME-84C-020-BLANC-6-300x300.jpg 300w, https:\/\/chapiteauexpress.com\/wp-content\/uploads\/2024\/03\/40X20-HD-FERME-84C-020-BLANC-6-768x768.jpg 768w, https:\/\/chapiteauexpress.com\/wp-content\/uploads\/2024\/03\/40X20-HD-FERME-84C-020-BLANC-6.jpg 800w\" sizes=\"(max-width: 150px) 100vw, 150px\" \/>\t\t\t\t\t\t\t\t<\/a>\n\t\t\t\t\t\t\t\t\t\t\t<\/div>\n\t\t\t\t<\/div>\n\t\t\t\t<\/div>\n\t\t\t\t\t\t<\/div>\n\t\t\t\t\t<\/div>\n\t\t<\/div>\n\t\t\t\t<div class=\"elementor-column elementor-col-16 elementor-top-column elementor-element elementor-element-90fc0ee\" data-id=\"90fc0ee\" data-element_type=\"column\">\n\t\t\t<div class=\"elementor-column-wrap elementor-element-populated\">\n\t\t\t\t\t\t\t<div class=\"elementor-widget-wrap\">\n\t\t\t\t\t\t<div class=\"elementor-element elementor-element-ca66cfa elementor-widget elementor-widget-image\" data-id=\"ca66cfa\" data-element_type=\"widget\" data-widget_type=\"image.default\">\n\t\t\t\t<div class=\"elementor-widget-container\">\n\t\t\t\t\t<div class=\"elementor-image\">\n\t\t\t\t\t\t\t\t\t\t\t<a href=\"https:\/\/chapiteauexpress.com\/wp-content\/uploads\/2024\/03\/40X20-HD-FERME-84C-020-BLANC-5.jpg\" data-elementor-open-lightbox=\"yes\" data-elementor-lightbox-title=\"40X20 HD FERM\u00c9 84C-020 BLANC-5\">\n\t\t\t\t\t\t\t<img width=\"150\" height=\"150\" src=\"https:\/\/chapiteauexpress.com\/wp-content\/uploads\/2024\/03\/40X20-HD-FERME-84C-020-BLANC-5-150x150.jpg\" class=\"attachment-thumbnail size-thumbnail\" alt=\"\" loading=\"lazy\" srcset=\"https:\/\/chapiteauexpress.com\/wp-content\/uploads\/2024\/03\/40X20-HD-FERME-84C-020-BLANC-5-150x150.jpg 150w, https:\/\/chapiteauexpress.com\/wp-content\/uploads\/2024\/03\/40X20-HD-FERME-84C-020-BLANC-5-300x300.jpg 300w, https:\/\/chapiteauexpress.com\/wp-content\/uploads\/2024\/03\/40X20-HD-FERME-84C-020-BLANC-5-768x768.jpg 768w, https:\/\/chapiteauexpress.com\/wp-content\/uploads\/2024\/03\/40X20-HD-FERME-84C-020-BLANC-5.jpg 800w\" sizes=\"(max-width: 150px) 100vw, 150px\" \/>\t\t\t\t\t\t\t\t<\/a>\n\t\t\t\t\t\t\t\t\t\t\t<\/div>\n\t\t\t\t<\/div>\n\t\t\t\t<\/div>\n\t\t\t\t\t\t<\/div>\n\t\t\t\t\t<\/div>\n\t\t<\/div>\n\t\t\t\t<div class=\"elementor-column elementor-col-16 elementor-top-column elementor-element elementor-element-23ce76e\" data-id=\"23ce76e\" data-element_type=\"column\">\n\t\t\t<div class=\"elementor-column-wrap elementor-element-populated\">\n\t\t\t\t\t\t\t<div class=\"elementor-widget-wrap\">\n\t\t\t\t\t\t<div class=\"elementor-element elementor-element-a5aaa5b elementor-widget elementor-widget-image\" data-id=\"a5aaa5b\" data-element_type=\"widget\" data-widget_type=\"image.default\">\n\t\t\t\t<div class=\"elementor-widget-container\">\n\t\t\t\t\t<div class=\"elementor-image\">\n\t\t\t\t\t\t\t\t\t\t\t<a href=\"https:\/\/chapiteauexpress.com\/wp-content\/uploads\/2024\/03\/40X20-HD-FERME-84C-020-BLANC-4.jpg\" data-elementor-open-lightbox=\"yes\" data-elementor-lightbox-title=\"40X20 HD FERM\u00c9 84C-020 BLANC-4\">\n\t\t\t\t\t\t\t<img width=\"150\" height=\"150\" src=\"https:\/\/chapiteauexpress.com\/wp-content\/uploads\/2024\/03\/40X20-HD-FERME-84C-020-BLANC-4-150x150.jpg\" class=\"attachment-thumbnail size-thumbnail\" alt=\"\" loading=\"lazy\" srcset=\"https:\/\/chapiteauexpress.com\/wp-content\/uploads\/2024\/03\/40X20-HD-FERME-84C-020-BLANC-4-150x150.jpg 150w, https:\/\/chapiteauexpress.com\/wp-content\/uploads\/2024\/03\/40X20-HD-FERME-84C-020-BLANC-4-300x300.jpg 300w, https:\/\/chapiteauexpress.com\/wp-content\/uploads\/2024\/03\/40X20-HD-FERME-84C-020-BLANC-4-768x768.jpg 768w, https:\/\/chapiteauexpress.com\/wp-content\/uploads\/2024\/03\/40X20-HD-FERME-84C-020-BLANC-4.jpg 800w\" sizes=\"(max-width: 150px) 100vw, 150px\" \/>\t\t\t\t\t\t\t\t<\/a>\n\t\t\t\t\t\t\t\t\t\t\t<\/div>\n\t\t\t\t<\/div>\n\t\t\t\t<\/div>\n\t\t\t\t\t\t<\/div>\n\t\t\t\t\t<\/div>\n\t\t<\/div>\n\t\t\t\t<div class=\"elementor-column elementor-col-16 elementor-top-column elementor-element elementor-element-1e7e4cd\" data-id=\"1e7e4cd\" data-element_type=\"column\">\n\t\t\t<div class=\"elementor-column-wrap elementor-element-populated\">\n\t\t\t\t\t\t\t<div class=\"elementor-widget-wrap\">\n\t\t\t\t\t\t<div class=\"elementor-element elementor-element-97caa12 elementor-widget elementor-widget-image\" data-id=\"97caa12\" data-element_type=\"widget\" data-widget_type=\"image.default\">\n\t\t\t\t<div class=\"elementor-widget-container\">\n\t\t\t\t\t<div class=\"elementor-image\">\n\t\t\t\t\t\t\t\t\t\t\t<a href=\"https:\/\/chapiteauexpress.com\/wp-content\/uploads\/2024\/03\/40X20-HD-FERME-84C-020-BLANC-7.jpg\" data-elementor-open-lightbox=\"yes\" data-elementor-lightbox-title=\"40X20 HD FERM\u00c9 84C-020 BLANC-7\">\n\t\t\t\t\t\t\t<img width=\"150\" height=\"150\" src=\"https:\/\/chapiteauexpress.com\/wp-content\/uploads\/2024\/03\/40X20-HD-FERME-84C-020-BLANC-7-150x150.jpg\" class=\"attachment-thumbnail size-thumbnail\" alt=\"\" loading=\"lazy\" srcset=\"https:\/\/chapiteauexpress.com\/wp-content\/uploads\/2024\/03\/40X20-HD-FERME-84C-020-BLANC-7-150x150.jpg 150w, https:\/\/chapiteauexpress.com\/wp-content\/uploads\/2024\/03\/40X20-HD-FERME-84C-020-BLANC-7-300x300.jpg 300w, https:\/\/chapiteauexpress.com\/wp-content\/uploads\/2024\/03\/40X20-HD-FERME-84C-020-BLANC-7-768x768.jpg 768w, https:\/\/chapiteauexpress.com\/wp-content\/uploads\/2024\/03\/40X20-HD-FERME-84C-020-BLANC-7.jpg 800w\" sizes=\"(max-width: 150px) 100vw, 150px\" \/>\t\t\t\t\t\t\t\t<\/a>\n\t\t\t\t\t\t\t\t\t\t\t<\/div>\n\t\t\t\t<\/div>\n\t\t\t\t<\/div>\n\t\t\t\t\t\t<\/div>\n\t\t\t\t\t<\/div>\n\t\t<\/div>\n\t\t\t\t\t\t\t\t<\/div>\n\t\t\t\t\t<\/div>\n\t\t<\/section>\n\t\t\t\t<section class=\"elementor-section elementor-top-section elementor-element elementor-element-694d0f9 elementor-section-boxed elementor-section-height-default elementor-section-height-default\" data-id=\"694d0f9\" data-element_type=\"section\">\n\t\t\t\t\t\t<div class=\"elementor-container elementor-column-gap-default\">\n\t\t\t\t\t\t\t<div class=\"elementor-row\">\n\t\t\t\t\t<div class=\"elementor-column elementor-col-100 elementor-top-column elementor-element elementor-element-8671a3e\" data-id=\"8671a3e\" data-element_type=\"column\">\n\t\t\t<div class=\"elementor-column-wrap elementor-element-populated\">\n\t\t\t\t\t\t\t<div class=\"elementor-widget-wrap\">\n\t\t\t\t\t\t<div class=\"elementor-element elementor-element-82a77af elementor-widget elementor-widget-heading\" data-id=\"82a77af\" data-element_type=\"widget\" data-widget_type=\"heading.default\">\n\t\t\t\t<div class=\"elementor-widget-container\">\n\t\t\t<h3 class=\"elementor-heading-title elementor-size-default\">Caract\u00e9ristiques<\/h3>\t\t<\/div>\n\t\t\t\t<\/div>\n\t\t\t\t\t\t<\/div>\n\t\t\t\t\t<\/div>\n\t\t<\/div>\n\t\t\t\t\t\t\t\t<\/div>\n\t\t\t\t\t<\/div>\n\t\t<\/section>\n\t\t\t\t<section class=\"elementor-section elementor-top-section elementor-element elementor-element-546f10a elementor-section-boxed elementor-section-height-default elementor-section-height-default\" data-id=\"546f10a\" data-element_type=\"section\">\n\t\t\t\t\t\t<div class=\"elementor-container elementor-column-gap-default\">\n\t\t\t\t\t\t\t<div class=\"elementor-row\">\n\t\t\t\t\t<div class=\"elementor-column elementor-col-100 elementor-top-column elementor-element elementor-element-2fa3cdc\" data-id=\"2fa3cdc\" data-element_type=\"column\">\n\t\t\t<div class=\"elementor-column-wrap elementor-element-populated\">\n\t\t\t\t\t\t\t<div class=\"elementor-widget-wrap\">\n\t\t\t\t\t\t<div class=\"elementor-element elementor-element-74a9783 elementor-widget elementor-widget-text-editor\" data-id=\"74a9783\" data-element_type=\"widget\" data-widget_type=\"text-editor.default\">\n\t\t\t\t<div class=\"elementor-widget-container\">\n\t\t\t\t\t<div class=\"elementor-text-editor elementor-clearfix\"><ul><li>Construit avec un cadre en acier robuste et r\u00e9sistant \u00e0 la rouille pour une stabilit\u00e9 et une r\u00e9sistance sup\u00e9rieures<\/li><li>Tissu PE haute densit\u00e9 r\u00e9sistant \u00e0 l&rsquo;eau et aux UV pour la protection des \u00e9l\u00e9ments<\/li><li>Parois lat\u00e9rales amovibles, porte zipp\u00e9e et fen\u00eatres en PVC pour une excellente ventilation<\/li><li>Tuyaux en acier renforc\u00e9 et tuyaux de terre pour plus de r\u00e9sistance<\/li><li>Il est recommand\u00e9 d&rsquo;utiliser des piquets et des cordes \u00e9quip\u00e9s avec la tente pour am\u00e9liorer sa stabilit\u00e9<\/li><li>Id\u00e9al pour toute occasion comme un marriage, soir\u00e9e barbecue et le camping, etc.<\/li><li>Un processus de configuration simple est n\u00e9cessaire<\/li><\/ul><\/div>\n\t\t\t\t<\/div>\n\t\t\t\t<\/div>\n\t\t\t\t\t\t<\/div>\n\t\t\t\t\t<\/div>\n\t\t<\/div>\n\t\t\t\t\t\t\t\t<\/div>\n\t\t\t\t\t<\/div>\n\t\t<\/section>\n\t\t\t\t<section class=\"elementor-section elementor-top-section elementor-element elementor-element-5a19d98 elementor-section-boxed elementor-section-height-default elementor-section-height-default\" data-id=\"5a19d98\" data-element_type=\"section\">\n\t\t\t\t\t\t<div class=\"elementor-container elementor-column-gap-default\">\n\t\t\t\t\t\t\t<div class=\"elementor-row\">\n\t\t\t\t\t<div class=\"elementor-column elementor-col-100 elementor-top-column elementor-element elementor-element-e9b2de8\" data-id=\"e9b2de8\" data-element_type=\"column\">\n\t\t\t<div class=\"elementor-column-wrap elementor-element-populated\">\n\t\t\t\t\t\t\t<div class=\"elementor-widget-wrap\">\n\t\t\t\t\t\t<div class=\"elementor-element elementor-element-b6e0c00 elementor-widget elementor-widget-heading\" data-id=\"b6e0c00\" data-element_type=\"widget\" data-widget_type=\"heading.default\">\n\t\t\t\t<div class=\"elementor-widget-container\">\n\t\t\t<h3 class=\"elementor-heading-title elementor-size-default\">Sp\u00e9cifications<\/h3>\t\t<\/div>\n\t\t\t\t<\/div>\n\t\t\t\t\t\t<\/div>\n\t\t\t\t\t<\/div>\n\t\t<\/div>\n\t\t\t\t\t\t\t\t<\/div>\n\t\t\t\t\t<\/div>\n\t\t<\/section>\n\t\t\t\t<section class=\"elementor-section elementor-top-section elementor-element elementor-element-860078d elementor-section-boxed elementor-section-height-default elementor-section-height-default\" data-id=\"860078d\" data-element_type=\"section\">\n\t\t\t\t\t\t<div class=\"elementor-container elementor-column-gap-default\">\n\t\t\t\t\t\t\t<div class=\"elementor-row\">\n\t\t\t\t\t<div class=\"elementor-column elementor-col-100 elementor-top-column elementor-element elementor-element-e66cefa\" data-id=\"e66cefa\" data-element_type=\"column\">\n\t\t\t<div class=\"elementor-column-wrap elementor-element-populated\">\n\t\t\t\t\t\t\t<div class=\"elementor-widget-wrap\">\n\t\t\t\t\t\t<div class=\"elementor-element elementor-element-7f24375 elementor-widget elementor-widget-text-editor\" data-id=\"7f24375\" data-element_type=\"widget\" data-widget_type=\"text-editor.default\">\n\t\t\t\t<div class=\"elementor-widget-container\">\n\t\t\t\t\t<div class=\"elementor-text-editor elementor-clearfix\"><ul><li>Mat\u00e9riel: Tuyau d&rsquo;acier 160gsm et tissu PE 180gsm<\/li><li>Couleur: blanc<\/li><li>Poids net: 382,8 lb<\/li><li>Taille globale: 472,4 \u00ab\u00a0L x 236,2\u00a0\u00bb W<\/li><li>Hauteur des avant-toits: 78,7 \u00ab\u00a0H<\/li><li>Hauteur du haut: 126 \u00ab\u00a0H<\/li><li>Taille de la porte \u00e0 fermeture \u00e9clair: 196,9 \u00ab\u00a0L x 83,9\u00a0\u00bb H<\/li><li>Taille de la fen\u00eatre: 56,7 \u00ab\u00a0L x 51,2\u00a0\u00bb H<\/li><li>Taille du coude galvanis\u00e9: \u03c61,7 \u00ab\u00a0x 0,05\u00a0\u00bb T (1,2 mm)<\/li><li>Taille du tuyau de renforcement sup\u00e9rieur et du tuyau de terre: \u03c61,1 \u00ab\u00a0x 0,03\u00a0\u00bb T (0,8 mm)<\/li><li>Accessoires: 4 x cordes de traction 18 x clous de terre<\/li><\/ul><\/div>\n\t\t\t\t<\/div>\n\t\t\t\t<\/div>\n\t\t\t\t\t\t<\/div>\n\t\t\t\t\t<\/div>\n\t\t<\/div>\n\t\t\t\t\t\t\t\t<\/div>\n\t\t\t\t\t<\/div>\n\t\t<\/section>\n\t\t\t\t<section class=\"elementor-section elementor-top-section elementor-element elementor-element-1d6da27 elementor-section-boxed elementor-section-height-default elementor-section-height-default\" data-id=\"1d6da27\" data-element_type=\"section\">\n\t\t\t\t\t\t<div class=\"elementor-container elementor-column-gap-default\">\n\t\t\t\t\t\t\t<div class=\"elementor-row\">\n\t\t\t\t\t<div class=\"elementor-column elementor-col-100 elementor-top-column elementor-element elementor-element-a3e2976\" data-id=\"a3e2976\" data-element_type=\"column\">\n\t\t\t<div class=\"elementor-column-wrap elementor-element-populated\">\n\t\t\t\t\t\t\t<div class=\"elementor-widget-wrap\">\n\t\t\t\t\t\t<div class=\"elementor-element elementor-element-8d600c6 elementor-widget elementor-widget-text-editor\" data-id=\"8d600c6\" data-element_type=\"widget\" data-widget_type=\"text-editor.default\">\n\t\t\t\t<div class=\"elementor-widget-container\">\n\t\t\t\t\t<div class=\"elementor-text-editor elementor-clearfix\"><p><strong>Remarque: veuillez vous assurer que l&rsquo;article est correctement install\u00e9 et fermement ancr\u00e9 pour une efficacit\u00e9 maximale.<\/strong><\/p><\/div>\n\t\t\t\t<\/div>\n\t\t\t\t<\/div>\n\t\t\t\t\t\t<\/div>\n\t\t\t\t\t<\/div>\n\t\t<\/div>\n\t\t\t\t\t\t\t\t<\/div>\n\t\t\t\t\t<\/div>\n\t\t<\/section>\n\t\t\t\t<section class=\"elementor-section elementor-top-section elementor-element elementor-element-5bb5eac elementor-section-boxed elementor-section-height-default elementor-section-height-default\" data-id=\"5bb5eac\" data-element_type=\"section\">\n\t\t\t\t\t\t<div class=\"elementor-container elementor-column-gap-default\">\n\t\t\t\t\t\t\t<div class=\"elementor-row\">\n\t\t\t\t\t<div class=\"elementor-column elementor-col-100 elementor-top-column elementor-element elementor-element-56dfc4b\" data-id=\"56dfc4b\" data-element_type=\"column\">\n\t\t\t<div class=\"elementor-column-wrap elementor-element-populated\">\n\t\t\t\t\t\t\t<div class=\"elementor-widget-wrap\">\n\t\t\t\t\t\t<div class=\"elementor-element elementor-element-9c28f5e elementor-widget elementor-widget-text-editor\" data-id=\"9c28f5e\" data-element_type=\"widget\" data-widget_type=\"text-editor.default\">\n\t\t\t\t<div class=\"elementor-widget-container\">\n\t\t\t\t\t<div class=\"elementor-text-editor elementor-clearfix\"><p>Chapiteau Express n&rsquo;est pas responsable de tous dommages caus\u00e9s si le chapiteau est laiss\u00e9 expos\u00e9 \u00e0 des conditions m\u00e9t\u00e9orologiques inad\u00e9quates (pluie, neige ou \u00e0 des vents extr\u00eames). Vente finale, pas de garantie, retour ou \u00e9change. Nous vous remercions de votre confiance.<\/p><\/div>\n\t\t\t\t<\/div>\n\t\t\t\t<\/div>\n\t\t\t\t\t\t<\/div>\n\t\t\t\t\t<\/div>\n\t\t<\/div>\n\t\t\t\t\t\t\t\t<\/div>\n\t\t\t\t\t<\/div>\n\t\t<\/section>\n\t\t\t\t<section class=\"elementor-section elementor-top-section elementor-element elementor-element-125e531 elementor-section-boxed elementor-section-height-default elementor-section-height-default\" data-id=\"125e531\" data-element_type=\"section\">\n\t\t\t\t\t\t<div class=\"elementor-container elementor-column-gap-default\">\n\t\t\t\t\t\t\t<div class=\"elementor-row\">\n\t\t\t\t\t<div class=\"elementor-column elementor-col-100 elementor-top-column elementor-element elementor-element-197b70e\" data-id=\"197b70e\" data-element_type=\"column\">\n\t\t\t<div class=\"elementor-column-wrap elementor-element-populated\">\n\t\t\t\t\t\t\t<div class=\"elementor-widget-wrap\">\n\t\t\t\t\t\t<div class=\"elementor-element elementor-element-628d8f6 elementor-widget elementor-widget-spacer\" data-id=\"628d8f6\" data-element_type=\"widget\" data-widget_type=\"spacer.default\">\n\t\t\t\t<div class=\"elementor-widget-container\">\n\t\t\t\t\t<div class=\"elementor-spacer\">\n\t\t\t<div class=\"elementor-spacer-inner\"><\/div>\n\t\t<\/div>\n\t\t\t\t<\/div>\n\t\t\t\t<\/div>\n\t\t\t\t\t\t<\/div>\n\t\t\t\t\t<\/div>\n\t\t<\/div>\n\t\t\t\t\t\t\t\t<\/div>\n\t\t\t\t\t<\/div>\n\t\t<\/section>\n\t\t\t\t\t\t<\/div>\n\t\t\t\t\t\t<\/div>\n\t\t\t\t\t<\/div>\n\t\t","protected":false},"excerpt":{"rendered":"<p>Chapiteau 40X20 Heavy Duty Ferm\u00e9 Prix : 1450,00$ Caract\u00e9ristiques Construit avec un cadre en acier robuste et r\u00e9sistant \u00e0 la rouille pour une stabilit\u00e9 et une r\u00e9sistance sup\u00e9rieures Tissu PE haute densit\u00e9 r\u00e9sistant \u00e0 l&rsquo;eau&hellip;<\/p>\n","protected":false},"author":1,"featured_media":0,"parent":447,"menu_order":0,"comment_status":"closed","ping_status":"closed","template":"template-parts\/template-page-builders.php","meta":[],"_links":{"self":[{"href":"https:\/\/chapiteauexpress.com\/index.php?rest_route=\/wp\/v2\/pages\/551"}],"collection":[{"href":"https:\/\/chapiteauexpress.com\/index.php?rest_route=\/wp\/v2\/pages"}],"about":[{"href":"https:\/\/chapiteauexpress.com\/index.php?rest_route=\/wp\/v2\/types\/page"}],"author":[{"embeddable":true,"href":"https:\/\/chapiteauexpress.com\/index.php?rest_route=\/wp\/v2\/users\/1"}],"replies":[{"embeddable":true,"href":"https:\/\/chapiteauexpress.com\/index.php?rest_route=%2Fwp%2Fv2%2Fcomments&post=551"}],"version-history":[{"count":47,"href":"https:\/\/chapiteauexpress.com\/index.php?rest_route=\/wp\/v2\/pages\/551\/revisions"}],"predecessor-version":[{"id":2445,"href":"https:\/\/chapiteauexpress.com\/index.php?rest_route=\/wp\/v2\/pages\/551\/revisions\/2445"}],"up":[{"embeddable":true,"href":"https:\/\/chapiteauexpress.com\/index.php?rest_route=\/wp\/v2\/pages\/447"}],"wp:attachment":[{"href":"https:\/\/chapiteauexpress.com\/index.php?rest_route=%2Fwp%2Fv2%2Fmedia&parent=551"}],"curies":[{"name":"wp","href":"https:\/\/api.w.org\/{rel}","templated":true}]}}