{"id":1238,"date":"2020-10-05T20:29:09","date_gmt":"2020-10-06T00:29:09","guid":{"rendered":"https:\/\/chapiteauexpress.com\/?page_id=1238"},"modified":"2025-05-22T21:08:24","modified_gmt":"2025-05-23T01:08:24","slug":"gazebo-10x13-net-et-parois-6-cotes","status":"publish","type":"page","link":"https:\/\/chapiteauexpress.com\/?page_id=1238","title":{"rendered":"Gazebo 10X13 Net et Parois (6 Cot\u00e9s)"},"content":{"rendered":"\t\t<div data-elementor-type=\"wp-page\" data-elementor-id=\"1238\" class=\"elementor elementor-1238\" data-elementor-settings=\"[]\">\n\t\t\t\t\t\t<div class=\"elementor-inner\">\n\t\t\t\t\t\t\t<div class=\"elementor-section-wrap\">\n\t\t\t\t\t\t\t<section class=\"elementor-section elementor-top-section elementor-element elementor-element-21442cb3 elementor-section-boxed elementor-section-height-default elementor-section-height-default\" data-id=\"21442cb3\" data-element_type=\"section\">\n\t\t\t\t\t\t<div class=\"elementor-container elementor-column-gap-default\">\n\t\t\t\t\t\t\t<div class=\"elementor-row\">\n\t\t\t\t\t<div class=\"elementor-column elementor-col-100 elementor-top-column elementor-element elementor-element-4362628f\" data-id=\"4362628f\" data-element_type=\"column\">\n\t\t\t<div class=\"elementor-column-wrap elementor-element-populated\">\n\t\t\t\t\t\t\t<div class=\"elementor-widget-wrap\">\n\t\t\t\t\t\t<div class=\"elementor-element elementor-element-4650b404 elementor-widget elementor-widget-heading\" data-id=\"4650b404\" data-element_type=\"widget\" data-widget_type=\"heading.default\">\n\t\t\t\t<div class=\"elementor-widget-container\">\n\t\t\t<h2 class=\"elementor-heading-title elementor-size-default\">Gazebo 10X13 Net et Parois (6 Cot\u00e9s)<\/h2>\t\t<\/div>\n\t\t\t\t<\/div>\n\t\t\t\t\t\t<\/div>\n\t\t\t\t\t<\/div>\n\t\t<\/div>\n\t\t\t\t\t\t\t\t<\/div>\n\t\t\t\t\t<\/div>\n\t\t<\/section>\n\t\t\t\t<section class=\"elementor-section elementor-top-section elementor-element elementor-element-6ce9777d elementor-section-boxed elementor-section-height-default elementor-section-height-default\" data-id=\"6ce9777d\" data-element_type=\"section\">\n\t\t\t\t\t\t<div class=\"elementor-container elementor-column-gap-default\">\n\t\t\t\t\t\t\t<div class=\"elementor-row\">\n\t\t\t\t\t<div class=\"elementor-column elementor-col-100 elementor-top-column elementor-element elementor-element-4294272\" data-id=\"4294272\" data-element_type=\"column\">\n\t\t\t<div class=\"elementor-column-wrap elementor-element-populated\">\n\t\t\t\t\t\t\t<div class=\"elementor-widget-wrap\">\n\t\t\t\t\t\t<div class=\"elementor-element elementor-element-6252089f elementor-widget elementor-widget-text-editor\" data-id=\"6252089f\" data-element_type=\"widget\" data-widget_type=\"text-editor.default\">\n\t\t\t\t<div class=\"elementor-widget-container\">\n\t\t\t\t\t<div class=\"elementor-text-editor elementor-clearfix\"><p>Prix : 600,00$<\/p><\/div>\n\t\t\t\t<\/div>\n\t\t\t\t<\/div>\n\t\t\t\t\t\t<\/div>\n\t\t\t\t\t<\/div>\n\t\t<\/div>\n\t\t\t\t\t\t\t\t<\/div>\n\t\t\t\t\t<\/div>\n\t\t<\/section>\n\t\t\t\t<section class=\"elementor-section elementor-top-section elementor-element elementor-element-93b919c elementor-section-boxed elementor-section-height-default elementor-section-height-default\" data-id=\"93b919c\" data-element_type=\"section\">\n\t\t\t\t\t\t<div class=\"elementor-container elementor-column-gap-default\">\n\t\t\t\t\t\t\t<div class=\"elementor-row\">\n\t\t\t\t\t<div class=\"elementor-column elementor-col-20 elementor-top-column elementor-element elementor-element-d06b9ae\" data-id=\"d06b9ae\" data-element_type=\"column\">\n\t\t\t<div class=\"elementor-column-wrap elementor-element-populated\">\n\t\t\t\t\t\t\t<div class=\"elementor-widget-wrap\">\n\t\t\t\t\t\t<div class=\"elementor-element elementor-element-86f5ea8 elementor-widget elementor-widget-image\" data-id=\"86f5ea8\" data-element_type=\"widget\" data-widget_type=\"image.default\">\n\t\t\t\t<div class=\"elementor-widget-container\">\n\t\t\t\t\t<div class=\"elementor-image\">\n\t\t\t\t\t\t\t\t\t\t\t<a href=\"https:\/\/chapiteauexpress.com\/wp-content\/uploads\/2020\/10\/10x13-GAZEBO-AVEC-NET-ET-RIDEAU-6-COTES-84C-052YL-BLANC-CREME-1.jpg\" data-elementor-open-lightbox=\"yes\" data-elementor-lightbox-title=\"10x13 GAZEBO AVEC NET ET RIDEAU 6 COT\u00c9S 84C-052YL BLANC CREME-1\">\n\t\t\t\t\t\t\t<img width=\"300\" height=\"300\" src=\"https:\/\/chapiteauexpress.com\/wp-content\/uploads\/2020\/10\/10x13-GAZEBO-AVEC-NET-ET-RIDEAU-6-COTES-84C-052YL-BLANC-CREME-1-300x300.jpg\" class=\"elementor-animation-grow attachment-medium size-medium\" alt=\"\" loading=\"lazy\" srcset=\"https:\/\/chapiteauexpress.com\/wp-content\/uploads\/2020\/10\/10x13-GAZEBO-AVEC-NET-ET-RIDEAU-6-COTES-84C-052YL-BLANC-CREME-1-300x300.jpg 300w, https:\/\/chapiteauexpress.com\/wp-content\/uploads\/2020\/10\/10x13-GAZEBO-AVEC-NET-ET-RIDEAU-6-COTES-84C-052YL-BLANC-CREME-1-1024x1024.jpg 1024w, https:\/\/chapiteauexpress.com\/wp-content\/uploads\/2020\/10\/10x13-GAZEBO-AVEC-NET-ET-RIDEAU-6-COTES-84C-052YL-BLANC-CREME-1-150x150.jpg 150w, https:\/\/chapiteauexpress.com\/wp-content\/uploads\/2020\/10\/10x13-GAZEBO-AVEC-NET-ET-RIDEAU-6-COTES-84C-052YL-BLANC-CREME-1-768x768.jpg 768w, https:\/\/chapiteauexpress.com\/wp-content\/uploads\/2020\/10\/10x13-GAZEBO-AVEC-NET-ET-RIDEAU-6-COTES-84C-052YL-BLANC-CREME-1.jpg 1500w\" sizes=\"(max-width: 300px) 100vw, 300px\" \/>\t\t\t\t\t\t\t\t<\/a>\n\t\t\t\t\t\t\t\t\t\t\t<\/div>\n\t\t\t\t<\/div>\n\t\t\t\t<\/div>\n\t\t\t\t\t\t<\/div>\n\t\t\t\t\t<\/div>\n\t\t<\/div>\n\t\t\t\t<div class=\"elementor-column elementor-col-20 elementor-top-column elementor-element elementor-element-21166ac\" data-id=\"21166ac\" data-element_type=\"column\">\n\t\t\t<div class=\"elementor-column-wrap elementor-element-populated\">\n\t\t\t\t\t\t\t<div class=\"elementor-widget-wrap\">\n\t\t\t\t\t\t<div class=\"elementor-element elementor-element-ce1079f elementor-widget elementor-widget-image\" data-id=\"ce1079f\" data-element_type=\"widget\" data-widget_type=\"image.default\">\n\t\t\t\t<div class=\"elementor-widget-container\">\n\t\t\t\t\t<div class=\"elementor-image\">\n\t\t\t\t\t\t\t\t\t\t\t<a href=\"https:\/\/chapiteauexpress.com\/wp-content\/uploads\/2020\/10\/10x13-GAZEBO-AVEC-NET-ET-RIDEAU-6-COTES-84C-052YL-BLANC-CREME-2.jpg\" data-elementor-open-lightbox=\"yes\" data-elementor-lightbox-title=\"10x13 GAZEBO AVEC NET ET RIDEAU 6 COT\u00c9S 84C-052YL BLANC CREME-2\">\n\t\t\t\t\t\t\t<img width=\"300\" height=\"300\" src=\"https:\/\/chapiteauexpress.com\/wp-content\/uploads\/2020\/10\/10x13-GAZEBO-AVEC-NET-ET-RIDEAU-6-COTES-84C-052YL-BLANC-CREME-2-300x300.jpg\" class=\"elementor-animation-grow attachment-medium size-medium\" alt=\"\" loading=\"lazy\" srcset=\"https:\/\/chapiteauexpress.com\/wp-content\/uploads\/2020\/10\/10x13-GAZEBO-AVEC-NET-ET-RIDEAU-6-COTES-84C-052YL-BLANC-CREME-2-300x300.jpg 300w, https:\/\/chapiteauexpress.com\/wp-content\/uploads\/2020\/10\/10x13-GAZEBO-AVEC-NET-ET-RIDEAU-6-COTES-84C-052YL-BLANC-CREME-2-1024x1024.jpg 1024w, https:\/\/chapiteauexpress.com\/wp-content\/uploads\/2020\/10\/10x13-GAZEBO-AVEC-NET-ET-RIDEAU-6-COTES-84C-052YL-BLANC-CREME-2-150x150.jpg 150w, https:\/\/chapiteauexpress.com\/wp-content\/uploads\/2020\/10\/10x13-GAZEBO-AVEC-NET-ET-RIDEAU-6-COTES-84C-052YL-BLANC-CREME-2-768x768.jpg 768w, https:\/\/chapiteauexpress.com\/wp-content\/uploads\/2020\/10\/10x13-GAZEBO-AVEC-NET-ET-RIDEAU-6-COTES-84C-052YL-BLANC-CREME-2.jpg 1500w\" sizes=\"(max-width: 300px) 100vw, 300px\" \/>\t\t\t\t\t\t\t\t<\/a>\n\t\t\t\t\t\t\t\t\t\t\t<\/div>\n\t\t\t\t<\/div>\n\t\t\t\t<\/div>\n\t\t\t\t\t\t<\/div>\n\t\t\t\t\t<\/div>\n\t\t<\/div>\n\t\t\t\t<div class=\"elementor-column elementor-col-20 elementor-top-column elementor-element elementor-element-5f3fcb7\" data-id=\"5f3fcb7\" data-element_type=\"column\">\n\t\t\t<div class=\"elementor-column-wrap elementor-element-populated\">\n\t\t\t\t\t\t\t<div class=\"elementor-widget-wrap\">\n\t\t\t\t\t\t<div class=\"elementor-element elementor-element-ca51574 elementor-widget elementor-widget-image\" data-id=\"ca51574\" data-element_type=\"widget\" data-widget_type=\"image.default\">\n\t\t\t\t<div class=\"elementor-widget-container\">\n\t\t\t\t\t<div class=\"elementor-image\">\n\t\t\t\t\t\t\t\t\t\t\t<a href=\"https:\/\/chapiteauexpress.com\/wp-content\/uploads\/2021\/02\/10x13-GAZEBO-AVEC-NET-ET-RIDEAU-6-COTES-84C-052YL-BLANC-CREME-7.jpg\" data-elementor-open-lightbox=\"yes\" data-elementor-lightbox-title=\"10x13 GAZEBO AVEC NET ET RIDEAU 6 COT\u00c9S 84C-052YL BLANC CREME-7\">\n\t\t\t\t\t\t\t<img width=\"300\" height=\"300\" src=\"https:\/\/chapiteauexpress.com\/wp-content\/uploads\/2021\/02\/10x13-GAZEBO-AVEC-NET-ET-RIDEAU-6-COTES-84C-052YL-BLANC-CREME-7-300x300.jpg\" class=\"elementor-animation-grow attachment-medium size-medium\" alt=\"\" loading=\"lazy\" srcset=\"https:\/\/chapiteauexpress.com\/wp-content\/uploads\/2021\/02\/10x13-GAZEBO-AVEC-NET-ET-RIDEAU-6-COTES-84C-052YL-BLANC-CREME-7-300x300.jpg 300w, https:\/\/chapiteauexpress.com\/wp-content\/uploads\/2021\/02\/10x13-GAZEBO-AVEC-NET-ET-RIDEAU-6-COTES-84C-052YL-BLANC-CREME-7-1024x1024.jpg 1024w, https:\/\/chapiteauexpress.com\/wp-content\/uploads\/2021\/02\/10x13-GAZEBO-AVEC-NET-ET-RIDEAU-6-COTES-84C-052YL-BLANC-CREME-7-150x150.jpg 150w, https:\/\/chapiteauexpress.com\/wp-content\/uploads\/2021\/02\/10x13-GAZEBO-AVEC-NET-ET-RIDEAU-6-COTES-84C-052YL-BLANC-CREME-7-768x768.jpg 768w, https:\/\/chapiteauexpress.com\/wp-content\/uploads\/2021\/02\/10x13-GAZEBO-AVEC-NET-ET-RIDEAU-6-COTES-84C-052YL-BLANC-CREME-7.jpg 1500w\" sizes=\"(max-width: 300px) 100vw, 300px\" \/>\t\t\t\t\t\t\t\t<\/a>\n\t\t\t\t\t\t\t\t\t\t\t<\/div>\n\t\t\t\t<\/div>\n\t\t\t\t<\/div>\n\t\t\t\t\t\t<\/div>\n\t\t\t\t\t<\/div>\n\t\t<\/div>\n\t\t\t\t<div class=\"elementor-column elementor-col-20 elementor-top-column elementor-element elementor-element-9c74158\" data-id=\"9c74158\" data-element_type=\"column\">\n\t\t\t<div class=\"elementor-column-wrap elementor-element-populated\">\n\t\t\t\t\t\t\t<div class=\"elementor-widget-wrap\">\n\t\t\t\t\t\t<div class=\"elementor-element elementor-element-be5e9c9 elementor-widget elementor-widget-image\" data-id=\"be5e9c9\" data-element_type=\"widget\" data-widget_type=\"image.default\">\n\t\t\t\t<div class=\"elementor-widget-container\">\n\t\t\t\t\t<div class=\"elementor-image\">\n\t\t\t\t\t\t\t\t\t\t\t<a href=\"https:\/\/chapiteauexpress.com\/wp-content\/uploads\/2021\/02\/10x13-GAZEBO-AVEC-NET-ET-RIDEAU-6-COTES-84C-052YL-BLANC-CREME-4.jpg\" data-elementor-open-lightbox=\"yes\" data-elementor-lightbox-title=\"10x13 GAZEBO AVEC NET ET RIDEAU 6 COT\u00c9S 84C-052YL BLANC CREME-4\">\n\t\t\t\t\t\t\t<img width=\"300\" height=\"300\" src=\"https:\/\/chapiteauexpress.com\/wp-content\/uploads\/2021\/02\/10x13-GAZEBO-AVEC-NET-ET-RIDEAU-6-COTES-84C-052YL-BLANC-CREME-4-300x300.jpg\" class=\"elementor-animation-grow attachment-medium size-medium\" alt=\"\" loading=\"lazy\" srcset=\"https:\/\/chapiteauexpress.com\/wp-content\/uploads\/2021\/02\/10x13-GAZEBO-AVEC-NET-ET-RIDEAU-6-COTES-84C-052YL-BLANC-CREME-4-300x300.jpg 300w, https:\/\/chapiteauexpress.com\/wp-content\/uploads\/2021\/02\/10x13-GAZEBO-AVEC-NET-ET-RIDEAU-6-COTES-84C-052YL-BLANC-CREME-4-1024x1024.jpg 1024w, https:\/\/chapiteauexpress.com\/wp-content\/uploads\/2021\/02\/10x13-GAZEBO-AVEC-NET-ET-RIDEAU-6-COTES-84C-052YL-BLANC-CREME-4-150x150.jpg 150w, https:\/\/chapiteauexpress.com\/wp-content\/uploads\/2021\/02\/10x13-GAZEBO-AVEC-NET-ET-RIDEAU-6-COTES-84C-052YL-BLANC-CREME-4-768x768.jpg 768w, https:\/\/chapiteauexpress.com\/wp-content\/uploads\/2021\/02\/10x13-GAZEBO-AVEC-NET-ET-RIDEAU-6-COTES-84C-052YL-BLANC-CREME-4.jpg 1500w\" sizes=\"(max-width: 300px) 100vw, 300px\" \/>\t\t\t\t\t\t\t\t<\/a>\n\t\t\t\t\t\t\t\t\t\t\t<\/div>\n\t\t\t\t<\/div>\n\t\t\t\t<\/div>\n\t\t\t\t\t\t<\/div>\n\t\t\t\t\t<\/div>\n\t\t<\/div>\n\t\t\t\t<div class=\"elementor-column elementor-col-20 elementor-top-column elementor-element elementor-element-780a151\" data-id=\"780a151\" data-element_type=\"column\">\n\t\t\t<div class=\"elementor-column-wrap elementor-element-populated\">\n\t\t\t\t\t\t\t<div class=\"elementor-widget-wrap\">\n\t\t\t\t\t\t<div class=\"elementor-element elementor-element-a61254d elementor-widget elementor-widget-image\" data-id=\"a61254d\" data-element_type=\"widget\" data-widget_type=\"image.default\">\n\t\t\t\t<div class=\"elementor-widget-container\">\n\t\t\t\t\t<div class=\"elementor-image\">\n\t\t\t\t\t\t\t\t\t\t\t<a href=\"https:\/\/chapiteauexpress.com\/wp-content\/uploads\/2021\/02\/10x13-GAZEBO-AVEC-NET-ET-RIDEAU-6-COTES-84C-052YL-BLANC-CREME-3.jpg\" data-elementor-open-lightbox=\"yes\" data-elementor-lightbox-title=\"10x13 GAZEBO AVEC NET ET RIDEAU 6 COT\u00c9S 84C-052YL BLANC CREME-3\">\n\t\t\t\t\t\t\t<img width=\"300\" height=\"300\" src=\"https:\/\/chapiteauexpress.com\/wp-content\/uploads\/2021\/02\/10x13-GAZEBO-AVEC-NET-ET-RIDEAU-6-COTES-84C-052YL-BLANC-CREME-3-300x300.jpg\" class=\"elementor-animation-grow attachment-medium size-medium\" alt=\"\" loading=\"lazy\" srcset=\"https:\/\/chapiteauexpress.com\/wp-content\/uploads\/2021\/02\/10x13-GAZEBO-AVEC-NET-ET-RIDEAU-6-COTES-84C-052YL-BLANC-CREME-3-300x300.jpg 300w, https:\/\/chapiteauexpress.com\/wp-content\/uploads\/2021\/02\/10x13-GAZEBO-AVEC-NET-ET-RIDEAU-6-COTES-84C-052YL-BLANC-CREME-3-1024x1024.jpg 1024w, https:\/\/chapiteauexpress.com\/wp-content\/uploads\/2021\/02\/10x13-GAZEBO-AVEC-NET-ET-RIDEAU-6-COTES-84C-052YL-BLANC-CREME-3-150x150.jpg 150w, https:\/\/chapiteauexpress.com\/wp-content\/uploads\/2021\/02\/10x13-GAZEBO-AVEC-NET-ET-RIDEAU-6-COTES-84C-052YL-BLANC-CREME-3-768x768.jpg 768w, https:\/\/chapiteauexpress.com\/wp-content\/uploads\/2021\/02\/10x13-GAZEBO-AVEC-NET-ET-RIDEAU-6-COTES-84C-052YL-BLANC-CREME-3.jpg 1500w\" sizes=\"(max-width: 300px) 100vw, 300px\" \/>\t\t\t\t\t\t\t\t<\/a>\n\t\t\t\t\t\t\t\t\t\t\t<\/div>\n\t\t\t\t<\/div>\n\t\t\t\t<\/div>\n\t\t\t\t\t\t<\/div>\n\t\t\t\t\t<\/div>\n\t\t<\/div>\n\t\t\t\t\t\t\t\t<\/div>\n\t\t\t\t\t<\/div>\n\t\t<\/section>\n\t\t\t\t<section class=\"elementor-section elementor-top-section elementor-element elementor-element-7c82ef21 elementor-section-boxed elementor-section-height-default elementor-section-height-default\" data-id=\"7c82ef21\" data-element_type=\"section\">\n\t\t\t\t\t\t<div class=\"elementor-container elementor-column-gap-default\">\n\t\t\t\t\t\t\t<div class=\"elementor-row\">\n\t\t\t\t\t<div class=\"elementor-column elementor-col-100 elementor-top-column elementor-element elementor-element-420d5ad5\" data-id=\"420d5ad5\" data-element_type=\"column\">\n\t\t\t<div class=\"elementor-column-wrap elementor-element-populated\">\n\t\t\t\t\t\t\t<div class=\"elementor-widget-wrap\">\n\t\t\t\t\t\t<div class=\"elementor-element elementor-element-7b22dd47 elementor-widget elementor-widget-heading\" data-id=\"7b22dd47\" data-element_type=\"widget\" data-widget_type=\"heading.default\">\n\t\t\t\t<div class=\"elementor-widget-container\">\n\t\t\t<h3 class=\"elementor-heading-title elementor-size-default\">Caract\u00e9ristiques<\/h3>\t\t<\/div>\n\t\t\t\t<\/div>\n\t\t\t\t\t\t<\/div>\n\t\t\t\t\t<\/div>\n\t\t<\/div>\n\t\t\t\t\t\t\t\t<\/div>\n\t\t\t\t\t<\/div>\n\t\t<\/section>\n\t\t\t\t<section class=\"elementor-section elementor-top-section elementor-element elementor-element-73fb6089 elementor-section-boxed elementor-section-height-default elementor-section-height-default\" data-id=\"73fb6089\" data-element_type=\"section\">\n\t\t\t\t\t\t<div class=\"elementor-container elementor-column-gap-default\">\n\t\t\t\t\t\t\t<div class=\"elementor-row\">\n\t\t\t\t\t<div class=\"elementor-column elementor-col-100 elementor-top-column elementor-element elementor-element-22d9052f\" data-id=\"22d9052f\" data-element_type=\"column\">\n\t\t\t<div class=\"elementor-column-wrap elementor-element-populated\">\n\t\t\t\t\t\t\t<div class=\"elementor-widget-wrap\">\n\t\t\t\t\t\t<div class=\"elementor-element elementor-element-754e42d3 elementor-widget elementor-widget-text-editor\" data-id=\"754e42d3\" data-element_type=\"widget\" data-widget_type=\"text-editor.default\">\n\t\t\t\t<div class=\"elementor-widget-container\">\n\t\t\t\t\t<div class=\"elementor-text-editor elementor-clearfix\"><ul><li>Gazebo 13x10ft avec parois lat\u00e9rales en maille, id\u00e9al pour patio, cour arri\u00e8re, jardin, parc, etc.<\/li><li>La construction en acier enduit de poudre r\u00e9siste \u00e0 l&rsquo;\u00e9caillage, au pelage, \u00e0 la rouille et \u00e0 la corrosion<\/li><li>La verri\u00e8re r\u00e9sistante aux UV et \u00e0 l&rsquo;eau bloque la plupart des \u00e9l\u00e9ments nocifs et la pluie l\u00e9g\u00e8re<\/li><li>Le tamis en maille tiss\u00e9e avec des attaches Velcro faciles \u00e0 attacher \u00e9loigne les insectes et ajoute plus d&rsquo;intimit\u00e9<\/li><li>4 portes ferm\u00e9es zipp\u00e9es pour un acc\u00e8s facile<\/li><li>La verri\u00e8re \u00e0 deux niveaux fournit l&rsquo;excellente circulation d&rsquo;air<\/li><li>Comprend 8 trous d&rsquo;infiltration en haut pour un excellent drainage<\/li><li>\u00c9quip\u00e9 de 8 piquets au sol pour rendre le gazebo ferme et robuste<\/li><li>Id\u00e9al pour un usage commercial ou r\u00e9cr\u00e9atif et parfait pour la plupart des espaces ext\u00e9rieurs<\/li><li>Assemblage requis<\/li><\/ul><p style=\"margin: 0cm; margin-bottom: .0001pt; background: white;\"><span style=\"font-size: 10.0pt; font-family: 'Helvetica',sans-serif; color: #202223;\">\u00a0<\/span><\/p><p style=\"margin: 0cm; margin-bottom: .0001pt; background: white;\"><span style=\"font-size: 10.0pt; font-family: 'Helvetica',sans-serif; color: #202223;\">\u00a0<\/span><\/p><\/div>\n\t\t\t\t<\/div>\n\t\t\t\t<\/div>\n\t\t\t\t\t\t<\/div>\n\t\t\t\t\t<\/div>\n\t\t<\/div>\n\t\t\t\t\t\t\t\t<\/div>\n\t\t\t\t\t<\/div>\n\t\t<\/section>\n\t\t\t\t<section class=\"elementor-section elementor-top-section elementor-element elementor-element-4a52aad6 elementor-section-boxed elementor-section-height-default elementor-section-height-default\" data-id=\"4a52aad6\" data-element_type=\"section\">\n\t\t\t\t\t\t<div class=\"elementor-container elementor-column-gap-default\">\n\t\t\t\t\t\t\t<div class=\"elementor-row\">\n\t\t\t\t\t<div class=\"elementor-column elementor-col-100 elementor-top-column elementor-element elementor-element-603172e0\" data-id=\"603172e0\" data-element_type=\"column\">\n\t\t\t<div class=\"elementor-column-wrap elementor-element-populated\">\n\t\t\t\t\t\t\t<div class=\"elementor-widget-wrap\">\n\t\t\t\t\t\t<div class=\"elementor-element elementor-element-7f8662a3 elementor-widget elementor-widget-heading\" data-id=\"7f8662a3\" data-element_type=\"widget\" data-widget_type=\"heading.default\">\n\t\t\t\t<div class=\"elementor-widget-container\">\n\t\t\t<h3 class=\"elementor-heading-title elementor-size-default\">Sp\u00e9cifications<\/h3>\t\t<\/div>\n\t\t\t\t<\/div>\n\t\t\t\t\t\t<\/div>\n\t\t\t\t\t<\/div>\n\t\t<\/div>\n\t\t\t\t\t\t\t\t<\/div>\n\t\t\t\t\t<\/div>\n\t\t<\/section>\n\t\t\t\t<section class=\"elementor-section elementor-top-section elementor-element elementor-element-49d9b82d elementor-section-boxed elementor-section-height-default elementor-section-height-default\" data-id=\"49d9b82d\" data-element_type=\"section\">\n\t\t\t\t\t\t<div class=\"elementor-container elementor-column-gap-default\">\n\t\t\t\t\t\t\t<div class=\"elementor-row\">\n\t\t\t\t\t<div class=\"elementor-column elementor-col-100 elementor-top-column elementor-element elementor-element-41920b5a\" data-id=\"41920b5a\" data-element_type=\"column\">\n\t\t\t<div class=\"elementor-column-wrap elementor-element-populated\">\n\t\t\t\t\t\t\t<div class=\"elementor-widget-wrap\">\n\t\t\t\t\t\t<div class=\"elementor-element elementor-element-5fe39268 elementor-widget elementor-widget-text-editor\" data-id=\"5fe39268\" data-element_type=\"widget\" data-widget_type=\"text-editor.default\">\n\t\t\t\t<div class=\"elementor-widget-container\">\n\t\t\t\t\t<div class=\"elementor-text-editor elementor-clearfix\"><ul><li>Couleur: Beige et Noir<\/li><li>Mat\u00e9riau: Acier et Polyester<\/li><li>Poids net: 55 lb<\/li><li>Dimensions\u00a0hors tout\u00a0: 12,8 &lsquo;x 9,8&rsquo;<\/li><li>Hauteur de l&rsquo;avant-toit: 6,4 &lsquo;<\/li><li>Hauteur du haut: 9&prime;<\/li><\/ul><p style=\"margin: 0cm; margin-bottom: .0001pt; background: white;\"><span style=\"font-size: 10.0pt; font-family: 'Helvetica',sans-serif; color: #202223;\">\u00a0<\/span><\/p><\/div>\n\t\t\t\t<\/div>\n\t\t\t\t<\/div>\n\t\t\t\t\t\t<\/div>\n\t\t\t\t\t<\/div>\n\t\t<\/div>\n\t\t\t\t\t\t\t\t<\/div>\n\t\t\t\t\t<\/div>\n\t\t<\/section>\n\t\t\t\t<section class=\"elementor-section elementor-top-section elementor-element elementor-element-2a6a69e8 elementor-section-boxed elementor-section-height-default elementor-section-height-default\" data-id=\"2a6a69e8\" data-element_type=\"section\">\n\t\t\t\t\t\t<div class=\"elementor-container elementor-column-gap-default\">\n\t\t\t\t\t\t\t<div class=\"elementor-row\">\n\t\t\t\t\t<div class=\"elementor-column elementor-col-100 elementor-top-column elementor-element elementor-element-4c54a1d7\" data-id=\"4c54a1d7\" data-element_type=\"column\">\n\t\t\t<div class=\"elementor-column-wrap elementor-element-populated\">\n\t\t\t\t\t\t\t<div class=\"elementor-widget-wrap\">\n\t\t\t\t\t\t<div class=\"elementor-element elementor-element-76d85fb5 elementor-widget elementor-widget-text-editor\" data-id=\"76d85fb5\" data-element_type=\"widget\" data-widget_type=\"text-editor.default\">\n\t\t\t\t<div class=\"elementor-widget-container\">\n\t\t\t\t\t<div class=\"elementor-text-editor elementor-clearfix\"><p><strong>Remarque: veuillez vous assurer que l&rsquo;article est correctement install\u00e9 et fermement ancr\u00e9 pour une efficacit\u00e9 maximale.<\/strong><\/p><\/div>\n\t\t\t\t<\/div>\n\t\t\t\t<\/div>\n\t\t\t\t\t\t<\/div>\n\t\t\t\t\t<\/div>\n\t\t<\/div>\n\t\t\t\t\t\t\t\t<\/div>\n\t\t\t\t\t<\/div>\n\t\t<\/section>\n\t\t\t\t<section class=\"elementor-section elementor-top-section elementor-element elementor-element-53f38103 elementor-section-boxed elementor-section-height-default elementor-section-height-default\" data-id=\"53f38103\" data-element_type=\"section\">\n\t\t\t\t\t\t<div class=\"elementor-container elementor-column-gap-default\">\n\t\t\t\t\t\t\t<div class=\"elementor-row\">\n\t\t\t\t\t<div class=\"elementor-column elementor-col-100 elementor-top-column elementor-element elementor-element-3c967717\" data-id=\"3c967717\" data-element_type=\"column\">\n\t\t\t<div class=\"elementor-column-wrap elementor-element-populated\">\n\t\t\t\t\t\t\t<div class=\"elementor-widget-wrap\">\n\t\t\t\t\t\t<div class=\"elementor-element elementor-element-5338ec36 elementor-widget elementor-widget-text-editor\" data-id=\"5338ec36\" data-element_type=\"widget\" data-widget_type=\"text-editor.default\">\n\t\t\t\t<div class=\"elementor-widget-container\">\n\t\t\t\t\t<div class=\"elementor-text-editor elementor-clearfix\"><p>Chapiteau Express n&rsquo;est pas responsable de tous dommages caus\u00e9s si le chapiteau est laiss\u00e9 expos\u00e9 \u00e0 des conditions m\u00e9t\u00e9orologiques inad\u00e9quates (pluie, neige ou \u00e0 des vents extr\u00eames). Vente finale, pas de garantie, retour ou \u00e9change. Nous vous remercions de votre confiance.<\/p><\/div>\n\t\t\t\t<\/div>\n\t\t\t\t<\/div>\n\t\t\t\t\t\t<\/div>\n\t\t\t\t\t<\/div>\n\t\t<\/div>\n\t\t\t\t\t\t\t\t<\/div>\n\t\t\t\t\t<\/div>\n\t\t<\/section>\n\t\t\t\t<section class=\"elementor-section elementor-top-section elementor-element elementor-element-3bc5e378 elementor-section-boxed elementor-section-height-default elementor-section-height-default\" data-id=\"3bc5e378\" data-element_type=\"section\">\n\t\t\t\t\t\t<div class=\"elementor-container elementor-column-gap-default\">\n\t\t\t\t\t\t\t<div class=\"elementor-row\">\n\t\t\t\t\t<div class=\"elementor-column elementor-col-100 elementor-top-column elementor-element elementor-element-3c9edf82\" data-id=\"3c9edf82\" data-element_type=\"column\">\n\t\t\t<div class=\"elementor-column-wrap elementor-element-populated\">\n\t\t\t\t\t\t\t<div class=\"elementor-widget-wrap\">\n\t\t\t\t\t\t<div class=\"elementor-element elementor-element-2da161c6 elementor-widget elementor-widget-spacer\" data-id=\"2da161c6\" data-element_type=\"widget\" data-widget_type=\"spacer.default\">\n\t\t\t\t<div class=\"elementor-widget-container\">\n\t\t\t\t\t<div class=\"elementor-spacer\">\n\t\t\t<div class=\"elementor-spacer-inner\"><\/div>\n\t\t<\/div>\n\t\t\t\t<\/div>\n\t\t\t\t<\/div>\n\t\t\t\t\t\t<\/div>\n\t\t\t\t\t<\/div>\n\t\t<\/div>\n\t\t\t\t\t\t\t\t<\/div>\n\t\t\t\t\t<\/div>\n\t\t<\/section>\n\t\t\t\t\t\t<\/div>\n\t\t\t\t\t\t<\/div>\n\t\t\t\t\t<\/div>\n\t\t","protected":false},"excerpt":{"rendered":"<p>Gazebo 10X13 Net et Parois (6 Cot\u00e9s) Prix : 600,00$ Caract\u00e9ristiques Gazebo 13x10ft avec parois lat\u00e9rales en maille, id\u00e9al pour patio, cour arri\u00e8re, jardin, parc, etc. La construction en acier enduit de poudre r\u00e9siste \u00e0&hellip;<\/p>\n","protected":false},"author":1,"featured_media":0,"parent":447,"menu_order":0,"comment_status":"closed","ping_status":"closed","template":"template-parts\/template-page-builders.php","meta":[],"_links":{"self":[{"href":"https:\/\/chapiteauexpress.com\/index.php?rest_route=\/wp\/v2\/pages\/1238"}],"collection":[{"href":"https:\/\/chapiteauexpress.com\/index.php?rest_route=\/wp\/v2\/pages"}],"about":[{"href":"https:\/\/chapiteauexpress.com\/index.php?rest_route=\/wp\/v2\/types\/page"}],"author":[{"embeddable":true,"href":"https:\/\/chapiteauexpress.com\/index.php?rest_route=\/wp\/v2\/users\/1"}],"replies":[{"embeddable":true,"href":"https:\/\/chapiteauexpress.com\/index.php?rest_route=%2Fwp%2Fv2%2Fcomments&post=1238"}],"version-history":[{"count":15,"href":"https:\/\/chapiteauexpress.com\/index.php?rest_route=\/wp\/v2\/pages\/1238\/revisions"}],"predecessor-version":[{"id":2428,"href":"https:\/\/chapiteauexpress.com\/index.php?rest_route=\/wp\/v2\/pages\/1238\/revisions\/2428"}],"up":[{"embeddable":true,"href":"https:\/\/chapiteauexpress.com\/index.php?rest_route=\/wp\/v2\/pages\/447"}],"wp:attachment":[{"href":"https:\/\/chapiteauexpress.com\/index.php?rest_route=%2Fwp%2Fv2%2Fmedia&parent=1238"}],"curies":[{"name":"wp","href":"https:\/\/api.w.org\/{rel}","templated":true}]}}