{"id":1207,"date":"2020-10-03T20:35:46","date_gmt":"2020-10-04T00:35:46","guid":{"rendered":"https:\/\/chapiteauexpress.com\/?page_id=1207"},"modified":"2025-05-24T20:19:26","modified_gmt":"2025-05-25T00:19:26","slug":"chapiteau-20x20-heavy-duty-ferme","status":"publish","type":"page","link":"https:\/\/chapiteauexpress.com\/?page_id=1207","title":{"rendered":"Chapiteau 20X20 Heavy Duty Ferm\u00e9"},"content":{"rendered":"\t\t<div data-elementor-type=\"wp-page\" data-elementor-id=\"1207\" class=\"elementor elementor-1207\" data-elementor-settings=\"[]\">\n\t\t\t\t\t\t<div class=\"elementor-inner\">\n\t\t\t\t\t\t\t<div class=\"elementor-section-wrap\">\n\t\t\t\t\t\t\t<section class=\"elementor-section elementor-top-section elementor-element elementor-element-2c0ec518 elementor-section-boxed elementor-section-height-default elementor-section-height-default\" data-id=\"2c0ec518\" data-element_type=\"section\">\n\t\t\t\t\t\t<div class=\"elementor-container elementor-column-gap-default\">\n\t\t\t\t\t\t\t<div class=\"elementor-row\">\n\t\t\t\t\t<div class=\"elementor-column elementor-col-100 elementor-top-column elementor-element elementor-element-56f4a6b7\" data-id=\"56f4a6b7\" data-element_type=\"column\">\n\t\t\t<div class=\"elementor-column-wrap elementor-element-populated\">\n\t\t\t\t\t\t\t<div class=\"elementor-widget-wrap\">\n\t\t\t\t\t\t<div class=\"elementor-element elementor-element-555e1a2a elementor-widget elementor-widget-heading\" data-id=\"555e1a2a\" data-element_type=\"widget\" data-widget_type=\"heading.default\">\n\t\t\t\t<div class=\"elementor-widget-container\">\n\t\t\t<h2 class=\"elementor-heading-title elementor-size-default\">Chapiteau 20X20 Heavy Duty Ferm\u00e9<\/h2>\t\t<\/div>\n\t\t\t\t<\/div>\n\t\t\t\t\t\t<\/div>\n\t\t\t\t\t<\/div>\n\t\t<\/div>\n\t\t\t\t\t\t\t\t<\/div>\n\t\t\t\t\t<\/div>\n\t\t<\/section>\n\t\t\t\t<section class=\"elementor-section elementor-top-section elementor-element elementor-element-61d16d33 elementor-section-boxed elementor-section-height-default elementor-section-height-default\" data-id=\"61d16d33\" data-element_type=\"section\">\n\t\t\t\t\t\t<div class=\"elementor-container elementor-column-gap-default\">\n\t\t\t\t\t\t\t<div class=\"elementor-row\">\n\t\t\t\t\t<div class=\"elementor-column elementor-col-100 elementor-top-column elementor-element elementor-element-8d7e330\" data-id=\"8d7e330\" data-element_type=\"column\">\n\t\t\t<div class=\"elementor-column-wrap elementor-element-populated\">\n\t\t\t\t\t\t\t<div class=\"elementor-widget-wrap\">\n\t\t\t\t\t\t<div class=\"elementor-element elementor-element-320bf5b elementor-widget elementor-widget-text-editor\" data-id=\"320bf5b\" data-element_type=\"widget\" data-widget_type=\"text-editor.default\">\n\t\t\t\t<div class=\"elementor-widget-container\">\n\t\t\t\t\t<div class=\"elementor-text-editor elementor-clearfix\"><p>Prix : 800,00$<\/p><\/div>\n\t\t\t\t<\/div>\n\t\t\t\t<\/div>\n\t\t\t\t\t\t<\/div>\n\t\t\t\t\t<\/div>\n\t\t<\/div>\n\t\t\t\t\t\t\t\t<\/div>\n\t\t\t\t\t<\/div>\n\t\t<\/section>\n\t\t\t\t<section class=\"elementor-section elementor-top-section elementor-element elementor-element-5801852 elementor-section-boxed elementor-section-height-default elementor-section-height-default\" data-id=\"5801852\" data-element_type=\"section\">\n\t\t\t\t\t\t<div class=\"elementor-container elementor-column-gap-default\">\n\t\t\t\t\t\t\t<div class=\"elementor-row\">\n\t\t\t\t\t<div class=\"elementor-column elementor-col-20 elementor-top-column elementor-element elementor-element-43faaa8\" data-id=\"43faaa8\" data-element_type=\"column\">\n\t\t\t<div class=\"elementor-column-wrap elementor-element-populated\">\n\t\t\t\t\t\t\t<div class=\"elementor-widget-wrap\">\n\t\t\t\t\t\t<div class=\"elementor-element elementor-element-ed8f186 elementor-widget elementor-widget-image\" data-id=\"ed8f186\" data-element_type=\"widget\" data-widget_type=\"image.default\">\n\t\t\t\t<div class=\"elementor-widget-container\">\n\t\t\t\t\t<div class=\"elementor-image\">\n\t\t\t\t\t\t\t\t\t\t\t<a href=\"https:\/\/chapiteauexpress.com\/wp-content\/uploads\/2024\/03\/20x20-HD-FERME-84C-019-BLANC-4.jpg\" data-elementor-open-lightbox=\"yes\" data-elementor-lightbox-title=\"20x20 HD FERM\u00c9 84C-019 BLANC-4\">\n\t\t\t\t\t\t\t<img width=\"300\" height=\"300\" src=\"https:\/\/chapiteauexpress.com\/wp-content\/uploads\/2024\/03\/20x20-HD-FERME-84C-019-BLANC-4-300x300.jpg\" class=\"elementor-animation-grow attachment-medium size-medium\" alt=\"\" loading=\"lazy\" srcset=\"https:\/\/chapiteauexpress.com\/wp-content\/uploads\/2024\/03\/20x20-HD-FERME-84C-019-BLANC-4-300x300.jpg 300w, https:\/\/chapiteauexpress.com\/wp-content\/uploads\/2024\/03\/20x20-HD-FERME-84C-019-BLANC-4-150x150.jpg 150w, https:\/\/chapiteauexpress.com\/wp-content\/uploads\/2024\/03\/20x20-HD-FERME-84C-019-BLANC-4-768x768.jpg 768w, https:\/\/chapiteauexpress.com\/wp-content\/uploads\/2024\/03\/20x20-HD-FERME-84C-019-BLANC-4.jpg 800w\" sizes=\"(max-width: 300px) 100vw, 300px\" \/>\t\t\t\t\t\t\t\t<\/a>\n\t\t\t\t\t\t\t\t\t\t\t<\/div>\n\t\t\t\t<\/div>\n\t\t\t\t<\/div>\n\t\t\t\t\t\t<\/div>\n\t\t\t\t\t<\/div>\n\t\t<\/div>\n\t\t\t\t<div class=\"elementor-column elementor-col-20 elementor-top-column elementor-element elementor-element-7ce1ccc\" data-id=\"7ce1ccc\" data-element_type=\"column\">\n\t\t\t<div class=\"elementor-column-wrap elementor-element-populated\">\n\t\t\t\t\t\t\t<div class=\"elementor-widget-wrap\">\n\t\t\t\t\t\t<div class=\"elementor-element elementor-element-ca04b42 elementor-widget elementor-widget-image\" data-id=\"ca04b42\" data-element_type=\"widget\" data-widget_type=\"image.default\">\n\t\t\t\t<div class=\"elementor-widget-container\">\n\t\t\t\t\t<div class=\"elementor-image\">\n\t\t\t\t\t\t\t\t\t\t\t<a href=\"https:\/\/chapiteauexpress.com\/wp-content\/uploads\/2024\/03\/20x20-HD-FERME-84C-019-BLANC-5.jpg\" data-elementor-open-lightbox=\"yes\" data-elementor-lightbox-title=\"20x20 HD FERM\u00c9 84C-019 BLANC-5\">\n\t\t\t\t\t\t\t<img width=\"300\" height=\"300\" src=\"https:\/\/chapiteauexpress.com\/wp-content\/uploads\/2024\/03\/20x20-HD-FERME-84C-019-BLANC-5-300x300.jpg\" class=\"elementor-animation-grow attachment-medium size-medium\" alt=\"\" loading=\"lazy\" srcset=\"https:\/\/chapiteauexpress.com\/wp-content\/uploads\/2024\/03\/20x20-HD-FERME-84C-019-BLANC-5-300x300.jpg 300w, https:\/\/chapiteauexpress.com\/wp-content\/uploads\/2024\/03\/20x20-HD-FERME-84C-019-BLANC-5-150x150.jpg 150w, https:\/\/chapiteauexpress.com\/wp-content\/uploads\/2024\/03\/20x20-HD-FERME-84C-019-BLANC-5-768x768.jpg 768w, https:\/\/chapiteauexpress.com\/wp-content\/uploads\/2024\/03\/20x20-HD-FERME-84C-019-BLANC-5.jpg 800w\" sizes=\"(max-width: 300px) 100vw, 300px\" \/>\t\t\t\t\t\t\t\t<\/a>\n\t\t\t\t\t\t\t\t\t\t\t<\/div>\n\t\t\t\t<\/div>\n\t\t\t\t<\/div>\n\t\t\t\t\t\t<\/div>\n\t\t\t\t\t<\/div>\n\t\t<\/div>\n\t\t\t\t<div class=\"elementor-column elementor-col-20 elementor-top-column elementor-element elementor-element-d05526e\" data-id=\"d05526e\" data-element_type=\"column\">\n\t\t\t<div class=\"elementor-column-wrap elementor-element-populated\">\n\t\t\t\t\t\t\t<div class=\"elementor-widget-wrap\">\n\t\t\t\t\t\t<div class=\"elementor-element elementor-element-6780852 elementor-widget elementor-widget-image\" data-id=\"6780852\" data-element_type=\"widget\" data-widget_type=\"image.default\">\n\t\t\t\t<div class=\"elementor-widget-container\">\n\t\t\t\t\t<div class=\"elementor-image\">\n\t\t\t\t\t\t\t\t\t\t<img width=\"800\" height=\"800\" src=\"https:\/\/chapiteauexpress.com\/wp-content\/uploads\/2024\/03\/20x20-HD-FERME-84C-019-BLANC-6.jpg\" class=\"attachment-large size-large\" alt=\"\" loading=\"lazy\" srcset=\"https:\/\/chapiteauexpress.com\/wp-content\/uploads\/2024\/03\/20x20-HD-FERME-84C-019-BLANC-6.jpg 800w, https:\/\/chapiteauexpress.com\/wp-content\/uploads\/2024\/03\/20x20-HD-FERME-84C-019-BLANC-6-300x300.jpg 300w, https:\/\/chapiteauexpress.com\/wp-content\/uploads\/2024\/03\/20x20-HD-FERME-84C-019-BLANC-6-150x150.jpg 150w, https:\/\/chapiteauexpress.com\/wp-content\/uploads\/2024\/03\/20x20-HD-FERME-84C-019-BLANC-6-768x768.jpg 768w\" sizes=\"(max-width: 800px) 100vw, 800px\" \/>\t\t\t\t\t\t\t\t\t\t\t<\/div>\n\t\t\t\t<\/div>\n\t\t\t\t<\/div>\n\t\t\t\t\t\t<\/div>\n\t\t\t\t\t<\/div>\n\t\t<\/div>\n\t\t\t\t<div class=\"elementor-column elementor-col-20 elementor-top-column elementor-element elementor-element-0a73b9b\" data-id=\"0a73b9b\" data-element_type=\"column\">\n\t\t\t<div class=\"elementor-column-wrap elementor-element-populated\">\n\t\t\t\t\t\t\t<div class=\"elementor-widget-wrap\">\n\t\t\t\t\t\t<div class=\"elementor-element elementor-element-1cbd257 elementor-widget elementor-widget-image\" data-id=\"1cbd257\" data-element_type=\"widget\" data-widget_type=\"image.default\">\n\t\t\t\t<div class=\"elementor-widget-container\">\n\t\t\t\t\t<div class=\"elementor-image\">\n\t\t\t\t\t\t\t\t\t\t\t<a href=\"https:\/\/chapiteauexpress.com\/wp-content\/uploads\/2024\/03\/20x20-HD-FERME-84C-019-BLANC-8.jpg\" data-elementor-open-lightbox=\"yes\" data-elementor-lightbox-title=\"20x20 HD FERM\u00c9 84C-019 BLANC-8\">\n\t\t\t\t\t\t\t<img width=\"300\" height=\"300\" src=\"https:\/\/chapiteauexpress.com\/wp-content\/uploads\/2024\/03\/20x20-HD-FERME-84C-019-BLANC-8-300x300.jpg\" class=\"elementor-animation-grow attachment-medium size-medium\" alt=\"\" loading=\"lazy\" srcset=\"https:\/\/chapiteauexpress.com\/wp-content\/uploads\/2024\/03\/20x20-HD-FERME-84C-019-BLANC-8-300x300.jpg 300w, https:\/\/chapiteauexpress.com\/wp-content\/uploads\/2024\/03\/20x20-HD-FERME-84C-019-BLANC-8-1024x1024.jpg 1024w, https:\/\/chapiteauexpress.com\/wp-content\/uploads\/2024\/03\/20x20-HD-FERME-84C-019-BLANC-8-150x150.jpg 150w, https:\/\/chapiteauexpress.com\/wp-content\/uploads\/2024\/03\/20x20-HD-FERME-84C-019-BLANC-8-768x768.jpg 768w, https:\/\/chapiteauexpress.com\/wp-content\/uploads\/2024\/03\/20x20-HD-FERME-84C-019-BLANC-8.jpg 1500w\" sizes=\"(max-width: 300px) 100vw, 300px\" \/>\t\t\t\t\t\t\t\t<\/a>\n\t\t\t\t\t\t\t\t\t\t\t<\/div>\n\t\t\t\t<\/div>\n\t\t\t\t<\/div>\n\t\t\t\t\t\t<\/div>\n\t\t\t\t\t<\/div>\n\t\t<\/div>\n\t\t\t\t<div class=\"elementor-column elementor-col-20 elementor-top-column elementor-element elementor-element-abb4832\" data-id=\"abb4832\" data-element_type=\"column\">\n\t\t\t<div class=\"elementor-column-wrap elementor-element-populated\">\n\t\t\t\t\t\t\t<div class=\"elementor-widget-wrap\">\n\t\t\t\t\t\t<div class=\"elementor-element elementor-element-bee32b5 elementor-widget elementor-widget-image\" data-id=\"bee32b5\" data-element_type=\"widget\" data-widget_type=\"image.default\">\n\t\t\t\t<div class=\"elementor-widget-container\">\n\t\t\t\t\t<div class=\"elementor-image\">\n\t\t\t\t\t\t\t\t\t\t\t<a href=\"https:\/\/chapiteauexpress.com\/wp-content\/uploads\/2024\/03\/20x20-HD-FERME-84C-019-BLANC-3.jpg\" data-elementor-open-lightbox=\"yes\" data-elementor-lightbox-title=\"20x20 HD FERM\u00c9 84C-019 BLANC-3\">\n\t\t\t\t\t\t\t<img width=\"300\" height=\"300\" src=\"https:\/\/chapiteauexpress.com\/wp-content\/uploads\/2024\/03\/20x20-HD-FERME-84C-019-BLANC-3-300x300.jpg\" class=\"elementor-animation-grow attachment-medium size-medium\" alt=\"\" loading=\"lazy\" srcset=\"https:\/\/chapiteauexpress.com\/wp-content\/uploads\/2024\/03\/20x20-HD-FERME-84C-019-BLANC-3-300x300.jpg 300w, https:\/\/chapiteauexpress.com\/wp-content\/uploads\/2024\/03\/20x20-HD-FERME-84C-019-BLANC-3-150x150.jpg 150w, https:\/\/chapiteauexpress.com\/wp-content\/uploads\/2024\/03\/20x20-HD-FERME-84C-019-BLANC-3-768x768.jpg 768w, https:\/\/chapiteauexpress.com\/wp-content\/uploads\/2024\/03\/20x20-HD-FERME-84C-019-BLANC-3.jpg 800w\" sizes=\"(max-width: 300px) 100vw, 300px\" \/>\t\t\t\t\t\t\t\t<\/a>\n\t\t\t\t\t\t\t\t\t\t\t<\/div>\n\t\t\t\t<\/div>\n\t\t\t\t<\/div>\n\t\t\t\t\t\t<\/div>\n\t\t\t\t\t<\/div>\n\t\t<\/div>\n\t\t\t\t\t\t\t\t<\/div>\n\t\t\t\t\t<\/div>\n\t\t<\/section>\n\t\t\t\t<section class=\"elementor-section elementor-top-section elementor-element elementor-element-2ad108a1 elementor-section-boxed elementor-section-height-default elementor-section-height-default\" data-id=\"2ad108a1\" data-element_type=\"section\">\n\t\t\t\t\t\t<div class=\"elementor-container elementor-column-gap-default\">\n\t\t\t\t\t\t\t<div class=\"elementor-row\">\n\t\t\t\t\t<div class=\"elementor-column elementor-col-100 elementor-top-column elementor-element elementor-element-23709153\" data-id=\"23709153\" data-element_type=\"column\">\n\t\t\t<div class=\"elementor-column-wrap elementor-element-populated\">\n\t\t\t\t\t\t\t<div class=\"elementor-widget-wrap\">\n\t\t\t\t\t\t<div class=\"elementor-element elementor-element-63fbc90 elementor-widget elementor-widget-heading\" data-id=\"63fbc90\" data-element_type=\"widget\" data-widget_type=\"heading.default\">\n\t\t\t\t<div class=\"elementor-widget-container\">\n\t\t\t<h3 class=\"elementor-heading-title elementor-size-default\">Caract\u00e9ristiques<\/h3>\t\t<\/div>\n\t\t\t\t<\/div>\n\t\t\t\t\t\t<\/div>\n\t\t\t\t\t<\/div>\n\t\t<\/div>\n\t\t\t\t\t\t\t\t<\/div>\n\t\t\t\t\t<\/div>\n\t\t<\/section>\n\t\t\t\t<section class=\"elementor-section elementor-top-section elementor-element elementor-element-37efd223 elementor-section-boxed elementor-section-height-default elementor-section-height-default\" data-id=\"37efd223\" data-element_type=\"section\">\n\t\t\t\t\t\t<div class=\"elementor-container elementor-column-gap-default\">\n\t\t\t\t\t\t\t<div class=\"elementor-row\">\n\t\t\t\t\t<div class=\"elementor-column elementor-col-100 elementor-top-column elementor-element elementor-element-43ab487b\" data-id=\"43ab487b\" data-element_type=\"column\">\n\t\t\t<div class=\"elementor-column-wrap elementor-element-populated\">\n\t\t\t\t\t\t\t<div class=\"elementor-widget-wrap\">\n\t\t\t\t\t\t<div class=\"elementor-element elementor-element-4f89dd9a elementor-widget elementor-widget-text-editor\" data-id=\"4f89dd9a\" data-element_type=\"widget\" data-widget_type=\"text-editor.default\">\n\t\t\t\t<div class=\"elementor-widget-container\">\n\t\t\t\t\t<div class=\"elementor-text-editor elementor-clearfix\"><ul><li>Construit avec un cadre en acier robuste et r\u00e9sistant \u00e0 la rouille pour une stabilit\u00e9 et une r\u00e9sistance sup\u00e9rieures<\/li><li>Tissu PE haute densit\u00e9 r\u00e9sistant \u00e0 l&rsquo;eau et aux UV pour la protection des \u00e9l\u00e9ments<\/li><li>Parois lat\u00e9rales amovibles, porte zipp\u00e9e et fen\u00eatres en PVC pour une excellente ventilation<\/li><li>Tuyaux en acier renforc\u00e9 et tuyaux de terre pour plus de solidit\u00e9<\/li><li>Il est recommand\u00e9 d&rsquo;utiliser les piquets et les cordes \u00e9quip\u00e9s avec la tente pour am\u00e9liorer sa stabilit\u00e9<\/li><li>Id\u00e9al pour toutes les occasions le camping, etc.<\/li><li>Un processus de configuration simple est n\u00e9cessaire<\/li><\/ul><\/div>\n\t\t\t\t<\/div>\n\t\t\t\t<\/div>\n\t\t\t\t\t\t<\/div>\n\t\t\t\t\t<\/div>\n\t\t<\/div>\n\t\t\t\t\t\t\t\t<\/div>\n\t\t\t\t\t<\/div>\n\t\t<\/section>\n\t\t\t\t<section class=\"elementor-section elementor-top-section elementor-element elementor-element-792a414c elementor-section-boxed elementor-section-height-default elementor-section-height-default\" data-id=\"792a414c\" data-element_type=\"section\">\n\t\t\t\t\t\t<div class=\"elementor-container elementor-column-gap-default\">\n\t\t\t\t\t\t\t<div class=\"elementor-row\">\n\t\t\t\t\t<div class=\"elementor-column elementor-col-100 elementor-top-column elementor-element elementor-element-2d568fc7\" data-id=\"2d568fc7\" data-element_type=\"column\">\n\t\t\t<div class=\"elementor-column-wrap elementor-element-populated\">\n\t\t\t\t\t\t\t<div class=\"elementor-widget-wrap\">\n\t\t\t\t\t\t<div class=\"elementor-element elementor-element-7cc91637 elementor-widget elementor-widget-heading\" data-id=\"7cc91637\" data-element_type=\"widget\" data-widget_type=\"heading.default\">\n\t\t\t\t<div class=\"elementor-widget-container\">\n\t\t\t<h3 class=\"elementor-heading-title elementor-size-default\">Sp\u00e9cifications<\/h3>\t\t<\/div>\n\t\t\t\t<\/div>\n\t\t\t\t\t\t<\/div>\n\t\t\t\t\t<\/div>\n\t\t<\/div>\n\t\t\t\t\t\t\t\t<\/div>\n\t\t\t\t\t<\/div>\n\t\t<\/section>\n\t\t\t\t<section class=\"elementor-section elementor-top-section elementor-element elementor-element-62a787a6 elementor-section-boxed elementor-section-height-default elementor-section-height-default\" data-id=\"62a787a6\" data-element_type=\"section\">\n\t\t\t\t\t\t<div class=\"elementor-container elementor-column-gap-default\">\n\t\t\t\t\t\t\t<div class=\"elementor-row\">\n\t\t\t\t\t<div class=\"elementor-column elementor-col-100 elementor-top-column elementor-element elementor-element-229f501d\" data-id=\"229f501d\" data-element_type=\"column\">\n\t\t\t<div class=\"elementor-column-wrap elementor-element-populated\">\n\t\t\t\t\t\t\t<div class=\"elementor-widget-wrap\">\n\t\t\t\t\t\t<div class=\"elementor-element elementor-element-649edee8 elementor-widget elementor-widget-text-editor\" data-id=\"649edee8\" data-element_type=\"widget\" data-widget_type=\"text-editor.default\">\n\t\t\t\t<div class=\"elementor-widget-container\">\n\t\t\t\t\t<div class=\"elementor-text-editor elementor-clearfix\"><ul><li>Mat\u00e9riel: tissu PE de tuyau d&rsquo;acier<\/li><li>Couleur: Blanc<\/li><li>Poids net: 192,5 lb<\/li><li>Taille globale: 236,2 \u00ab\u00a0L x 236,2\u00a0\u00bb W<\/li><li>Hauteur des avant-toits: 78,7 \u00ab\u00a0H<\/li><li>Hauteur du haut: 126 \u00ab\u00a0H<\/li><li>Taille de la porte \u00e0 fermeture \u00e9clair: 196,9 \u00ab\u00a0L x 83,9\u00a0\u00bb H<\/li><li>Taille de la fen\u00eatre: 56,7 \u00ab\u00a0L x 51,2\u00a0\u00bb H<\/li><li>Taille du coude galvanis\u00e9: \u03c61,7 \u00ab\u00a0x 0,05\u00a0\u00bb T (1,2 mm)<\/li><li>Taille du tuyau de renfort sup\u00e9rieur et du tuyau de terre: \u03c61,1 \u00ab\u00a0x 0,03\u00a0\u00bb T (0,8 mm)<\/li><li>Accessoires: 4 x cordes de traction 12 x clous de terre<\/li><\/ul><\/div>\n\t\t\t\t<\/div>\n\t\t\t\t<\/div>\n\t\t\t\t\t\t<\/div>\n\t\t\t\t\t<\/div>\n\t\t<\/div>\n\t\t\t\t\t\t\t\t<\/div>\n\t\t\t\t\t<\/div>\n\t\t<\/section>\n\t\t\t\t<section class=\"elementor-section elementor-top-section elementor-element elementor-element-35045de6 elementor-section-boxed elementor-section-height-default elementor-section-height-default\" data-id=\"35045de6\" data-element_type=\"section\">\n\t\t\t\t\t\t<div class=\"elementor-container elementor-column-gap-default\">\n\t\t\t\t\t\t\t<div class=\"elementor-row\">\n\t\t\t\t\t<div class=\"elementor-column elementor-col-100 elementor-top-column elementor-element elementor-element-a899fa6\" data-id=\"a899fa6\" data-element_type=\"column\">\n\t\t\t<div class=\"elementor-column-wrap elementor-element-populated\">\n\t\t\t\t\t\t\t<div class=\"elementor-widget-wrap\">\n\t\t\t\t\t\t<div class=\"elementor-element elementor-element-3bebc88c elementor-widget elementor-widget-text-editor\" data-id=\"3bebc88c\" data-element_type=\"widget\" data-widget_type=\"text-editor.default\">\n\t\t\t\t<div class=\"elementor-widget-container\">\n\t\t\t\t\t<div class=\"elementor-text-editor elementor-clearfix\"><p><strong>Remarque: veuillez vous assurer que l&rsquo;article est correctement install\u00e9 et fermement ancr\u00e9 pour une efficacit\u00e9 maximale.<\/strong><\/p><\/div>\n\t\t\t\t<\/div>\n\t\t\t\t<\/div>\n\t\t\t\t\t\t<\/div>\n\t\t\t\t\t<\/div>\n\t\t<\/div>\n\t\t\t\t\t\t\t\t<\/div>\n\t\t\t\t\t<\/div>\n\t\t<\/section>\n\t\t\t\t<section class=\"elementor-section elementor-top-section elementor-element elementor-element-623694bd elementor-section-boxed elementor-section-height-default elementor-section-height-default\" data-id=\"623694bd\" data-element_type=\"section\">\n\t\t\t\t\t\t<div class=\"elementor-container elementor-column-gap-default\">\n\t\t\t\t\t\t\t<div class=\"elementor-row\">\n\t\t\t\t\t<div class=\"elementor-column elementor-col-100 elementor-top-column elementor-element elementor-element-326d6b92\" data-id=\"326d6b92\" data-element_type=\"column\">\n\t\t\t<div class=\"elementor-column-wrap elementor-element-populated\">\n\t\t\t\t\t\t\t<div class=\"elementor-widget-wrap\">\n\t\t\t\t\t\t<div class=\"elementor-element elementor-element-3347b85d elementor-widget elementor-widget-text-editor\" data-id=\"3347b85d\" data-element_type=\"widget\" data-widget_type=\"text-editor.default\">\n\t\t\t\t<div class=\"elementor-widget-container\">\n\t\t\t\t\t<div class=\"elementor-text-editor elementor-clearfix\"><p>Chapiteau Express n&rsquo;est pas responsable de tous dommages caus\u00e9s si le chapiteau est laiss\u00e9 expos\u00e9 \u00e0 des conditions m\u00e9t\u00e9orologiques inad\u00e9quates (pluie, neige ou \u00e0 des vents extr\u00eames). Vente finale, pas de garantie, retour ou \u00e9change. Nous vous remercions de votre confiance.<\/p><\/div>\n\t\t\t\t<\/div>\n\t\t\t\t<\/div>\n\t\t\t\t\t\t<\/div>\n\t\t\t\t\t<\/div>\n\t\t<\/div>\n\t\t\t\t\t\t\t\t<\/div>\n\t\t\t\t\t<\/div>\n\t\t<\/section>\n\t\t\t\t<section class=\"elementor-section elementor-top-section elementor-element elementor-element-1ced53be elementor-section-boxed elementor-section-height-default elementor-section-height-default\" data-id=\"1ced53be\" data-element_type=\"section\">\n\t\t\t\t\t\t<div class=\"elementor-container elementor-column-gap-default\">\n\t\t\t\t\t\t\t<div class=\"elementor-row\">\n\t\t\t\t\t<div class=\"elementor-column elementor-col-100 elementor-top-column elementor-element elementor-element-62bf22f3\" data-id=\"62bf22f3\" data-element_type=\"column\">\n\t\t\t<div class=\"elementor-column-wrap elementor-element-populated\">\n\t\t\t\t\t\t\t<div class=\"elementor-widget-wrap\">\n\t\t\t\t\t\t<div class=\"elementor-element elementor-element-3119243a elementor-widget elementor-widget-spacer\" data-id=\"3119243a\" data-element_type=\"widget\" data-widget_type=\"spacer.default\">\n\t\t\t\t<div class=\"elementor-widget-container\">\n\t\t\t\t\t<div class=\"elementor-spacer\">\n\t\t\t<div class=\"elementor-spacer-inner\"><\/div>\n\t\t<\/div>\n\t\t\t\t<\/div>\n\t\t\t\t<\/div>\n\t\t\t\t\t\t<\/div>\n\t\t\t\t\t<\/div>\n\t\t<\/div>\n\t\t\t\t\t\t\t\t<\/div>\n\t\t\t\t\t<\/div>\n\t\t<\/section>\n\t\t\t\t\t\t<\/div>\n\t\t\t\t\t\t<\/div>\n\t\t\t\t\t<\/div>\n\t\t","protected":false},"excerpt":{"rendered":"<p>Chapiteau 20X20 Heavy Duty Ferm\u00e9 Prix : 800,00$ Caract\u00e9ristiques Construit avec un cadre en acier robuste et r\u00e9sistant \u00e0 la rouille pour une stabilit\u00e9 et une r\u00e9sistance sup\u00e9rieures Tissu PE haute densit\u00e9 r\u00e9sistant \u00e0 l&rsquo;eau&hellip;<\/p>\n","protected":false},"author":1,"featured_media":0,"parent":447,"menu_order":0,"comment_status":"closed","ping_status":"closed","template":"template-parts\/template-page-builders.php","meta":[],"_links":{"self":[{"href":"https:\/\/chapiteauexpress.com\/index.php?rest_route=\/wp\/v2\/pages\/1207"}],"collection":[{"href":"https:\/\/chapiteauexpress.com\/index.php?rest_route=\/wp\/v2\/pages"}],"about":[{"href":"https:\/\/chapiteauexpress.com\/index.php?rest_route=\/wp\/v2\/types\/page"}],"author":[{"embeddable":true,"href":"https:\/\/chapiteauexpress.com\/index.php?rest_route=\/wp\/v2\/users\/1"}],"replies":[{"embeddable":true,"href":"https:\/\/chapiteauexpress.com\/index.php?rest_route=%2Fwp%2Fv2%2Fcomments&post=1207"}],"version-history":[{"count":18,"href":"https:\/\/chapiteauexpress.com\/index.php?rest_route=\/wp\/v2\/pages\/1207\/revisions"}],"predecessor-version":[{"id":2442,"href":"https:\/\/chapiteauexpress.com\/index.php?rest_route=\/wp\/v2\/pages\/1207\/revisions\/2442"}],"up":[{"embeddable":true,"href":"https:\/\/chapiteauexpress.com\/index.php?rest_route=\/wp\/v2\/pages\/447"}],"wp:attachment":[{"href":"https:\/\/chapiteauexpress.com\/index.php?rest_route=%2Fwp%2Fv2%2Fmedia&parent=1207"}],"curies":[{"name":"wp","href":"https:\/\/api.w.org\/{rel}","templated":true}]}}