{"id":1082,"date":"2020-10-03T18:31:16","date_gmt":"2020-10-03T22:31:16","guid":{"rendered":"https:\/\/chapiteauexpress.com\/?page_id=1082"},"modified":"2025-05-24T20:16:38","modified_gmt":"2025-05-25T00:16:38","slug":"chapiteau-10x20-pop-up-ferme-bleu","status":"publish","type":"page","link":"https:\/\/chapiteauexpress.com\/?page_id=1082","title":{"rendered":"Chapiteau 10X20 Pop-Up Moustiquaires"},"content":{"rendered":"\t\t<div data-elementor-type=\"wp-page\" data-elementor-id=\"1082\" class=\"elementor elementor-1082\" data-elementor-settings=\"[]\">\n\t\t\t\t\t\t<div class=\"elementor-inner\">\n\t\t\t\t\t\t\t<div class=\"elementor-section-wrap\">\n\t\t\t\t\t\t\t<section class=\"elementor-section elementor-top-section elementor-element elementor-element-3974a25d elementor-section-boxed elementor-section-height-default elementor-section-height-default\" data-id=\"3974a25d\" data-element_type=\"section\">\n\t\t\t\t\t\t<div class=\"elementor-container elementor-column-gap-default\">\n\t\t\t\t\t\t\t<div class=\"elementor-row\">\n\t\t\t\t\t<div class=\"elementor-column elementor-col-100 elementor-top-column elementor-element elementor-element-55aa0c4e\" data-id=\"55aa0c4e\" data-element_type=\"column\">\n\t\t\t<div class=\"elementor-column-wrap elementor-element-populated\">\n\t\t\t\t\t\t\t<div class=\"elementor-widget-wrap\">\n\t\t\t\t\t\t<div class=\"elementor-element elementor-element-7b7e7cf8 elementor-widget elementor-widget-heading\" data-id=\"7b7e7cf8\" data-element_type=\"widget\" data-widget_type=\"heading.default\">\n\t\t\t\t<div class=\"elementor-widget-container\">\n\t\t\t<h2 class=\"elementor-heading-title elementor-size-default\">Chapiteau 10X20 Pop-Up Moustiquaires Blanc<\/h2>\t\t<\/div>\n\t\t\t\t<\/div>\n\t\t\t\t\t\t<\/div>\n\t\t\t\t\t<\/div>\n\t\t<\/div>\n\t\t\t\t\t\t\t\t<\/div>\n\t\t\t\t\t<\/div>\n\t\t<\/section>\n\t\t\t\t<section class=\"elementor-section elementor-top-section elementor-element elementor-element-5388bada elementor-section-boxed elementor-section-height-default elementor-section-height-default\" data-id=\"5388bada\" data-element_type=\"section\">\n\t\t\t\t\t\t<div class=\"elementor-container elementor-column-gap-default\">\n\t\t\t\t\t\t\t<div class=\"elementor-row\">\n\t\t\t\t\t<div class=\"elementor-column elementor-col-100 elementor-top-column elementor-element elementor-element-2d05253c\" data-id=\"2d05253c\" data-element_type=\"column\">\n\t\t\t<div class=\"elementor-column-wrap elementor-element-populated\">\n\t\t\t\t\t\t\t<div class=\"elementor-widget-wrap\">\n\t\t\t\t\t\t<div class=\"elementor-element elementor-element-27db96d3 elementor-widget elementor-widget-text-editor\" data-id=\"27db96d3\" data-element_type=\"widget\" data-widget_type=\"text-editor.default\">\n\t\t\t\t<div class=\"elementor-widget-container\">\n\t\t\t\t\t<div class=\"elementor-text-editor elementor-clearfix\"><p>Prix : 365,00$<\/p><\/div>\n\t\t\t\t<\/div>\n\t\t\t\t<\/div>\n\t\t\t\t\t\t<\/div>\n\t\t\t\t\t<\/div>\n\t\t<\/div>\n\t\t\t\t\t\t\t\t<\/div>\n\t\t\t\t\t<\/div>\n\t\t<\/section>\n\t\t\t\t<section class=\"elementor-section elementor-top-section elementor-element elementor-element-96191ab elementor-section-boxed elementor-section-height-default elementor-section-height-default\" data-id=\"96191ab\" data-element_type=\"section\">\n\t\t\t\t\t\t<div class=\"elementor-container elementor-column-gap-default\">\n\t\t\t\t\t\t\t<div class=\"elementor-row\">\n\t\t\t\t\t<div class=\"elementor-column elementor-col-20 elementor-top-column elementor-element elementor-element-d67709a\" data-id=\"d67709a\" data-element_type=\"column\">\n\t\t\t<div class=\"elementor-column-wrap elementor-element-populated\">\n\t\t\t\t\t\t\t<div class=\"elementor-widget-wrap\">\n\t\t\t\t\t\t<div class=\"elementor-element elementor-element-3d95c0b elementor-widget elementor-widget-image\" data-id=\"3d95c0b\" data-element_type=\"widget\" data-widget_type=\"image.default\">\n\t\t\t\t<div class=\"elementor-widget-container\">\n\t\t\t\t\t<div class=\"elementor-image\">\n\t\t\t\t\t\t\t\t\t\t\t<a href=\"https:\/\/chapiteauexpress.com\/wp-content\/uploads\/2021\/02\/10x20-POP-UP-4-COTES-MOUSTIQUAIRES-840-012CW-BLANC-1-AVEC-LOGO.jpg\" data-elementor-open-lightbox=\"yes\" data-elementor-lightbox-title=\"10x20 POP-UP 4 COT\u00c9S MOUSTIQUAIRES 840-012CW BLANC-1 AVEC LOGO\">\n\t\t\t\t\t\t\t<img width=\"300\" height=\"300\" src=\"https:\/\/chapiteauexpress.com\/wp-content\/uploads\/2021\/02\/10x20-POP-UP-4-COTES-MOUSTIQUAIRES-840-012CW-BLANC-1-AVEC-LOGO-300x300.jpg\" class=\"elementor-animation-grow attachment-medium size-medium\" alt=\"\" loading=\"lazy\" srcset=\"https:\/\/chapiteauexpress.com\/wp-content\/uploads\/2021\/02\/10x20-POP-UP-4-COTES-MOUSTIQUAIRES-840-012CW-BLANC-1-AVEC-LOGO-300x300.jpg 300w, https:\/\/chapiteauexpress.com\/wp-content\/uploads\/2021\/02\/10x20-POP-UP-4-COTES-MOUSTIQUAIRES-840-012CW-BLANC-1-AVEC-LOGO-1024x1024.jpg 1024w, https:\/\/chapiteauexpress.com\/wp-content\/uploads\/2021\/02\/10x20-POP-UP-4-COTES-MOUSTIQUAIRES-840-012CW-BLANC-1-AVEC-LOGO-150x150.jpg 150w, https:\/\/chapiteauexpress.com\/wp-content\/uploads\/2021\/02\/10x20-POP-UP-4-COTES-MOUSTIQUAIRES-840-012CW-BLANC-1-AVEC-LOGO-768x768.jpg 768w, https:\/\/chapiteauexpress.com\/wp-content\/uploads\/2021\/02\/10x20-POP-UP-4-COTES-MOUSTIQUAIRES-840-012CW-BLANC-1-AVEC-LOGO.jpg 1500w\" sizes=\"(max-width: 300px) 100vw, 300px\" \/>\t\t\t\t\t\t\t\t<\/a>\n\t\t\t\t\t\t\t\t\t\t\t<\/div>\n\t\t\t\t<\/div>\n\t\t\t\t<\/div>\n\t\t\t\t\t\t<\/div>\n\t\t\t\t\t<\/div>\n\t\t<\/div>\n\t\t\t\t<div class=\"elementor-column elementor-col-20 elementor-top-column elementor-element elementor-element-b1bc49e\" data-id=\"b1bc49e\" data-element_type=\"column\">\n\t\t\t<div class=\"elementor-column-wrap elementor-element-populated\">\n\t\t\t\t\t\t\t<div class=\"elementor-widget-wrap\">\n\t\t\t\t\t\t<div class=\"elementor-element elementor-element-b199786 elementor-widget elementor-widget-image\" data-id=\"b199786\" data-element_type=\"widget\" data-widget_type=\"image.default\">\n\t\t\t\t<div class=\"elementor-widget-container\">\n\t\t\t\t\t<div class=\"elementor-image\">\n\t\t\t\t\t\t\t\t\t\t\t<a href=\"https:\/\/chapiteauexpress.com\/wp-content\/uploads\/2021\/02\/10x20-POP-UP-4-COTES-MOUSTIQUAIRES-840-012CW-BLANC-5.jpg\" data-elementor-open-lightbox=\"yes\" data-elementor-lightbox-title=\"10x20 POP-UP 4 COT\u00c9S MOUSTIQUAIRES 840-012CW BLANC-5\">\n\t\t\t\t\t\t\t<img width=\"300\" height=\"300\" src=\"https:\/\/chapiteauexpress.com\/wp-content\/uploads\/2021\/02\/10x20-POP-UP-4-COTES-MOUSTIQUAIRES-840-012CW-BLANC-5-300x300.jpg\" class=\"elementor-animation-grow attachment-medium size-medium\" alt=\"\" loading=\"lazy\" srcset=\"https:\/\/chapiteauexpress.com\/wp-content\/uploads\/2021\/02\/10x20-POP-UP-4-COTES-MOUSTIQUAIRES-840-012CW-BLANC-5-300x300.jpg 300w, https:\/\/chapiteauexpress.com\/wp-content\/uploads\/2021\/02\/10x20-POP-UP-4-COTES-MOUSTIQUAIRES-840-012CW-BLANC-5-1024x1024.jpg 1024w, https:\/\/chapiteauexpress.com\/wp-content\/uploads\/2021\/02\/10x20-POP-UP-4-COTES-MOUSTIQUAIRES-840-012CW-BLANC-5-150x150.jpg 150w, https:\/\/chapiteauexpress.com\/wp-content\/uploads\/2021\/02\/10x20-POP-UP-4-COTES-MOUSTIQUAIRES-840-012CW-BLANC-5-768x768.jpg 768w, https:\/\/chapiteauexpress.com\/wp-content\/uploads\/2021\/02\/10x20-POP-UP-4-COTES-MOUSTIQUAIRES-840-012CW-BLANC-5.jpg 1500w\" sizes=\"(max-width: 300px) 100vw, 300px\" \/>\t\t\t\t\t\t\t\t<\/a>\n\t\t\t\t\t\t\t\t\t\t\t<\/div>\n\t\t\t\t<\/div>\n\t\t\t\t<\/div>\n\t\t\t\t\t\t<\/div>\n\t\t\t\t\t<\/div>\n\t\t<\/div>\n\t\t\t\t<div class=\"elementor-column elementor-col-20 elementor-top-column elementor-element elementor-element-373faef\" data-id=\"373faef\" data-element_type=\"column\">\n\t\t\t<div class=\"elementor-column-wrap elementor-element-populated\">\n\t\t\t\t\t\t\t<div class=\"elementor-widget-wrap\">\n\t\t\t\t\t\t<div class=\"elementor-element elementor-element-4a030b1 elementor-widget elementor-widget-image\" data-id=\"4a030b1\" data-element_type=\"widget\" data-widget_type=\"image.default\">\n\t\t\t\t<div class=\"elementor-widget-container\">\n\t\t\t\t\t<div class=\"elementor-image\">\n\t\t\t\t\t\t\t\t\t\t\t<a href=\"https:\/\/chapiteauexpress.com\/wp-content\/uploads\/2021\/02\/10x20-POP-UP-4-COTES-MOUSTIQUAIRES-840-012CW-BLANC-2.jpg\" data-elementor-open-lightbox=\"yes\" data-elementor-lightbox-title=\"10x20 POP-UP 4 COT\u00c9S MOUSTIQUAIRES 840-012CW BLANC-2\">\n\t\t\t\t\t\t\t<img width=\"300\" height=\"300\" src=\"https:\/\/chapiteauexpress.com\/wp-content\/uploads\/2021\/02\/10x20-POP-UP-4-COTES-MOUSTIQUAIRES-840-012CW-BLANC-2-300x300.jpg\" class=\"elementor-animation-grow attachment-medium size-medium\" alt=\"\" loading=\"lazy\" srcset=\"https:\/\/chapiteauexpress.com\/wp-content\/uploads\/2021\/02\/10x20-POP-UP-4-COTES-MOUSTIQUAIRES-840-012CW-BLANC-2-300x300.jpg 300w, https:\/\/chapiteauexpress.com\/wp-content\/uploads\/2021\/02\/10x20-POP-UP-4-COTES-MOUSTIQUAIRES-840-012CW-BLANC-2-1024x1024.jpg 1024w, https:\/\/chapiteauexpress.com\/wp-content\/uploads\/2021\/02\/10x20-POP-UP-4-COTES-MOUSTIQUAIRES-840-012CW-BLANC-2-150x150.jpg 150w, https:\/\/chapiteauexpress.com\/wp-content\/uploads\/2021\/02\/10x20-POP-UP-4-COTES-MOUSTIQUAIRES-840-012CW-BLANC-2-768x768.jpg 768w, https:\/\/chapiteauexpress.com\/wp-content\/uploads\/2021\/02\/10x20-POP-UP-4-COTES-MOUSTIQUAIRES-840-012CW-BLANC-2.jpg 1500w\" sizes=\"(max-width: 300px) 100vw, 300px\" \/>\t\t\t\t\t\t\t\t<\/a>\n\t\t\t\t\t\t\t\t\t\t\t<\/div>\n\t\t\t\t<\/div>\n\t\t\t\t<\/div>\n\t\t\t\t\t\t<\/div>\n\t\t\t\t\t<\/div>\n\t\t<\/div>\n\t\t\t\t<div class=\"elementor-column elementor-col-20 elementor-top-column elementor-element elementor-element-572f3df\" data-id=\"572f3df\" data-element_type=\"column\">\n\t\t\t<div class=\"elementor-column-wrap elementor-element-populated\">\n\t\t\t\t\t\t\t<div class=\"elementor-widget-wrap\">\n\t\t\t\t\t\t<div class=\"elementor-element elementor-element-6d277b7 elementor-widget elementor-widget-image\" data-id=\"6d277b7\" data-element_type=\"widget\" data-widget_type=\"image.default\">\n\t\t\t\t<div class=\"elementor-widget-container\">\n\t\t\t\t\t<div class=\"elementor-image\">\n\t\t\t\t\t\t\t\t\t\t\t<a href=\"https:\/\/chapiteauexpress.com\/wp-content\/uploads\/2021\/02\/10x20-POP-UP-4-COTES-MOUSTIQUAIRES-840-012CW-BLANC-7.jpg\" data-elementor-open-lightbox=\"yes\" data-elementor-lightbox-title=\"10x20 POP-UP 4 COT\u00c9S MOUSTIQUAIRES 840-012CW BLANC-7\">\n\t\t\t\t\t\t\t<img width=\"300\" height=\"300\" src=\"https:\/\/chapiteauexpress.com\/wp-content\/uploads\/2021\/02\/10x20-POP-UP-4-COTES-MOUSTIQUAIRES-840-012CW-BLANC-7-300x300.jpg\" class=\"elementor-animation-grow attachment-medium size-medium\" alt=\"\" loading=\"lazy\" srcset=\"https:\/\/chapiteauexpress.com\/wp-content\/uploads\/2021\/02\/10x20-POP-UP-4-COTES-MOUSTIQUAIRES-840-012CW-BLANC-7-300x300.jpg 300w, https:\/\/chapiteauexpress.com\/wp-content\/uploads\/2021\/02\/10x20-POP-UP-4-COTES-MOUSTIQUAIRES-840-012CW-BLANC-7-1024x1024.jpg 1024w, https:\/\/chapiteauexpress.com\/wp-content\/uploads\/2021\/02\/10x20-POP-UP-4-COTES-MOUSTIQUAIRES-840-012CW-BLANC-7-150x150.jpg 150w, https:\/\/chapiteauexpress.com\/wp-content\/uploads\/2021\/02\/10x20-POP-UP-4-COTES-MOUSTIQUAIRES-840-012CW-BLANC-7-768x768.jpg 768w, https:\/\/chapiteauexpress.com\/wp-content\/uploads\/2021\/02\/10x20-POP-UP-4-COTES-MOUSTIQUAIRES-840-012CW-BLANC-7.jpg 1500w\" sizes=\"(max-width: 300px) 100vw, 300px\" \/>\t\t\t\t\t\t\t\t<\/a>\n\t\t\t\t\t\t\t\t\t\t\t<\/div>\n\t\t\t\t<\/div>\n\t\t\t\t<\/div>\n\t\t\t\t\t\t<\/div>\n\t\t\t\t\t<\/div>\n\t\t<\/div>\n\t\t\t\t<div class=\"elementor-column elementor-col-20 elementor-top-column elementor-element elementor-element-1905c0f\" data-id=\"1905c0f\" data-element_type=\"column\">\n\t\t\t<div class=\"elementor-column-wrap elementor-element-populated\">\n\t\t\t\t\t\t\t<div class=\"elementor-widget-wrap\">\n\t\t\t\t\t\t<div class=\"elementor-element elementor-element-3a8a7c4 elementor-widget elementor-widget-image\" data-id=\"3a8a7c4\" data-element_type=\"widget\" data-widget_type=\"image.default\">\n\t\t\t\t<div class=\"elementor-widget-container\">\n\t\t\t\t\t<div class=\"elementor-image\">\n\t\t\t\t\t\t\t\t\t\t\t<a href=\"https:\/\/chapiteauexpress.com\/wp-content\/uploads\/2021\/02\/10x20-POP-UP-4-COTES-MOUSTIQUAIRES-840-012CW-BLANC-4.jpg\" data-elementor-open-lightbox=\"yes\" data-elementor-lightbox-title=\"10x20 POP-UP 4 COT\u00c9S MOUSTIQUAIRES 840-012CW BLANC-4\">\n\t\t\t\t\t\t\t<img width=\"300\" height=\"300\" src=\"https:\/\/chapiteauexpress.com\/wp-content\/uploads\/2021\/02\/10x20-POP-UP-4-COTES-MOUSTIQUAIRES-840-012CW-BLANC-4-300x300.jpg\" class=\"elementor-animation-grow attachment-medium size-medium\" alt=\"\" loading=\"lazy\" srcset=\"https:\/\/chapiteauexpress.com\/wp-content\/uploads\/2021\/02\/10x20-POP-UP-4-COTES-MOUSTIQUAIRES-840-012CW-BLANC-4-300x300.jpg 300w, https:\/\/chapiteauexpress.com\/wp-content\/uploads\/2021\/02\/10x20-POP-UP-4-COTES-MOUSTIQUAIRES-840-012CW-BLANC-4-1024x1024.jpg 1024w, https:\/\/chapiteauexpress.com\/wp-content\/uploads\/2021\/02\/10x20-POP-UP-4-COTES-MOUSTIQUAIRES-840-012CW-BLANC-4-150x150.jpg 150w, https:\/\/chapiteauexpress.com\/wp-content\/uploads\/2021\/02\/10x20-POP-UP-4-COTES-MOUSTIQUAIRES-840-012CW-BLANC-4-768x768.jpg 768w, https:\/\/chapiteauexpress.com\/wp-content\/uploads\/2021\/02\/10x20-POP-UP-4-COTES-MOUSTIQUAIRES-840-012CW-BLANC-4.jpg 1500w\" sizes=\"(max-width: 300px) 100vw, 300px\" \/>\t\t\t\t\t\t\t\t<\/a>\n\t\t\t\t\t\t\t\t\t\t\t<\/div>\n\t\t\t\t<\/div>\n\t\t\t\t<\/div>\n\t\t\t\t\t\t<\/div>\n\t\t\t\t\t<\/div>\n\t\t<\/div>\n\t\t\t\t\t\t\t\t<\/div>\n\t\t\t\t\t<\/div>\n\t\t<\/section>\n\t\t\t\t<section class=\"elementor-section elementor-top-section elementor-element elementor-element-46edb6a9 elementor-section-boxed elementor-section-height-default elementor-section-height-default\" data-id=\"46edb6a9\" data-element_type=\"section\">\n\t\t\t\t\t\t<div class=\"elementor-container elementor-column-gap-default\">\n\t\t\t\t\t\t\t<div class=\"elementor-row\">\n\t\t\t\t\t<div class=\"elementor-column elementor-col-100 elementor-top-column elementor-element elementor-element-6e4dbf6c\" data-id=\"6e4dbf6c\" data-element_type=\"column\">\n\t\t\t<div class=\"elementor-column-wrap elementor-element-populated\">\n\t\t\t\t\t\t\t<div class=\"elementor-widget-wrap\">\n\t\t\t\t\t\t<div class=\"elementor-element elementor-element-79af4159 elementor-widget elementor-widget-heading\" data-id=\"79af4159\" data-element_type=\"widget\" data-widget_type=\"heading.default\">\n\t\t\t\t<div class=\"elementor-widget-container\">\n\t\t\t<h3 class=\"elementor-heading-title elementor-size-default\">Caract\u00e9ristiques<\/h3>\t\t<\/div>\n\t\t\t\t<\/div>\n\t\t\t\t\t\t<\/div>\n\t\t\t\t\t<\/div>\n\t\t<\/div>\n\t\t\t\t\t\t\t\t<\/div>\n\t\t\t\t\t<\/div>\n\t\t<\/section>\n\t\t\t\t<section class=\"elementor-section elementor-top-section elementor-element elementor-element-25655c62 elementor-section-boxed elementor-section-height-default elementor-section-height-default\" data-id=\"25655c62\" data-element_type=\"section\">\n\t\t\t\t\t\t<div class=\"elementor-container elementor-column-gap-default\">\n\t\t\t\t\t\t\t<div class=\"elementor-row\">\n\t\t\t\t\t<div class=\"elementor-column elementor-col-100 elementor-top-column elementor-element elementor-element-46668ee3\" data-id=\"46668ee3\" data-element_type=\"column\">\n\t\t\t<div class=\"elementor-column-wrap elementor-element-populated\">\n\t\t\t\t\t\t\t<div class=\"elementor-widget-wrap\">\n\t\t\t\t\t\t<div class=\"elementor-element elementor-element-4bb5f4bc elementor-widget elementor-widget-text-editor\" data-id=\"4bb5f4bc\" data-element_type=\"widget\" data-widget_type=\"text-editor.default\">\n\t\t\t\t<div class=\"elementor-widget-container\">\n\t\t\t\t\t<div class=\"elementor-text-editor elementor-clearfix\"><ul><li>Tente de f\u00eate 10&rsquo;x20 &lsquo;avec Moustiquaires amovibles, id\u00e9ale pour une utilisation ext\u00e9rieur comme le march\u00e9s aux puces, etc.<\/li><li>Structure en acier enduit de poudre au fini blanc pour une utilisation de longue dur\u00e9e<\/li><li>Housse oxford durable et r\u00e9sistante \u00e0 l&rsquo;eau avec rev\u00eatement anti-UV bloquant la plupart des rayons nocifs<\/li><li>Parois lat\u00e9rales avec attaches Velcro pour un assemblage et un retrait faciles, 4 avec une grande fen\u00eatre pour une visibilit\u00e9 maximale<\/li><li>2 panneaux lat\u00e9raux avec conception \u00e0 glissi\u00e8re pour une entr\u00e9e et une sortie faciles<\/li><li>6 cordes de traction et 12 piquets de sol inclus, il est fortement recommand\u00e9 d&rsquo;utiliser pour plus de stabilit\u00e9<\/li><li>L\u00e9ger et portable avec sac de transport inclus<\/li><li>Assemblage rapide requis<\/li><\/ul><p>* Remarque: cet article n\u00e9cessite au minimum 2 personnes pour \u00eatre install\u00e9. Veuillez-vous assurer que l&rsquo;article est correctement install\u00e9 et bien ancr\u00e9 pour une efficacit\u00e9 maximale. Il s&rsquo;agit d&rsquo;une tente l\u00e9g\u00e8re et nous ne sommes pas responsables des dommages caus\u00e9s par des conditions m\u00e9t\u00e9orologiques difficiles.<\/p><ul><li>Accessoires:<\/li><li>6 x cordes de traction<\/li><li>12 x piquets de sol<\/li><li>1 x sac de transport noir<\/li><\/ul><\/div>\n\t\t\t\t<\/div>\n\t\t\t\t<\/div>\n\t\t\t\t\t\t<\/div>\n\t\t\t\t\t<\/div>\n\t\t<\/div>\n\t\t\t\t\t\t\t\t<\/div>\n\t\t\t\t\t<\/div>\n\t\t<\/section>\n\t\t\t\t<section class=\"elementor-section elementor-top-section elementor-element elementor-element-4c9e1830 elementor-section-boxed elementor-section-height-default elementor-section-height-default\" data-id=\"4c9e1830\" data-element_type=\"section\">\n\t\t\t\t\t\t<div class=\"elementor-container elementor-column-gap-default\">\n\t\t\t\t\t\t\t<div class=\"elementor-row\">\n\t\t\t\t\t<div class=\"elementor-column elementor-col-100 elementor-top-column elementor-element elementor-element-43c7b0b\" data-id=\"43c7b0b\" data-element_type=\"column\">\n\t\t\t<div class=\"elementor-column-wrap elementor-element-populated\">\n\t\t\t\t\t\t\t<div class=\"elementor-widget-wrap\">\n\t\t\t\t\t\t<div class=\"elementor-element elementor-element-3d41b022 elementor-widget elementor-widget-heading\" data-id=\"3d41b022\" data-element_type=\"widget\" data-widget_type=\"heading.default\">\n\t\t\t\t<div class=\"elementor-widget-container\">\n\t\t\t<h3 class=\"elementor-heading-title elementor-size-default\">Sp\u00e9cifications<\/h3>\t\t<\/div>\n\t\t\t\t<\/div>\n\t\t\t\t\t\t<\/div>\n\t\t\t\t\t<\/div>\n\t\t<\/div>\n\t\t\t\t\t\t\t\t<\/div>\n\t\t\t\t\t<\/div>\n\t\t<\/section>\n\t\t\t\t<section class=\"elementor-section elementor-top-section elementor-element elementor-element-4c50754f elementor-section-boxed elementor-section-height-default elementor-section-height-default\" data-id=\"4c50754f\" data-element_type=\"section\">\n\t\t\t\t\t\t<div class=\"elementor-container elementor-column-gap-default\">\n\t\t\t\t\t\t\t<div class=\"elementor-row\">\n\t\t\t\t\t<div class=\"elementor-column elementor-col-100 elementor-top-column elementor-element elementor-element-d6c9815\" data-id=\"d6c9815\" data-element_type=\"column\">\n\t\t\t<div class=\"elementor-column-wrap elementor-element-populated\">\n\t\t\t\t\t\t\t<div class=\"elementor-widget-wrap\">\n\t\t\t\t\t\t<div class=\"elementor-element elementor-element-258a3964 elementor-widget elementor-widget-text-editor\" data-id=\"258a3964\" data-element_type=\"widget\" data-widget_type=\"text-editor.default\">\n\t\t\t\t<div class=\"elementor-widget-container\">\n\t\t\t\t\t<div class=\"elementor-text-editor elementor-clearfix\"><ul><li>Couleur: Blanc<\/li><li>Mat\u00e9riel: Acier et Tissu Oxford<\/li><li>Poids net: 55 lb<\/li><li>Taille globale: 9,8 pi x 19,7 pi<\/li><li>Hauteur de l&rsquo;avant-toit: 6,6 pi<\/li><li>Hauteur du haut: 8,4 pi<\/li><\/ul><\/div>\n\t\t\t\t<\/div>\n\t\t\t\t<\/div>\n\t\t\t\t\t\t<\/div>\n\t\t\t\t\t<\/div>\n\t\t<\/div>\n\t\t\t\t\t\t\t\t<\/div>\n\t\t\t\t\t<\/div>\n\t\t<\/section>\n\t\t\t\t<section class=\"elementor-section elementor-top-section elementor-element elementor-element-cd3fdd elementor-section-boxed elementor-section-height-default elementor-section-height-default\" data-id=\"cd3fdd\" data-element_type=\"section\">\n\t\t\t\t\t\t<div class=\"elementor-container elementor-column-gap-default\">\n\t\t\t\t\t\t\t<div class=\"elementor-row\">\n\t\t\t\t\t<div class=\"elementor-column elementor-col-100 elementor-top-column elementor-element elementor-element-6c76d2bd\" data-id=\"6c76d2bd\" data-element_type=\"column\">\n\t\t\t<div class=\"elementor-column-wrap elementor-element-populated\">\n\t\t\t\t\t\t\t<div class=\"elementor-widget-wrap\">\n\t\t\t\t\t\t<div class=\"elementor-element elementor-element-10613156 elementor-widget elementor-widget-text-editor\" data-id=\"10613156\" data-element_type=\"widget\" data-widget_type=\"text-editor.default\">\n\t\t\t\t<div class=\"elementor-widget-container\">\n\t\t\t\t\t<div class=\"elementor-text-editor elementor-clearfix\"><p><strong>Remarque: veuillez vous assurer que l&rsquo;article est correctement install\u00e9 et fermement ancr\u00e9 pour une efficacit\u00e9 maximale.<\/strong><\/p><\/div>\n\t\t\t\t<\/div>\n\t\t\t\t<\/div>\n\t\t\t\t\t\t<\/div>\n\t\t\t\t\t<\/div>\n\t\t<\/div>\n\t\t\t\t\t\t\t\t<\/div>\n\t\t\t\t\t<\/div>\n\t\t<\/section>\n\t\t\t\t<section class=\"elementor-section elementor-top-section elementor-element elementor-element-4424ff98 elementor-section-boxed elementor-section-height-default elementor-section-height-default\" data-id=\"4424ff98\" data-element_type=\"section\">\n\t\t\t\t\t\t<div class=\"elementor-container elementor-column-gap-default\">\n\t\t\t\t\t\t\t<div class=\"elementor-row\">\n\t\t\t\t\t<div class=\"elementor-column elementor-col-100 elementor-top-column elementor-element elementor-element-9f59c3e\" data-id=\"9f59c3e\" data-element_type=\"column\">\n\t\t\t<div class=\"elementor-column-wrap elementor-element-populated\">\n\t\t\t\t\t\t\t<div class=\"elementor-widget-wrap\">\n\t\t\t\t\t\t<div class=\"elementor-element elementor-element-13d42071 elementor-widget elementor-widget-text-editor\" data-id=\"13d42071\" data-element_type=\"widget\" data-widget_type=\"text-editor.default\">\n\t\t\t\t<div class=\"elementor-widget-container\">\n\t\t\t\t\t<div class=\"elementor-text-editor elementor-clearfix\"><p>Chapiteau Express n&rsquo;est pas responsable de tous dommages caus\u00e9s si le chapiteau est laiss\u00e9 expos\u00e9 \u00e0 des conditions m\u00e9t\u00e9orologiques inad\u00e9quates (pluie, neige ou \u00e0 des vents extr\u00eames). Vente finale, pas de garantie, retour ou \u00e9change. Nous vous remercions de votre confiance.<\/p><\/div>\n\t\t\t\t<\/div>\n\t\t\t\t<\/div>\n\t\t\t\t\t\t<\/div>\n\t\t\t\t\t<\/div>\n\t\t<\/div>\n\t\t\t\t\t\t\t\t<\/div>\n\t\t\t\t\t<\/div>\n\t\t<\/section>\n\t\t\t\t<section class=\"elementor-section elementor-top-section elementor-element elementor-element-2ed15b5d elementor-section-boxed elementor-section-height-default elementor-section-height-default\" data-id=\"2ed15b5d\" data-element_type=\"section\">\n\t\t\t\t\t\t<div class=\"elementor-container elementor-column-gap-default\">\n\t\t\t\t\t\t\t<div class=\"elementor-row\">\n\t\t\t\t\t<div class=\"elementor-column elementor-col-100 elementor-top-column elementor-element elementor-element-52b2663f\" data-id=\"52b2663f\" data-element_type=\"column\">\n\t\t\t<div class=\"elementor-column-wrap elementor-element-populated\">\n\t\t\t\t\t\t\t<div class=\"elementor-widget-wrap\">\n\t\t\t\t\t\t<div class=\"elementor-element elementor-element-f52756d elementor-widget elementor-widget-spacer\" data-id=\"f52756d\" data-element_type=\"widget\" data-widget_type=\"spacer.default\">\n\t\t\t\t<div class=\"elementor-widget-container\">\n\t\t\t\t\t<div class=\"elementor-spacer\">\n\t\t\t<div class=\"elementor-spacer-inner\"><\/div>\n\t\t<\/div>\n\t\t\t\t<\/div>\n\t\t\t\t<\/div>\n\t\t\t\t\t\t<\/div>\n\t\t\t\t\t<\/div>\n\t\t<\/div>\n\t\t\t\t\t\t\t\t<\/div>\n\t\t\t\t\t<\/div>\n\t\t<\/section>\n\t\t\t\t\t\t<\/div>\n\t\t\t\t\t\t<\/div>\n\t\t\t\t\t<\/div>\n\t\t","protected":false},"excerpt":{"rendered":"<p>Chapiteau 10X20 Pop-Up Moustiquaires Blanc Prix : 365,00$ Caract\u00e9ristiques Tente de f\u00eate 10&rsquo;x20 &lsquo;avec Moustiquaires amovibles, id\u00e9ale pour une utilisation ext\u00e9rieur comme le march\u00e9s aux puces, etc. Structure en acier enduit de poudre au fini&hellip;<\/p>\n","protected":false},"author":1,"featured_media":0,"parent":447,"menu_order":0,"comment_status":"closed","ping_status":"closed","template":"template-parts\/template-page-builders.php","meta":[],"_links":{"self":[{"href":"https:\/\/chapiteauexpress.com\/index.php?rest_route=\/wp\/v2\/pages\/1082"}],"collection":[{"href":"https:\/\/chapiteauexpress.com\/index.php?rest_route=\/wp\/v2\/pages"}],"about":[{"href":"https:\/\/chapiteauexpress.com\/index.php?rest_route=\/wp\/v2\/types\/page"}],"author":[{"embeddable":true,"href":"https:\/\/chapiteauexpress.com\/index.php?rest_route=\/wp\/v2\/users\/1"}],"replies":[{"embeddable":true,"href":"https:\/\/chapiteauexpress.com\/index.php?rest_route=%2Fwp%2Fv2%2Fcomments&post=1082"}],"version-history":[{"count":18,"href":"https:\/\/chapiteauexpress.com\/index.php?rest_route=\/wp\/v2\/pages\/1082\/revisions"}],"predecessor-version":[{"id":2435,"href":"https:\/\/chapiteauexpress.com\/index.php?rest_route=\/wp\/v2\/pages\/1082\/revisions\/2435"}],"up":[{"embeddable":true,"href":"https:\/\/chapiteauexpress.com\/index.php?rest_route=\/wp\/v2\/pages\/447"}],"wp:attachment":[{"href":"https:\/\/chapiteauexpress.com\/index.php?rest_route=%2Fwp%2Fv2%2Fmedia&parent=1082"}],"curies":[{"name":"wp","href":"https:\/\/api.w.org\/{rel}","templated":true}]}}