{"id":1012,"date":"2020-10-03T15:57:04","date_gmt":"2020-10-03T19:57:04","guid":{"rendered":"https:\/\/chapiteauexpress.com\/?page_id=1012"},"modified":"2025-05-24T20:16:19","modified_gmt":"2025-05-25T00:16:19","slug":"chapiteau-10x20-pop-up-ferme-blanc","status":"publish","type":"page","link":"https:\/\/chapiteauexpress.com\/?page_id=1012","title":{"rendered":"Chapiteau 10&#215;20 Pop-up Ferm\u00e9 Blanc"},"content":{"rendered":"\t\t<div data-elementor-type=\"wp-page\" data-elementor-id=\"1012\" class=\"elementor elementor-1012\" data-elementor-settings=\"[]\">\n\t\t\t\t\t\t<div class=\"elementor-inner\">\n\t\t\t\t\t\t\t<div class=\"elementor-section-wrap\">\n\t\t\t\t\t\t\t<section class=\"elementor-section elementor-top-section elementor-element elementor-element-3a16b57 elementor-section-boxed elementor-section-height-default elementor-section-height-default\" data-id=\"3a16b57\" data-element_type=\"section\">\n\t\t\t\t\t\t<div class=\"elementor-container elementor-column-gap-default\">\n\t\t\t\t\t\t\t<div class=\"elementor-row\">\n\t\t\t\t\t<div class=\"elementor-column elementor-col-100 elementor-top-column elementor-element elementor-element-3e08339d\" data-id=\"3e08339d\" data-element_type=\"column\">\n\t\t\t<div class=\"elementor-column-wrap elementor-element-populated\">\n\t\t\t\t\t\t\t<div class=\"elementor-widget-wrap\">\n\t\t\t\t\t\t<div class=\"elementor-element elementor-element-43b7c071 elementor-widget elementor-widget-heading\" data-id=\"43b7c071\" data-element_type=\"widget\" data-widget_type=\"heading.default\">\n\t\t\t\t<div class=\"elementor-widget-container\">\n\t\t\t<h2 class=\"elementor-heading-title elementor-size-default\">Chapiteau 10X20 Pop-Up Ferm\u00e9 Blanc<\/h2>\t\t<\/div>\n\t\t\t\t<\/div>\n\t\t\t\t\t\t<\/div>\n\t\t\t\t\t<\/div>\n\t\t<\/div>\n\t\t\t\t\t\t\t\t<\/div>\n\t\t\t\t\t<\/div>\n\t\t<\/section>\n\t\t\t\t<section class=\"elementor-section elementor-top-section elementor-element elementor-element-13761bc4 elementor-section-boxed elementor-section-height-default elementor-section-height-default\" data-id=\"13761bc4\" data-element_type=\"section\">\n\t\t\t\t\t\t<div class=\"elementor-container elementor-column-gap-default\">\n\t\t\t\t\t\t\t<div class=\"elementor-row\">\n\t\t\t\t\t<div class=\"elementor-column elementor-col-100 elementor-top-column elementor-element elementor-element-3530781b\" data-id=\"3530781b\" data-element_type=\"column\">\n\t\t\t<div class=\"elementor-column-wrap elementor-element-populated\">\n\t\t\t\t\t\t\t<div class=\"elementor-widget-wrap\">\n\t\t\t\t\t\t<div class=\"elementor-element elementor-element-452e1571 elementor-widget elementor-widget-text-editor\" data-id=\"452e1571\" data-element_type=\"widget\" data-widget_type=\"text-editor.default\">\n\t\t\t\t<div class=\"elementor-widget-container\">\n\t\t\t\t\t<div class=\"elementor-text-editor elementor-clearfix\"><p>Prix : 335,00$<\/p><\/div>\n\t\t\t\t<\/div>\n\t\t\t\t<\/div>\n\t\t\t\t\t\t<\/div>\n\t\t\t\t\t<\/div>\n\t\t<\/div>\n\t\t\t\t\t\t\t\t<\/div>\n\t\t\t\t\t<\/div>\n\t\t<\/section>\n\t\t\t\t<section class=\"elementor-section elementor-top-section elementor-element elementor-element-8530dda elementor-section-boxed elementor-section-height-default elementor-section-height-default\" data-id=\"8530dda\" data-element_type=\"section\">\n\t\t\t\t\t\t<div class=\"elementor-container elementor-column-gap-default\">\n\t\t\t\t\t\t\t<div class=\"elementor-row\">\n\t\t\t\t\t<div class=\"elementor-column elementor-col-20 elementor-top-column elementor-element elementor-element-189bf41\" data-id=\"189bf41\" data-element_type=\"column\">\n\t\t\t<div class=\"elementor-column-wrap elementor-element-populated\">\n\t\t\t\t\t\t\t<div class=\"elementor-widget-wrap\">\n\t\t\t\t\t\t<div class=\"elementor-element elementor-element-13063e8 elementor-widget elementor-widget-image\" data-id=\"13063e8\" data-element_type=\"widget\" data-widget_type=\"image.default\">\n\t\t\t\t<div class=\"elementor-widget-container\">\n\t\t\t\t\t<div class=\"elementor-image\">\n\t\t\t\t\t\t\t\t\t\t\t<a href=\"https:\/\/chapiteauexpress.com\/wp-content\/uploads\/2024\/03\/10x20-POP-UP-4-COTES-FERMES-84C-425V01WT-BLANC-5.jpg\" data-elementor-open-lightbox=\"yes\" data-elementor-lightbox-title=\"10x20 POP-UP 4 COT\u00c9S FERM\u00c9S 84C-425V01WT BLANC-5\">\n\t\t\t\t\t\t\t<img width=\"300\" height=\"300\" src=\"https:\/\/chapiteauexpress.com\/wp-content\/uploads\/2024\/03\/10x20-POP-UP-4-COTES-FERMES-84C-425V01WT-BLANC-5-300x300.jpg\" class=\"elementor-animation-grow attachment-medium size-medium\" alt=\"\" loading=\"lazy\" srcset=\"https:\/\/chapiteauexpress.com\/wp-content\/uploads\/2024\/03\/10x20-POP-UP-4-COTES-FERMES-84C-425V01WT-BLANC-5-300x300.jpg 300w, https:\/\/chapiteauexpress.com\/wp-content\/uploads\/2024\/03\/10x20-POP-UP-4-COTES-FERMES-84C-425V01WT-BLANC-5-150x150.jpg 150w, https:\/\/chapiteauexpress.com\/wp-content\/uploads\/2024\/03\/10x20-POP-UP-4-COTES-FERMES-84C-425V01WT-BLANC-5-768x768.jpg 768w, https:\/\/chapiteauexpress.com\/wp-content\/uploads\/2024\/03\/10x20-POP-UP-4-COTES-FERMES-84C-425V01WT-BLANC-5.jpg 800w\" sizes=\"(max-width: 300px) 100vw, 300px\" \/>\t\t\t\t\t\t\t\t<\/a>\n\t\t\t\t\t\t\t\t\t\t\t<\/div>\n\t\t\t\t<\/div>\n\t\t\t\t<\/div>\n\t\t\t\t\t\t<\/div>\n\t\t\t\t\t<\/div>\n\t\t<\/div>\n\t\t\t\t<div class=\"elementor-column elementor-col-20 elementor-top-column elementor-element elementor-element-d941328\" data-id=\"d941328\" data-element_type=\"column\">\n\t\t\t<div class=\"elementor-column-wrap elementor-element-populated\">\n\t\t\t\t\t\t\t<div class=\"elementor-widget-wrap\">\n\t\t\t\t\t\t<div class=\"elementor-element elementor-element-245f831 elementor-widget elementor-widget-image\" data-id=\"245f831\" data-element_type=\"widget\" data-widget_type=\"image.default\">\n\t\t\t\t<div class=\"elementor-widget-container\">\n\t\t\t\t\t<div class=\"elementor-image\">\n\t\t\t\t\t\t\t\t\t\t\t<a href=\"https:\/\/chapiteauexpress.com\/wp-content\/uploads\/2024\/03\/10x20-POP-UP-4-COTES-FERMES-84C-425V01WT-BLANC-2.jpg\" data-elementor-open-lightbox=\"yes\" data-elementor-lightbox-title=\"10x20 POP-UP 4 COT\u00c9S FERM\u00c9S 84C-425V01WT BLANC-2\">\n\t\t\t\t\t\t\t<img width=\"300\" height=\"300\" src=\"https:\/\/chapiteauexpress.com\/wp-content\/uploads\/2024\/03\/10x20-POP-UP-4-COTES-FERMES-84C-425V01WT-BLANC-2-300x300.jpg\" class=\"elementor-animation-grow attachment-medium size-medium\" alt=\"\" loading=\"lazy\" srcset=\"https:\/\/chapiteauexpress.com\/wp-content\/uploads\/2024\/03\/10x20-POP-UP-4-COTES-FERMES-84C-425V01WT-BLANC-2-300x300.jpg 300w, https:\/\/chapiteauexpress.com\/wp-content\/uploads\/2024\/03\/10x20-POP-UP-4-COTES-FERMES-84C-425V01WT-BLANC-2-150x150.jpg 150w, https:\/\/chapiteauexpress.com\/wp-content\/uploads\/2024\/03\/10x20-POP-UP-4-COTES-FERMES-84C-425V01WT-BLANC-2-768x768.jpg 768w, https:\/\/chapiteauexpress.com\/wp-content\/uploads\/2024\/03\/10x20-POP-UP-4-COTES-FERMES-84C-425V01WT-BLANC-2.jpg 800w\" sizes=\"(max-width: 300px) 100vw, 300px\" \/>\t\t\t\t\t\t\t\t<\/a>\n\t\t\t\t\t\t\t\t\t\t\t<\/div>\n\t\t\t\t<\/div>\n\t\t\t\t<\/div>\n\t\t\t\t\t\t<\/div>\n\t\t\t\t\t<\/div>\n\t\t<\/div>\n\t\t\t\t<div class=\"elementor-column elementor-col-20 elementor-top-column elementor-element elementor-element-e5a0b94\" data-id=\"e5a0b94\" data-element_type=\"column\">\n\t\t\t<div class=\"elementor-column-wrap elementor-element-populated\">\n\t\t\t\t\t\t\t<div class=\"elementor-widget-wrap\">\n\t\t\t\t\t\t<div class=\"elementor-element elementor-element-8d3c46e elementor-widget elementor-widget-image\" data-id=\"8d3c46e\" data-element_type=\"widget\" data-widget_type=\"image.default\">\n\t\t\t\t<div class=\"elementor-widget-container\">\n\t\t\t\t\t<div class=\"elementor-image\">\n\t\t\t\t\t\t\t\t\t\t\t<a href=\"https:\/\/chapiteauexpress.com\/wp-content\/uploads\/2024\/03\/10x20-POP-UP-4-COTES-FERMES-84C-425V01WT-BLANC-7.jpg\" data-elementor-open-lightbox=\"yes\" data-elementor-lightbox-title=\"10x20 POP-UP 4 COT\u00c9S FERM\u00c9S 84C-425V01WT BLANC-7\">\n\t\t\t\t\t\t\t<img width=\"300\" height=\"300\" src=\"https:\/\/chapiteauexpress.com\/wp-content\/uploads\/2024\/03\/10x20-POP-UP-4-COTES-FERMES-84C-425V01WT-BLANC-7-300x300.jpg\" class=\"elementor-animation-grow attachment-medium size-medium\" alt=\"\" loading=\"lazy\" srcset=\"https:\/\/chapiteauexpress.com\/wp-content\/uploads\/2024\/03\/10x20-POP-UP-4-COTES-FERMES-84C-425V01WT-BLANC-7-300x300.jpg 300w, https:\/\/chapiteauexpress.com\/wp-content\/uploads\/2024\/03\/10x20-POP-UP-4-COTES-FERMES-84C-425V01WT-BLANC-7-150x150.jpg 150w, https:\/\/chapiteauexpress.com\/wp-content\/uploads\/2024\/03\/10x20-POP-UP-4-COTES-FERMES-84C-425V01WT-BLANC-7-768x768.jpg 768w, https:\/\/chapiteauexpress.com\/wp-content\/uploads\/2024\/03\/10x20-POP-UP-4-COTES-FERMES-84C-425V01WT-BLANC-7.jpg 800w\" sizes=\"(max-width: 300px) 100vw, 300px\" \/>\t\t\t\t\t\t\t\t<\/a>\n\t\t\t\t\t\t\t\t\t\t\t<\/div>\n\t\t\t\t<\/div>\n\t\t\t\t<\/div>\n\t\t\t\t\t\t<\/div>\n\t\t\t\t\t<\/div>\n\t\t<\/div>\n\t\t\t\t<div class=\"elementor-column elementor-col-20 elementor-top-column elementor-element elementor-element-b1a3953\" data-id=\"b1a3953\" data-element_type=\"column\">\n\t\t\t<div class=\"elementor-column-wrap elementor-element-populated\">\n\t\t\t\t\t\t\t<div class=\"elementor-widget-wrap\">\n\t\t\t\t\t\t<div class=\"elementor-element elementor-element-5feac74 elementor-widget elementor-widget-image\" data-id=\"5feac74\" data-element_type=\"widget\" data-widget_type=\"image.default\">\n\t\t\t\t<div class=\"elementor-widget-container\">\n\t\t\t\t\t<div class=\"elementor-image\">\n\t\t\t\t\t\t\t\t\t\t\t<a href=\"https:\/\/chapiteauexpress.com\/wp-content\/uploads\/2024\/03\/10x20-POP-UP-4-COTES-FERMES-84C-425V01WT-BLANC-9.jpg\" data-elementor-open-lightbox=\"yes\" data-elementor-lightbox-title=\"10x20 POP-UP 4 COT\u00c9S FERM\u00c9S 84C-425V01WT BLANC-9\">\n\t\t\t\t\t\t\t<img width=\"300\" height=\"300\" src=\"https:\/\/chapiteauexpress.com\/wp-content\/uploads\/2024\/03\/10x20-POP-UP-4-COTES-FERMES-84C-425V01WT-BLANC-9-300x300.jpg\" class=\"elementor-animation-grow attachment-medium size-medium\" alt=\"\" loading=\"lazy\" srcset=\"https:\/\/chapiteauexpress.com\/wp-content\/uploads\/2024\/03\/10x20-POP-UP-4-COTES-FERMES-84C-425V01WT-BLANC-9-300x300.jpg 300w, https:\/\/chapiteauexpress.com\/wp-content\/uploads\/2024\/03\/10x20-POP-UP-4-COTES-FERMES-84C-425V01WT-BLANC-9-150x150.jpg 150w, https:\/\/chapiteauexpress.com\/wp-content\/uploads\/2024\/03\/10x20-POP-UP-4-COTES-FERMES-84C-425V01WT-BLANC-9-768x768.jpg 768w, https:\/\/chapiteauexpress.com\/wp-content\/uploads\/2024\/03\/10x20-POP-UP-4-COTES-FERMES-84C-425V01WT-BLANC-9.jpg 800w\" sizes=\"(max-width: 300px) 100vw, 300px\" \/>\t\t\t\t\t\t\t\t<\/a>\n\t\t\t\t\t\t\t\t\t\t\t<\/div>\n\t\t\t\t<\/div>\n\t\t\t\t<\/div>\n\t\t\t\t\t\t<\/div>\n\t\t\t\t\t<\/div>\n\t\t<\/div>\n\t\t\t\t<div class=\"elementor-column elementor-col-20 elementor-top-column elementor-element elementor-element-f6668c6\" data-id=\"f6668c6\" data-element_type=\"column\">\n\t\t\t<div class=\"elementor-column-wrap elementor-element-populated\">\n\t\t\t\t\t\t\t<div class=\"elementor-widget-wrap\">\n\t\t\t\t\t\t<div class=\"elementor-element elementor-element-c3c8fa2 elementor-widget elementor-widget-image\" data-id=\"c3c8fa2\" data-element_type=\"widget\" data-widget_type=\"image.default\">\n\t\t\t\t<div class=\"elementor-widget-container\">\n\t\t\t\t\t<div class=\"elementor-image\">\n\t\t\t\t\t\t\t\t\t\t\t<a href=\"https:\/\/chapiteauexpress.com\/wp-content\/uploads\/2024\/03\/10x20-POP-UP-4-COTES-FERMES-84C-425V01WT-BLANC-3.jpg\" data-elementor-open-lightbox=\"yes\" data-elementor-lightbox-title=\"10x20 POP-UP 4 COT\u00c9S FERM\u00c9S 84C-425V01WT BLANC-3\">\n\t\t\t\t\t\t\t<img width=\"300\" height=\"300\" src=\"https:\/\/chapiteauexpress.com\/wp-content\/uploads\/2024\/03\/10x20-POP-UP-4-COTES-FERMES-84C-425V01WT-BLANC-3-300x300.jpg\" class=\"elementor-animation-grow attachment-medium size-medium\" alt=\"\" loading=\"lazy\" srcset=\"https:\/\/chapiteauexpress.com\/wp-content\/uploads\/2024\/03\/10x20-POP-UP-4-COTES-FERMES-84C-425V01WT-BLANC-3-300x300.jpg 300w, https:\/\/chapiteauexpress.com\/wp-content\/uploads\/2024\/03\/10x20-POP-UP-4-COTES-FERMES-84C-425V01WT-BLANC-3-150x150.jpg 150w, https:\/\/chapiteauexpress.com\/wp-content\/uploads\/2024\/03\/10x20-POP-UP-4-COTES-FERMES-84C-425V01WT-BLANC-3-768x768.jpg 768w, https:\/\/chapiteauexpress.com\/wp-content\/uploads\/2024\/03\/10x20-POP-UP-4-COTES-FERMES-84C-425V01WT-BLANC-3.jpg 800w\" sizes=\"(max-width: 300px) 100vw, 300px\" \/>\t\t\t\t\t\t\t\t<\/a>\n\t\t\t\t\t\t\t\t\t\t\t<\/div>\n\t\t\t\t<\/div>\n\t\t\t\t<\/div>\n\t\t\t\t\t\t<\/div>\n\t\t\t\t\t<\/div>\n\t\t<\/div>\n\t\t\t\t\t\t\t\t<\/div>\n\t\t\t\t\t<\/div>\n\t\t<\/section>\n\t\t\t\t<section class=\"elementor-section elementor-top-section elementor-element elementor-element-741275d1 elementor-section-boxed elementor-section-height-default elementor-section-height-default\" data-id=\"741275d1\" data-element_type=\"section\">\n\t\t\t\t\t\t<div class=\"elementor-container elementor-column-gap-default\">\n\t\t\t\t\t\t\t<div class=\"elementor-row\">\n\t\t\t\t\t<div class=\"elementor-column elementor-col-100 elementor-top-column elementor-element elementor-element-5a62d222\" data-id=\"5a62d222\" data-element_type=\"column\">\n\t\t\t<div class=\"elementor-column-wrap elementor-element-populated\">\n\t\t\t\t\t\t\t<div class=\"elementor-widget-wrap\">\n\t\t\t\t\t\t<div class=\"elementor-element elementor-element-1a6d923d elementor-widget elementor-widget-heading\" data-id=\"1a6d923d\" data-element_type=\"widget\" data-widget_type=\"heading.default\">\n\t\t\t\t<div class=\"elementor-widget-container\">\n\t\t\t<h3 class=\"elementor-heading-title elementor-size-default\">Caract\u00e9ristiques<\/h3>\t\t<\/div>\n\t\t\t\t<\/div>\n\t\t\t\t\t\t<\/div>\n\t\t\t\t\t<\/div>\n\t\t<\/div>\n\t\t\t\t\t\t\t\t<\/div>\n\t\t\t\t\t<\/div>\n\t\t<\/section>\n\t\t\t\t<section class=\"elementor-section elementor-top-section elementor-element elementor-element-56c8f9fd elementor-section-boxed elementor-section-height-default elementor-section-height-default\" data-id=\"56c8f9fd\" data-element_type=\"section\">\n\t\t\t\t\t\t<div class=\"elementor-container elementor-column-gap-default\">\n\t\t\t\t\t\t\t<div class=\"elementor-row\">\n\t\t\t\t\t<div class=\"elementor-column elementor-col-100 elementor-top-column elementor-element elementor-element-2eae30e2\" data-id=\"2eae30e2\" data-element_type=\"column\">\n\t\t\t<div class=\"elementor-column-wrap elementor-element-populated\">\n\t\t\t\t\t\t\t<div class=\"elementor-widget-wrap\">\n\t\t\t\t\t\t<div class=\"elementor-element elementor-element-1c2a6163 elementor-widget elementor-widget-text-editor\" data-id=\"1c2a6163\" data-element_type=\"widget\" data-widget_type=\"text-editor.default\">\n\t\t\t\t<div class=\"elementor-widget-container\">\n\t\t\t\t\t<div class=\"elementor-text-editor elementor-clearfix\"><ul><li>Tente de f\u00eate 10&rsquo;x20 &lsquo;avec 6 parois amovibles, id\u00e9ale pour une utilisation ext\u00e9rieur comme le march\u00e9s aux puces, etc.<\/li><li>Structure en acier enduit de poudre au fini blanc pour une utilisation de longue dur\u00e9e<\/li><li>Housse oxford durable et r\u00e9sistante \u00e0 l&rsquo;eau avec rev\u00eatement anti-UV bloquant la plupart des rayons nocifs<\/li><li>Parois lat\u00e9rales avec attaches Velcro pour un assemblage et un retrait faciles, 4 avec une grande fen\u00eatre pour une visibilit\u00e9 maximale<\/li><li>2 panneaux lat\u00e9raux avec conception \u00e0 glissi\u00e8re pour une entr\u00e9e et une sortie faciles<\/li><li>6 cordes de traction et 12 piquets de sol inclus, il est fortement recommand\u00e9 d&rsquo;utiliser pour plus de stabilit\u00e9<\/li><li>L\u00e9ger et portable avec sac de transport inclus<\/li><li>Assemblage rapide requis<\/li><\/ul><p>* Remarque: cet article n\u00e9cessite au minimum 2 personnes pour \u00eatre install\u00e9. Veuillez-vous assurer que l&rsquo;article est correctement install\u00e9 et bien ancr\u00e9 pour une efficacit\u00e9 maximale. Il s&rsquo;agit d&rsquo;une tente l\u00e9g\u00e8re et nous ne sommes pas responsables des dommages caus\u00e9s par des conditions m\u00e9t\u00e9orologiques difficiles.<\/p><ul><li>Accessoires:<\/li><li>6 x cordes de traction<\/li><li>12 x piquets de sol<\/li><li>1 x sac de transport noir<\/li><\/ul><\/div>\n\t\t\t\t<\/div>\n\t\t\t\t<\/div>\n\t\t\t\t\t\t<\/div>\n\t\t\t\t\t<\/div>\n\t\t<\/div>\n\t\t\t\t\t\t\t\t<\/div>\n\t\t\t\t\t<\/div>\n\t\t<\/section>\n\t\t\t\t<section class=\"elementor-section elementor-top-section elementor-element elementor-element-1f74df2 elementor-section-boxed elementor-section-height-default elementor-section-height-default\" data-id=\"1f74df2\" data-element_type=\"section\">\n\t\t\t\t\t\t<div class=\"elementor-container elementor-column-gap-default\">\n\t\t\t\t\t\t\t<div class=\"elementor-row\">\n\t\t\t\t\t<div class=\"elementor-column elementor-col-100 elementor-top-column elementor-element elementor-element-29db7ee5\" data-id=\"29db7ee5\" data-element_type=\"column\">\n\t\t\t<div class=\"elementor-column-wrap elementor-element-populated\">\n\t\t\t\t\t\t\t<div class=\"elementor-widget-wrap\">\n\t\t\t\t\t\t<div class=\"elementor-element elementor-element-57cc100a elementor-widget elementor-widget-heading\" data-id=\"57cc100a\" data-element_type=\"widget\" data-widget_type=\"heading.default\">\n\t\t\t\t<div class=\"elementor-widget-container\">\n\t\t\t<h3 class=\"elementor-heading-title elementor-size-default\">Sp\u00e9cifications<\/h3>\t\t<\/div>\n\t\t\t\t<\/div>\n\t\t\t\t\t\t<\/div>\n\t\t\t\t\t<\/div>\n\t\t<\/div>\n\t\t\t\t\t\t\t\t<\/div>\n\t\t\t\t\t<\/div>\n\t\t<\/section>\n\t\t\t\t<section class=\"elementor-section elementor-top-section elementor-element elementor-element-1449f3b3 elementor-section-boxed elementor-section-height-default elementor-section-height-default\" data-id=\"1449f3b3\" data-element_type=\"section\">\n\t\t\t\t\t\t<div class=\"elementor-container elementor-column-gap-default\">\n\t\t\t\t\t\t\t<div class=\"elementor-row\">\n\t\t\t\t\t<div class=\"elementor-column elementor-col-100 elementor-top-column elementor-element elementor-element-768ca4b6\" data-id=\"768ca4b6\" data-element_type=\"column\">\n\t\t\t<div class=\"elementor-column-wrap elementor-element-populated\">\n\t\t\t\t\t\t\t<div class=\"elementor-widget-wrap\">\n\t\t\t\t\t\t<div class=\"elementor-element elementor-element-74e10ffb elementor-widget elementor-widget-text-editor\" data-id=\"74e10ffb\" data-element_type=\"widget\" data-widget_type=\"text-editor.default\">\n\t\t\t\t<div class=\"elementor-widget-container\">\n\t\t\t\t\t<div class=\"elementor-text-editor elementor-clearfix\"><ul><li>Couleur: Blanc<\/li><li>Mat\u00e9riel: Acier et Tissu Oxford<\/li><li>Poids net: 55 lb<\/li><li>Taille globale: 9,8 pi x 19,7 pi<\/li><li>Hauteur de l&rsquo;avant-toit: 6,6 pi<\/li><li>Hauteur du haut: 8,4 pi<\/li><\/ul><\/div>\n\t\t\t\t<\/div>\n\t\t\t\t<\/div>\n\t\t\t\t\t\t<\/div>\n\t\t\t\t\t<\/div>\n\t\t<\/div>\n\t\t\t\t\t\t\t\t<\/div>\n\t\t\t\t\t<\/div>\n\t\t<\/section>\n\t\t\t\t<section class=\"elementor-section elementor-top-section elementor-element elementor-element-647bdec3 elementor-section-boxed elementor-section-height-default elementor-section-height-default\" data-id=\"647bdec3\" data-element_type=\"section\">\n\t\t\t\t\t\t<div class=\"elementor-container elementor-column-gap-default\">\n\t\t\t\t\t\t\t<div class=\"elementor-row\">\n\t\t\t\t\t<div class=\"elementor-column elementor-col-100 elementor-top-column elementor-element elementor-element-45b1e537\" data-id=\"45b1e537\" data-element_type=\"column\">\n\t\t\t<div class=\"elementor-column-wrap elementor-element-populated\">\n\t\t\t\t\t\t\t<div class=\"elementor-widget-wrap\">\n\t\t\t\t\t\t<div class=\"elementor-element elementor-element-22f42ef6 elementor-widget elementor-widget-text-editor\" data-id=\"22f42ef6\" data-element_type=\"widget\" data-widget_type=\"text-editor.default\">\n\t\t\t\t<div class=\"elementor-widget-container\">\n\t\t\t\t\t<div class=\"elementor-text-editor elementor-clearfix\"><p><strong>Remarque: veuillez vous assurer que l&rsquo;article est correctement install\u00e9 et fermement ancr\u00e9 pour une efficacit\u00e9 maximale.<\/strong><\/p><\/div>\n\t\t\t\t<\/div>\n\t\t\t\t<\/div>\n\t\t\t\t\t\t<\/div>\n\t\t\t\t\t<\/div>\n\t\t<\/div>\n\t\t\t\t\t\t\t\t<\/div>\n\t\t\t\t\t<\/div>\n\t\t<\/section>\n\t\t\t\t<section class=\"elementor-section elementor-top-section elementor-element elementor-element-48c6112e elementor-section-boxed elementor-section-height-default elementor-section-height-default\" data-id=\"48c6112e\" data-element_type=\"section\">\n\t\t\t\t\t\t<div class=\"elementor-container elementor-column-gap-default\">\n\t\t\t\t\t\t\t<div class=\"elementor-row\">\n\t\t\t\t\t<div class=\"elementor-column elementor-col-100 elementor-top-column elementor-element elementor-element-5bea53be\" data-id=\"5bea53be\" data-element_type=\"column\">\n\t\t\t<div class=\"elementor-column-wrap elementor-element-populated\">\n\t\t\t\t\t\t\t<div class=\"elementor-widget-wrap\">\n\t\t\t\t\t\t<div class=\"elementor-element elementor-element-21b396d3 elementor-widget elementor-widget-text-editor\" data-id=\"21b396d3\" data-element_type=\"widget\" data-widget_type=\"text-editor.default\">\n\t\t\t\t<div class=\"elementor-widget-container\">\n\t\t\t\t\t<div class=\"elementor-text-editor elementor-clearfix\"><p>Chapiteau Express n&rsquo;est pas responsable de tous dommages caus\u00e9s si le chapiteau est laiss\u00e9 expos\u00e9 \u00e0 des conditions m\u00e9t\u00e9orologiques inad\u00e9quates (pluie, neige ou \u00e0 des vents extr\u00eames). Vente finale, pas de garantie, retour ou \u00e9change. Nous vous remercions de votre confiance.<\/p><\/div>\n\t\t\t\t<\/div>\n\t\t\t\t<\/div>\n\t\t\t\t\t\t<\/div>\n\t\t\t\t\t<\/div>\n\t\t<\/div>\n\t\t\t\t\t\t\t\t<\/div>\n\t\t\t\t\t<\/div>\n\t\t<\/section>\n\t\t\t\t<section class=\"elementor-section elementor-top-section elementor-element elementor-element-5ecb35a3 elementor-section-boxed elementor-section-height-default elementor-section-height-default\" data-id=\"5ecb35a3\" data-element_type=\"section\">\n\t\t\t\t\t\t<div class=\"elementor-container elementor-column-gap-default\">\n\t\t\t\t\t\t\t<div class=\"elementor-row\">\n\t\t\t\t\t<div class=\"elementor-column elementor-col-100 elementor-top-column elementor-element elementor-element-189edfbc\" data-id=\"189edfbc\" data-element_type=\"column\">\n\t\t\t<div class=\"elementor-column-wrap elementor-element-populated\">\n\t\t\t\t\t\t\t<div class=\"elementor-widget-wrap\">\n\t\t\t\t\t\t<div class=\"elementor-element elementor-element-73397f96 elementor-widget elementor-widget-spacer\" data-id=\"73397f96\" data-element_type=\"widget\" data-widget_type=\"spacer.default\">\n\t\t\t\t<div class=\"elementor-widget-container\">\n\t\t\t\t\t<div class=\"elementor-spacer\">\n\t\t\t<div class=\"elementor-spacer-inner\"><\/div>\n\t\t<\/div>\n\t\t\t\t<\/div>\n\t\t\t\t<\/div>\n\t\t\t\t\t\t<\/div>\n\t\t\t\t\t<\/div>\n\t\t<\/div>\n\t\t\t\t\t\t\t\t<\/div>\n\t\t\t\t\t<\/div>\n\t\t<\/section>\n\t\t\t\t\t\t<\/div>\n\t\t\t\t\t\t<\/div>\n\t\t\t\t\t<\/div>\n\t\t","protected":false},"excerpt":{"rendered":"<p>Chapiteau 10X20 Pop-Up Ferm\u00e9 Blanc Prix : 335,00$ Caract\u00e9ristiques Tente de f\u00eate 10&rsquo;x20 &lsquo;avec 6 parois amovibles, id\u00e9ale pour une utilisation ext\u00e9rieur comme le march\u00e9s aux puces, etc. Structure en acier enduit de poudre au&hellip;<\/p>\n","protected":false},"author":1,"featured_media":0,"parent":447,"menu_order":0,"comment_status":"closed","ping_status":"closed","template":"template-parts\/template-page-builders.php","meta":[],"_links":{"self":[{"href":"https:\/\/chapiteauexpress.com\/index.php?rest_route=\/wp\/v2\/pages\/1012"}],"collection":[{"href":"https:\/\/chapiteauexpress.com\/index.php?rest_route=\/wp\/v2\/pages"}],"about":[{"href":"https:\/\/chapiteauexpress.com\/index.php?rest_route=\/wp\/v2\/types\/page"}],"author":[{"embeddable":true,"href":"https:\/\/chapiteauexpress.com\/index.php?rest_route=\/wp\/v2\/users\/1"}],"replies":[{"embeddable":true,"href":"https:\/\/chapiteauexpress.com\/index.php?rest_route=%2Fwp%2Fv2%2Fcomments&post=1012"}],"version-history":[{"count":27,"href":"https:\/\/chapiteauexpress.com\/index.php?rest_route=\/wp\/v2\/pages\/1012\/revisions"}],"predecessor-version":[{"id":2434,"href":"https:\/\/chapiteauexpress.com\/index.php?rest_route=\/wp\/v2\/pages\/1012\/revisions\/2434"}],"up":[{"embeddable":true,"href":"https:\/\/chapiteauexpress.com\/index.php?rest_route=\/wp\/v2\/pages\/447"}],"wp:attachment":[{"href":"https:\/\/chapiteauexpress.com\/index.php?rest_route=%2Fwp%2Fv2%2Fmedia&parent=1012"}],"curies":[{"name":"wp","href":"https:\/\/api.w.org\/{rel}","templated":true}]}}